{"id":706019,"date":"2025-08-27T15:51:31","date_gmt":"2025-08-27T12:51:31","guid":{"rendered":"https:\/\/roveyayinevi.com.tr\/index.php\/urun\/albumlere-karismak\/"},"modified":"2025-11-19T15:50:58","modified_gmt":"2025-11-19T12:50:58","slug":"albumlere-karismak","status":"publish","type":"product","link":"https:\/\/roveyayinevi.com.tr\/index.php\/urun\/albumlere-karismak\/","title":{"rendered":"Alb\u00fcmlere Kar\u0131\u015fmak"},"content":{"rendered":"<p>Alb\u00fcmlere Kar\u0131\u015fmak, kimi \u015fiirleri Demokrat \u0130zmir, Denge, Dost, D\u00f6neme\u00e7, Ege Ekspres, Ege Sanat, Evrim, G\u00fcney, H\u00e2kimiyet Sanat, Hisar, \u0130z, Ota\u011f, \u00d6z\u00fcn, Sanat, Sanat Olay\u0131, Son \u00c7a\u011f, Tasvir, T\u00fcrk Dili, Varl\u0131k, Yans\u0131ma, Yeditepe, Yusuf\u00e7uk ve Zeren edebiyat dergileri ile gazetelerinde yay\u0131mlanan, kimi g\u00fcfteleri ise Avni An\u0131l, Ali R\u0131za Avni, Zekai Tunca ve Kerem G\u00fcney gibi \u00fcstatlar taraf\u0131ndan bestelenen Ayd\u0131n Yalkut\u2019un ilk ve tek \u015fiir se\u00e7kisidir. <\/p>\n","protected":false},"excerpt":{"rendered":"<p>Alb\u00fcmlere Kar\u0131\u015fmak, kimi \u015fiirleri Demokrat \u0130zmir, Denge, Dost, D\u00f6neme\u00e7, Ege Ekspres, Ege Sanat, Evrim, G\u00fcney, H\u00e2kimiyet Sanat, Hisar, \u0130z, Ota\u011f, \u00d6z\u00fcn, Sanat, Sanat Olay\u0131, Son \u00c7a\u011f,<span class=\"excerpt-hellip\"> [\u2026]<\/span><\/p>\n","protected":false},"featured_media":0,"template":"","meta":{"_monsterinsights_skip_tracking":false,"_monsterinsights_sitenote_active":false,"_monsterinsights_sitenote_note":"","_monsterinsights_sitenote_category":0},"product_brand":[],"product_cat":[12777,12291],"product_tag":[],"class_list":{"0":"post-706019","1":"product","2":"type-product","3":"status-publish","5":"product_cat-deneme","6":"product_cat-edebiyat","7":"pa_tur-kitap","8":"pa_yayinevi-destek-yayinlari","9":"pa_yazar-aydin-yalkut","11":"first","12":"instock","13":"sale","14":"shipping-taxable","15":"purchasable","16":"product-type-simple"},"_links":{"self":[{"href":"https:\/\/roveyayinevi.com.tr\/index.php\/wp-json\/wp\/v2\/product\/706019","targetHints":{"allow":["GET"]}}],"collection":[{"href":"https:\/\/roveyayinevi.com.tr\/index.php\/wp-json\/wp\/v2\/product"}],"about":[{"href":"https:\/\/roveyayinevi.com.tr\/index.php\/wp-json\/wp\/v2\/types\/product"}],"wp:attachment":[{"href":"https:\/\/roveyayinevi.com.tr\/index.php\/wp-json\/wp\/v2\/media?parent=706019"}],"wp:term":[{"taxonomy":"product_brand","embeddable":true,"href":"https:\/\/roveyayinevi.com.tr\/index.php\/wp-json\/wp\/v2\/product_brand?post=706019"},{"taxonomy":"product_cat","embeddable":true,"href":"https:\/\/roveyayinevi.com.tr\/index.php\/wp-json\/wp\/v2\/product_cat?post=706019"},{"taxonomy":"product_tag","embeddable":true,"href":"https:\/\/roveyayinevi.com.tr\/index.php\/wp-json\/wp\/v2\/product_tag?post=706019"}],"curies":[{"name":"wp","href":"https:\/\/api.w.org\/{rel}","templated":true}]}}