{"id":706018,"date":"2025-08-27T15:51:30","date_gmt":"2025-08-27T12:51:30","guid":{"rendered":"https:\/\/roveyayinevi.com.tr\/index.php\/urun\/buzdolabinin-sirri\/"},"modified":"2026-04-12T02:17:30","modified_gmt":"2026-04-11T23:17:30","slug":"buzdolabinin-sirri","status":"publish","type":"product","link":"https:\/\/roveyayinevi.com.tr\/index.php\/urun\/buzdolabinin-sirri\/","title":{"rendered":"Buzdolab\u0131n\u0131n S\u0131rr\u0131"},"content":{"rendered":"<p>Bug ve Dilan, yeni ta\u015f\u0131nd\u0131klar\u0131 1920&#8217;lerden kalma evde mutfa\u011f\u0131n bir k\u00f6\u015fesinde duran buzdolab\u0131nda bir gariplik oldu\u011funu fark ederler. \u0130ki karde\u015f, buzdolab\u0131n\u0131n neredeyse onlarla ileti\u015fime ge\u00e7mek, bir \u015feyler s\u00f6ylemek istedi\u011fini d\u00fc\u015f\u00fcn\u00fcr. Acaba eve yerle\u015firken dolapta g\u00f6rd\u00fckleri yo\u011furtlar kar\u0131n doyurmaktan ba\u015fka bir i\u015fe de yar\u0131yor olabilir mi dersiniz? \ufffcTan\u0131t\u0131m Metni<\/p>\n","protected":false},"excerpt":{"rendered":"<p>Bug ve Dilan, yeni ta\u015f\u0131nd\u0131klar\u0131 1920&#8217;lerden kalma evde mutfa\u011f\u0131n bir k\u00f6\u015fesinde duran buzdolab\u0131nda bir gariplik oldu\u011funu fark ederler. \u0130ki karde\u015f, buzdolab\u0131n\u0131n neredeyse onlarla ileti\u015fime ge\u00e7mek, bir<span class=\"excerpt-hellip\"> [\u2026]<\/span><\/p>\n","protected":false},"featured_media":0,"template":"","meta":{"_monsterinsights_skip_tracking":false,"_monsterinsights_sitenote_active":false,"_monsterinsights_sitenote_note":"","_monsterinsights_sitenote_category":0},"product_brand":[],"product_cat":[12274,12284],"product_tag":[],"class_list":{"0":"post-706018","1":"product","2":"type-product","3":"status-publish","5":"product_cat-cocuk-ve-genclik-kitaplari","6":"product_cat-hikayeler","7":"pa_cilt-ciltsiz","8":"pa_tur-kitap","9":"pa_yayinevi-fom-kitap","10":"pa_yazar-fleur-hitchcock","12":"first","13":"instock","14":"sale","15":"shipping-taxable","16":"purchasable","17":"product-type-simple"},"_links":{"self":[{"href":"https:\/\/roveyayinevi.com.tr\/index.php\/wp-json\/wp\/v2\/product\/706018","targetHints":{"allow":["GET"]}}],"collection":[{"href":"https:\/\/roveyayinevi.com.tr\/index.php\/wp-json\/wp\/v2\/product"}],"about":[{"href":"https:\/\/roveyayinevi.com.tr\/index.php\/wp-json\/wp\/v2\/types\/product"}],"wp:attachment":[{"href":"https:\/\/roveyayinevi.com.tr\/index.php\/wp-json\/wp\/v2\/media?parent=706018"}],"wp:term":[{"taxonomy":"product_brand","embeddable":true,"href":"https:\/\/roveyayinevi.com.tr\/index.php\/wp-json\/wp\/v2\/product_brand?post=706018"},{"taxonomy":"product_cat","embeddable":true,"href":"https:\/\/roveyayinevi.com.tr\/index.php\/wp-json\/wp\/v2\/product_cat?post=706018"},{"taxonomy":"product_tag","embeddable":true,"href":"https:\/\/roveyayinevi.com.tr\/index.php\/wp-json\/wp\/v2\/product_tag?post=706018"}],"curies":[{"name":"wp","href":"https:\/\/api.w.org\/{rel}","templated":true}]}}