{"id":706014,"date":"2025-08-27T15:51:29","date_gmt":"2025-08-27T12:51:29","guid":{"rendered":"https:\/\/roveyayinevi.com.tr\/index.php\/urun\/adindan-belli-kuslar-koyu\/"},"modified":"2026-04-16T02:14:35","modified_gmt":"2026-04-15T23:14:35","slug":"adindan-belli-kuslar-koyu","status":"publish","type":"product","link":"https:\/\/roveyayinevi.com.tr\/index.php\/urun\/adindan-belli-kuslar-koyu\/","title":{"rendered":"Ad\u0131ndan Belli Ku\u015flar K\u00f6y\u00fc"},"content":{"rendered":"<p>Toprak I\u015f\u0131k\u2019tan Ku\u015flar K\u00f6y\u00fc\u2019ne do\u011fru macera dolu bir ser\u00fcven\u2026Herkesin \u2018ad\u0131ndan belli oldu\u011fu bir ku\u015flar k\u00f6y\u00fc\u2019 d\u00fc\u015f\u00fcn\u00fcn: A\u015fa\u011f\u0131 D\u00fcnya\u2019da Merakl\u0131kanat, Endi\u015felikanat, Kuralc\u0131kanat, Han\u0131mninekanat, B\u00fclb\u00fclkanat, Macerac\u0131kanat ve daha nicelerinin ya\u015fad\u0131\u011f\u0131, hi\u00e7bir tren, otob\u00fcs ya da u\u00e7a\u011f\u0131n u\u011framad\u0131\u011f\u0131 ilgin\u00e7 bir yer\u2026Bir g\u00fcn, Ya\u011f\u0131zlar K\u00f6y\u00fc\u2019nde ya\u015fayan yedi afacan\u0131n yolu hi\u00e7 istemeden bu k\u00f6ye d\u00fc\u015fer. Yaramazlar, nas\u0131l gittiklerini bilmedikleri bu yerden nas\u0131l d\u00f6neceklerini de bilemezler haliyle\u2026Ve kendi d\u00fcnyalar\u0131na d\u00f6nebilmek i\u00e7in Gezgin Karga\u2019n\u0131n ve Masalc\u0131 Peri\u2019nin pe\u015fine d\u00fc\u015ferler\u2026<\/p>\n","protected":false},"excerpt":{"rendered":"<p>Toprak I\u015f\u0131k\u2019tan Ku\u015flar K\u00f6y\u00fc\u2019ne do\u011fru macera dolu bir ser\u00fcven\u2026Herkesin \u2018ad\u0131ndan belli oldu\u011fu bir ku\u015flar k\u00f6y\u00fc\u2019 d\u00fc\u015f\u00fcn\u00fcn: A\u015fa\u011f\u0131 D\u00fcnya\u2019da Merakl\u0131kanat, Endi\u015felikanat, Kuralc\u0131kanat, Han\u0131mninekanat, B\u00fclb\u00fclkanat, Macerac\u0131kanat ve daha<span class=\"excerpt-hellip\"> [\u2026]<\/span><\/p>\n","protected":false},"featured_media":0,"template":"","meta":{"_monsterinsights_skip_tracking":false,"_monsterinsights_sitenote_active":false,"_monsterinsights_sitenote_note":"","_monsterinsights_sitenote_category":0},"product_brand":[],"product_cat":[12274,12523],"product_tag":[],"class_list":{"0":"post-706014","1":"product","2":"type-product","3":"status-publish","5":"product_cat-cocuk-ve-genclik-kitaplari","6":"product_cat-masallar","7":"pa_cilt-ciltsiz","8":"pa_tur-kitap","9":"pa_yayinevi-tudem-yayinlari","10":"pa_yazar-toprak-isik","12":"first","13":"instock","14":"sale","15":"shipping-taxable","16":"purchasable","17":"product-type-simple"},"_links":{"self":[{"href":"https:\/\/roveyayinevi.com.tr\/index.php\/wp-json\/wp\/v2\/product\/706014","targetHints":{"allow":["GET"]}}],"collection":[{"href":"https:\/\/roveyayinevi.com.tr\/index.php\/wp-json\/wp\/v2\/product"}],"about":[{"href":"https:\/\/roveyayinevi.com.tr\/index.php\/wp-json\/wp\/v2\/types\/product"}],"wp:attachment":[{"href":"https:\/\/roveyayinevi.com.tr\/index.php\/wp-json\/wp\/v2\/media?parent=706014"}],"wp:term":[{"taxonomy":"product_brand","embeddable":true,"href":"https:\/\/roveyayinevi.com.tr\/index.php\/wp-json\/wp\/v2\/product_brand?post=706014"},{"taxonomy":"product_cat","embeddable":true,"href":"https:\/\/roveyayinevi.com.tr\/index.php\/wp-json\/wp\/v2\/product_cat?post=706014"},{"taxonomy":"product_tag","embeddable":true,"href":"https:\/\/roveyayinevi.com.tr\/index.php\/wp-json\/wp\/v2\/product_tag?post=706014"}],"curies":[{"name":"wp","href":"https:\/\/api.w.org\/{rel}","templated":true}]}}