{"id":706013,"date":"2025-08-27T15:51:28","date_gmt":"2025-08-27T12:51:28","guid":{"rendered":"https:\/\/roveyayinevi.com.tr\/index.php\/urun\/11-yas-gunu\/"},"modified":"2026-04-16T02:14:35","modified_gmt":"2026-04-15T23:14:35","slug":"11-yas-gunu","status":"publish","type":"product","link":"https:\/\/roveyayinevi.com.tr\/index.php\/urun\/11-yas-gunu\/","title":{"rendered":"11 Ya\u015f G\u00fcn\u00fc"},"content":{"rendered":"<p>Birinci ya\u015f g\u00fcnlerinde, y\u00fcr\u00fcmeyi \u00f6\u011frendiler. Be\u015finci ya\u015f g\u00fcnlerinde, kendi elleriyle yapt\u0131klar\u0131 saks\u0131lara tohum ektiler. Onuncu ya\u015f g\u00fcnlerinde ise baz\u0131 s\u00f6zlerin asla geri al\u0131namayaca\u011f\u0131n\u0131 g\u00f6rd\u00fcler. \ufffcTan\u0131t\u0131m Metni<\/p>\n","protected":false},"excerpt":{"rendered":"<p>Birinci ya\u015f g\u00fcnlerinde, y\u00fcr\u00fcmeyi \u00f6\u011frendiler. Be\u015finci ya\u015f g\u00fcnlerinde, kendi elleriyle yapt\u0131klar\u0131 saks\u0131lara tohum ektiler. Onuncu ya\u015f g\u00fcnlerinde ise baz\u0131 s\u00f6zlerin asla geri al\u0131namayaca\u011f\u0131n\u0131 g\u00f6rd\u00fcler. \ufffcTan\u0131t\u0131m Metni<\/p>\n","protected":false},"featured_media":0,"template":"","meta":{"_monsterinsights_skip_tracking":false,"_monsterinsights_sitenote_active":false,"_monsterinsights_sitenote_note":"","_monsterinsights_sitenote_category":0},"product_brand":[],"product_cat":[12274,12284],"product_tag":[],"class_list":{"0":"post-706013","1":"product","2":"type-product","3":"status-publish","5":"product_cat-cocuk-ve-genclik-kitaplari","6":"product_cat-hikayeler","7":"pa_tur-kitap","8":"pa_yayinevi-tudem-yayinlari","9":"pa_yazar-wendy-mass","11":"first","12":"instock","13":"sale","14":"shipping-taxable","15":"purchasable","16":"product-type-simple"},"_links":{"self":[{"href":"https:\/\/roveyayinevi.com.tr\/index.php\/wp-json\/wp\/v2\/product\/706013","targetHints":{"allow":["GET"]}}],"collection":[{"href":"https:\/\/roveyayinevi.com.tr\/index.php\/wp-json\/wp\/v2\/product"}],"about":[{"href":"https:\/\/roveyayinevi.com.tr\/index.php\/wp-json\/wp\/v2\/types\/product"}],"wp:attachment":[{"href":"https:\/\/roveyayinevi.com.tr\/index.php\/wp-json\/wp\/v2\/media?parent=706013"}],"wp:term":[{"taxonomy":"product_brand","embeddable":true,"href":"https:\/\/roveyayinevi.com.tr\/index.php\/wp-json\/wp\/v2\/product_brand?post=706013"},{"taxonomy":"product_cat","embeddable":true,"href":"https:\/\/roveyayinevi.com.tr\/index.php\/wp-json\/wp\/v2\/product_cat?post=706013"},{"taxonomy":"product_tag","embeddable":true,"href":"https:\/\/roveyayinevi.com.tr\/index.php\/wp-json\/wp\/v2\/product_tag?post=706013"}],"curies":[{"name":"wp","href":"https:\/\/api.w.org\/{rel}","templated":true}]}}