{"id":706011,"date":"2025-08-27T15:51:27","date_gmt":"2025-08-27T12:51:27","guid":{"rendered":"https:\/\/roveyayinevi.com.tr\/index.php\/urun\/analitik-psikoloji-uzerine-iki-deneme\/"},"modified":"2026-04-16T02:14:35","modified_gmt":"2026-04-15T23:14:35","slug":"analitik-psikoloji-uzerine-iki-deneme","status":"publish","type":"product","link":"https:\/\/roveyayinevi.com.tr\/index.php\/urun\/analitik-psikoloji-uzerine-iki-deneme\/","title":{"rendered":"Analitik Psikoloji \u00dczerine \u0130ki Deneme"},"content":{"rendered":"<p>Bu kitap, belki de Jung\u2019un \u00e7al\u0131\u015fmalar\u0131na en iyi giri\u015f niteli\u011fi ta\u015f\u0131maktad\u0131r. \u201cBilin\u00e7d\u0131\u015f\u0131 Psikolojisi\u201d ve \u201cBen ve Bilin\u00e7d\u0131\u015f\u0131\u201d adl\u0131 iki deneme Jung\u2019un sisteminin ana hatlar\u0131n\u0131 sunar. Tarihsel a\u00e7\u0131dan da Jung\u2019un Freud\u2019la olan yak\u0131n i\u015fbirli\u011finin nas\u0131l son buldu\u011funu g\u00f6sterir. \u00d6te yandan Freudcu ve Adlerci psikoloji okullar\u0131na dair anla\u015f\u0131l\u0131r bir \u00e7er\u00e7eve sunar. <\/p>\n","protected":false},"excerpt":{"rendered":"<p>Bu kitap, belki de Jung\u2019un \u00e7al\u0131\u015fmalar\u0131na en iyi giri\u015f niteli\u011fi ta\u015f\u0131maktad\u0131r. \u201cBilin\u00e7d\u0131\u015f\u0131 Psikolojisi\u201d ve \u201cBen ve Bilin\u00e7d\u0131\u015f\u0131\u201d adl\u0131 iki deneme Jung\u2019un sisteminin ana hatlar\u0131n\u0131 sunar. Tarihsel<span class=\"excerpt-hellip\"> [\u2026]<\/span><\/p>\n","protected":false},"featured_media":0,"template":"","meta":{"_monsterinsights_skip_tracking":false,"_monsterinsights_sitenote_active":false,"_monsterinsights_sitenote_note":"","_monsterinsights_sitenote_category":0},"product_brand":[],"product_cat":[20502,12357],"product_tag":[],"class_list":{"0":"post-706011","1":"product","2":"type-product","3":"status-publish","5":"product_cat-basvuru-kitaplari-psikoloji","6":"product_cat-psikoloji","7":"pa_cilt-ciltsiz","8":"pa_tur-kitap","9":"pa_yayinevi-pinhan-yayincilik","10":"pa_yazar-carl-gustav-jung","12":"first","13":"instock","14":"sale","15":"shipping-taxable","16":"purchasable","17":"product-type-simple"},"_links":{"self":[{"href":"https:\/\/roveyayinevi.com.tr\/index.php\/wp-json\/wp\/v2\/product\/706011","targetHints":{"allow":["GET"]}}],"collection":[{"href":"https:\/\/roveyayinevi.com.tr\/index.php\/wp-json\/wp\/v2\/product"}],"about":[{"href":"https:\/\/roveyayinevi.com.tr\/index.php\/wp-json\/wp\/v2\/types\/product"}],"wp:attachment":[{"href":"https:\/\/roveyayinevi.com.tr\/index.php\/wp-json\/wp\/v2\/media?parent=706011"}],"wp:term":[{"taxonomy":"product_brand","embeddable":true,"href":"https:\/\/roveyayinevi.com.tr\/index.php\/wp-json\/wp\/v2\/product_brand?post=706011"},{"taxonomy":"product_cat","embeddable":true,"href":"https:\/\/roveyayinevi.com.tr\/index.php\/wp-json\/wp\/v2\/product_cat?post=706011"},{"taxonomy":"product_tag","embeddable":true,"href":"https:\/\/roveyayinevi.com.tr\/index.php\/wp-json\/wp\/v2\/product_tag?post=706011"}],"curies":[{"name":"wp","href":"https:\/\/api.w.org\/{rel}","templated":true}]}}