{"id":706009,"date":"2025-08-27T15:51:27","date_gmt":"2025-08-27T12:51:27","guid":{"rendered":"https:\/\/roveyayinevi.com.tr\/index.php\/urun\/iyilik-yapmak-ne-guzel\/"},"modified":"2026-04-16T02:14:35","modified_gmt":"2026-04-15T23:14:35","slug":"iyilik-yapmak-ne-guzel","status":"publish","type":"product","link":"https:\/\/roveyayinevi.com.tr\/index.php\/urun\/iyilik-yapmak-ne-guzel\/","title":{"rendered":"\u0130yilik Yapmak Ne G\u00fczel"},"content":{"rendered":"<p>Beynimizin fizik b\u00f6l\u00fcm\u00fc 0-8 ya\u015f aras\u0131nda aktif olarak \u00e7al\u0131\u015f\u0131r. Bu ya\u015flarda her \u015feyi uygulayarak \u00f6\u011frenir, uygulanan davran\u0131\u015flar\u0131 da taklit ederek i\u00e7selle\u015ftiririz. Bu do\u011frultuda haz\u0131rlanan Masallarla G\u00f6rg\u00fc Kurallar\u0131 dizimizde, okurlar\u0131n do\u011fru modelleri g\u00f6rmesi i\u00e7in birbirinden keyifli masallar, i\u00e7selle\u015ftirmeleri i\u00e7in de bir\u00e7ok farkl\u0131 \u00e7e\u015fitte etkinlikler, bulmacalar, oyunlar yer al\u0131yor. \ufffcTan\u0131t\u0131m Metni<\/p>\n","protected":false},"excerpt":{"rendered":"<p>Beynimizin fizik b\u00f6l\u00fcm\u00fc 0-8 ya\u015f aras\u0131nda aktif olarak \u00e7al\u0131\u015f\u0131r. Bu ya\u015flarda her \u015feyi uygulayarak \u00f6\u011frenir, uygulanan davran\u0131\u015flar\u0131 da taklit ederek i\u00e7selle\u015ftiririz. Bu do\u011frultuda haz\u0131rlanan Masallarla G\u00f6rg\u00fc<span class=\"excerpt-hellip\"> [\u2026]<\/span><\/p>\n","protected":false},"featured_media":0,"template":"","meta":{"_monsterinsights_skip_tracking":false,"_monsterinsights_sitenote_active":false,"_monsterinsights_sitenote_note":"","_monsterinsights_sitenote_category":0},"product_brand":[],"product_cat":[12492,12274],"product_tag":[],"class_list":{"0":"post-706009","1":"product","2":"type-product","3":"status-publish","5":"product_cat-bilmece-bulmaca","6":"product_cat-cocuk-ve-genclik-kitaplari","7":"pa_cilt-ciltsiz","8":"pa_tur-kitap","9":"pa_yayinevi-timas-cocuk","10":"pa_yazar-munire-safak","12":"first","13":"instock","14":"sale","15":"shipping-taxable","16":"purchasable","17":"product-type-simple"},"_links":{"self":[{"href":"https:\/\/roveyayinevi.com.tr\/index.php\/wp-json\/wp\/v2\/product\/706009","targetHints":{"allow":["GET"]}}],"collection":[{"href":"https:\/\/roveyayinevi.com.tr\/index.php\/wp-json\/wp\/v2\/product"}],"about":[{"href":"https:\/\/roveyayinevi.com.tr\/index.php\/wp-json\/wp\/v2\/types\/product"}],"wp:attachment":[{"href":"https:\/\/roveyayinevi.com.tr\/index.php\/wp-json\/wp\/v2\/media?parent=706009"}],"wp:term":[{"taxonomy":"product_brand","embeddable":true,"href":"https:\/\/roveyayinevi.com.tr\/index.php\/wp-json\/wp\/v2\/product_brand?post=706009"},{"taxonomy":"product_cat","embeddable":true,"href":"https:\/\/roveyayinevi.com.tr\/index.php\/wp-json\/wp\/v2\/product_cat?post=706009"},{"taxonomy":"product_tag","embeddable":true,"href":"https:\/\/roveyayinevi.com.tr\/index.php\/wp-json\/wp\/v2\/product_tag?post=706009"}],"curies":[{"name":"wp","href":"https:\/\/api.w.org\/{rel}","templated":true}]}}