{"id":706008,"date":"2025-08-27T15:51:26","date_gmt":"2025-08-27T12:51:26","guid":{"rendered":"https:\/\/roveyayinevi.com.tr\/index.php\/urun\/turkiye-cumhuriyeti-kurulus-2-isgaller-ve-direnis\/"},"modified":"2026-04-16T02:14:35","modified_gmt":"2026-04-15T23:14:35","slug":"turkiye-cumhuriyeti-kurulus-2-isgaller-ve-direnis","status":"publish","type":"product","link":"https:\/\/roveyayinevi.com.tr\/index.php\/urun\/turkiye-cumhuriyeti-kurulus-2-isgaller-ve-direnis\/","title":{"rendered":"T\u00fcrkiye Cumhuriyeti: Kurulu\u015f 2- \u0130\u015fgaller ve Direni\u015f"},"content":{"rendered":"<p>Bu dizide, I. D\u00fcnya Sava\u015f\u0131&#8217;ndan sonra i\u015fgale u\u011fram\u0131\u015f topraklar\u0131m\u0131z\u0131, d\u00fc\u015fmandan kurtarmak i\u00e7in m\u00fccadele eden milletimizin azmine tan\u0131k olacaks\u0131n\u0131z. Bug\u00fcne gelmek i\u00e7in ya\u015fanan zorluklar\u0131 g\u00f6recek, gelece\u011fe uzanan yolda daha bilin\u00e7li y\u00fcr\u00fcyeceksiniz. \ufffcTan\u0131t\u0131m Metni<\/p>\n","protected":false},"excerpt":{"rendered":"<p>Bu dizide, I. D\u00fcnya Sava\u015f\u0131&#8217;ndan sonra i\u015fgale u\u011fram\u0131\u015f topraklar\u0131m\u0131z\u0131, d\u00fc\u015fmandan kurtarmak i\u00e7in m\u00fccadele eden milletimizin azmine tan\u0131k olacaks\u0131n\u0131z. Bug\u00fcne gelmek i\u00e7in ya\u015fanan zorluklar\u0131 g\u00f6recek, gelece\u011fe uzanan<span class=\"excerpt-hellip\"> [\u2026]<\/span><\/p>\n","protected":false},"featured_media":0,"template":"","meta":{"_monsterinsights_skip_tracking":false,"_monsterinsights_sitenote_active":false,"_monsterinsights_sitenote_note":"","_monsterinsights_sitenote_category":0},"product_brand":[],"product_cat":[12492,12274],"product_tag":[],"class_list":{"0":"post-706008","1":"product","2":"type-product","3":"status-publish","5":"product_cat-bilmece-bulmaca","6":"product_cat-cocuk-ve-genclik-kitaplari","7":"pa_cilt-ciltsiz","8":"pa_tur-kitap","9":"pa_yayinevi-timas-cocuk","10":"pa_yazar-metin-ozdamarlar","12":"first","13":"instock","14":"sale","15":"shipping-taxable","16":"purchasable","17":"product-type-simple"},"_links":{"self":[{"href":"https:\/\/roveyayinevi.com.tr\/index.php\/wp-json\/wp\/v2\/product\/706008","targetHints":{"allow":["GET"]}}],"collection":[{"href":"https:\/\/roveyayinevi.com.tr\/index.php\/wp-json\/wp\/v2\/product"}],"about":[{"href":"https:\/\/roveyayinevi.com.tr\/index.php\/wp-json\/wp\/v2\/types\/product"}],"wp:attachment":[{"href":"https:\/\/roveyayinevi.com.tr\/index.php\/wp-json\/wp\/v2\/media?parent=706008"}],"wp:term":[{"taxonomy":"product_brand","embeddable":true,"href":"https:\/\/roveyayinevi.com.tr\/index.php\/wp-json\/wp\/v2\/product_brand?post=706008"},{"taxonomy":"product_cat","embeddable":true,"href":"https:\/\/roveyayinevi.com.tr\/index.php\/wp-json\/wp\/v2\/product_cat?post=706008"},{"taxonomy":"product_tag","embeddable":true,"href":"https:\/\/roveyayinevi.com.tr\/index.php\/wp-json\/wp\/v2\/product_tag?post=706008"}],"curies":[{"name":"wp","href":"https:\/\/api.w.org\/{rel}","templated":true}]}}