{"id":706007,"date":"2025-08-27T15:51:26","date_gmt":"2025-08-27T12:51:26","guid":{"rendered":"https:\/\/roveyayinevi.com.tr\/index.php\/urun\/kopek-kalbi\/"},"modified":"2026-04-16T02:14:35","modified_gmt":"2026-04-15T23:14:35","slug":"kopek-kalbi","status":"publish","type":"product","link":"https:\/\/roveyayinevi.com.tr\/index.php\/urun\/kopek-kalbi\/","title":{"rendered":"K\u00f6pek Kalbi"},"content":{"rendered":"<p>Bulgakov K\u00f6pek Kalbi\u2019nde sokak k\u00f6pe\u011fi \u015earik\u2019in \u00f6yk\u00fcs\u00fcn\u00fc anlat\u0131r. D\u00fcnya \u00e7ap\u0131nda bir bilim insan\u0131 olan Profes\u00f6r Filipovi\u00e7, evine g\u00f6t\u00fcr\u00fcp besledi\u011fi \u015earik\u2019i ameliyat ederek, er bezlerini ve hipofiz bezini adi bir su\u00e7lununkilerle de\u011fi\u015ftirir. K\u00f6pek ars\u0131z, y\u00fczs\u00fcz, \u015fehvet d\u00fc\u015fk\u00fcn\u00fc ve kaba saba bir insana d\u00f6n\u00fc\u015f\u00fcr. \u015earik insan haliyle profes\u00f6r\u00fcn hayat\u0131n\u0131 cehenneme \u00e7evirse de, Sovyet b\u00fcrokrasisinde kendine bir konum edinebilecektir. \ufffc<\/p>\n","protected":false},"excerpt":{"rendered":"<p>Bulgakov K\u00f6pek Kalbi\u2019nde sokak k\u00f6pe\u011fi \u015earik\u2019in \u00f6yk\u00fcs\u00fcn\u00fc anlat\u0131r. D\u00fcnya \u00e7ap\u0131nda bir bilim insan\u0131 olan Profes\u00f6r Filipovi\u00e7, evine g\u00f6t\u00fcr\u00fcp besledi\u011fi \u015earik\u2019i ameliyat ederek, er bezlerini ve hipofiz<span class=\"excerpt-hellip\"> [\u2026]<\/span><\/p>\n","protected":false},"featured_media":0,"template":"","meta":{"_monsterinsights_skip_tracking":false,"_monsterinsights_sitenote_active":false,"_monsterinsights_sitenote_note":"","_monsterinsights_sitenote_category":0},"product_brand":[],"product_cat":[12291,13570],"product_tag":[],"class_list":{"0":"post-706007","1":"product","2":"type-product","3":"status-publish","5":"product_cat-edebiyat","6":"product_cat-rus-edebiyati","7":"pa_cilt-ciltsiz","8":"pa_tur-kitap","9":"pa_yayinevi-is-bankasi-kultur-yayinlari","10":"pa_yazar-mihail-bulgakov","12":"first","13":"instock","14":"sale","15":"shipping-taxable","16":"purchasable","17":"product-type-simple"},"_links":{"self":[{"href":"https:\/\/roveyayinevi.com.tr\/index.php\/wp-json\/wp\/v2\/product\/706007","targetHints":{"allow":["GET"]}}],"collection":[{"href":"https:\/\/roveyayinevi.com.tr\/index.php\/wp-json\/wp\/v2\/product"}],"about":[{"href":"https:\/\/roveyayinevi.com.tr\/index.php\/wp-json\/wp\/v2\/types\/product"}],"wp:attachment":[{"href":"https:\/\/roveyayinevi.com.tr\/index.php\/wp-json\/wp\/v2\/media?parent=706007"}],"wp:term":[{"taxonomy":"product_brand","embeddable":true,"href":"https:\/\/roveyayinevi.com.tr\/index.php\/wp-json\/wp\/v2\/product_brand?post=706007"},{"taxonomy":"product_cat","embeddable":true,"href":"https:\/\/roveyayinevi.com.tr\/index.php\/wp-json\/wp\/v2\/product_cat?post=706007"},{"taxonomy":"product_tag","embeddable":true,"href":"https:\/\/roveyayinevi.com.tr\/index.php\/wp-json\/wp\/v2\/product_tag?post=706007"}],"curies":[{"name":"wp","href":"https:\/\/api.w.org\/{rel}","templated":true}]}}