{"id":706004,"date":"2025-08-27T15:51:24","date_gmt":"2025-08-27T12:51:24","guid":{"rendered":"https:\/\/roveyayinevi.com.tr\/index.php\/urun\/nida\/"},"modified":"2026-04-16T02:14:35","modified_gmt":"2026-04-15T23:14:35","slug":"nida","status":"publish","type":"product","link":"https:\/\/roveyayinevi.com.tr\/index.php\/urun\/nida\/","title":{"rendered":"Nida"},"content":{"rendered":"<p>Polisle \u00e7at\u0131\u015f\u0131rken bitti galiba \u00e7ocuklu\u011fum ve ilkgen\u00e7li\u011fim Yolda\u015fl\u0131k g\u00fcnleriydi; \u201cKarde\u015fler!\u201d diyordu i\u00e7imizden biri \u201cDa\u011f\u0131n geyi\u011fi, dilin \u015fiiri tan\u0131k olsun; anam\u0131z\u0131n ak s\u00fct\u00fc Tan\u0131k olsun ki hakl\u0131y\u0131z, kazanaca\u011f\u0131z!\u201d Barikat g\u00fcnleriydi. Yaral\u0131 bir karde\u015fi ta\u015f\u0131rken omzumda, cesaret diyordum Sesimde teredd\u00fcts\u00fcz geziniyordu en deli\u015fmen tay Vah\u015fi bir vadiden ak\u0131yorduk toynaklar\u0131m\u0131z kan i\u00e7inde   ! Alev bir nid\u00e2 idik ve arkada\u015fl\u0131k g\u00fcnleriydi   Hayat\u0131n bir hik\u00e2yesi varsa bizimki biraz da bu idi i\u015fte \u00d6l\u00fcm en gencimizden yakalad\u0131, on yedisindeydi \u015eimdi uzun uzun susuyor belle\u011fini yitiren kim varsa \u00c7a\u011f nedir, unutu\u015f ne; zaman bir i\u011fne deli\u011finden ge\u00e7ip Daras\u0131 oluyor birikmi\u015f an\u0131lar\u0131n ve \u00f6l\u00fcmlerin Kekeme bir tarih yaz\u0131c\u0131s\u0131n\u0131n bize ay\u0131rd\u0131\u011f\u0131 sayfada Kanl\u0131 bir nid\u00e2 i\u015faretiyiz, tarihin iml\u00e2s\u0131n\u0131 bozan ! Yaral\u0131 bir nid\u00e2y\u0131z ya\u015fad\u0131\u011f\u0131m\u0131z bu d\u00fcnyada<\/p>\n","protected":false},"excerpt":{"rendered":"<p>Polisle \u00e7at\u0131\u015f\u0131rken bitti galiba \u00e7ocuklu\u011fum ve ilkgen\u00e7li\u011fim Yolda\u015fl\u0131k g\u00fcnleriydi; \u201cKarde\u015fler!\u201d diyordu i\u00e7imizden biri \u201cDa\u011f\u0131n geyi\u011fi, dilin \u015fiiri tan\u0131k olsun; anam\u0131z\u0131n ak s\u00fct\u00fc Tan\u0131k olsun ki hakl\u0131y\u0131z,<span class=\"excerpt-hellip\"> [\u2026]<\/span><\/p>\n","protected":false},"featured_media":0,"template":"","meta":{"_monsterinsights_skip_tracking":false,"_monsterinsights_sitenote_active":false,"_monsterinsights_sitenote_note":"","_monsterinsights_sitenote_category":0},"product_brand":[],"product_cat":[12291,12509],"product_tag":[],"class_list":{"0":"post-706004","1":"product","2":"type-product","3":"status-publish","5":"product_cat-edebiyat","6":"product_cat-siir","7":"pa_cilt-ciltsiz","8":"pa_tur-kitap","9":"pa_yayinevi-everest-yayinlari","10":"pa_yazar-ahmet-telli","12":"first","13":"instock","14":"sale","15":"shipping-taxable","16":"purchasable","17":"product-type-simple"},"_links":{"self":[{"href":"https:\/\/roveyayinevi.com.tr\/index.php\/wp-json\/wp\/v2\/product\/706004","targetHints":{"allow":["GET"]}}],"collection":[{"href":"https:\/\/roveyayinevi.com.tr\/index.php\/wp-json\/wp\/v2\/product"}],"about":[{"href":"https:\/\/roveyayinevi.com.tr\/index.php\/wp-json\/wp\/v2\/types\/product"}],"wp:attachment":[{"href":"https:\/\/roveyayinevi.com.tr\/index.php\/wp-json\/wp\/v2\/media?parent=706004"}],"wp:term":[{"taxonomy":"product_brand","embeddable":true,"href":"https:\/\/roveyayinevi.com.tr\/index.php\/wp-json\/wp\/v2\/product_brand?post=706004"},{"taxonomy":"product_cat","embeddable":true,"href":"https:\/\/roveyayinevi.com.tr\/index.php\/wp-json\/wp\/v2\/product_cat?post=706004"},{"taxonomy":"product_tag","embeddable":true,"href":"https:\/\/roveyayinevi.com.tr\/index.php\/wp-json\/wp\/v2\/product_tag?post=706004"}],"curies":[{"name":"wp","href":"https:\/\/api.w.org\/{rel}","templated":true}]}}