{"id":706002,"date":"2025-08-27T15:51:24","date_gmt":"2025-08-27T12:51:24","guid":{"rendered":"https:\/\/roveyayinevi.com.tr\/index.php\/urun\/hasan-ali-yucel-ve-turk-aydinlanmasi\/"},"modified":"2026-04-16T02:14:35","modified_gmt":"2026-04-15T23:14:35","slug":"hasan-ali-yucel-ve-turk-aydinlanmasi","status":"publish","type":"product","link":"https:\/\/roveyayinevi.com.tr\/index.php\/urun\/hasan-ali-yucel-ve-turk-aydinlanmasi\/","title":{"rendered":"Hasan Ali Y\u00fccel ve T\u00fcrk Ayd\u0131nlanmas\u0131"},"content":{"rendered":"<p>Milletvekili, Milli E\u011fitim Bakan\u0131, Terc\u00fcme B\u00fcrosu ve T\u00fcrkiye \u0130\u015f Bankas\u0131 K\u00fclt\u00fcr Yay\u0131nlar\u0131\u2019n\u0131n kurucusu, K\u00f6y Enstit\u00fcleri\u2019nin fikir babas\u0131, tarih\u00e7i, musiki\u015finas, edebiyat\u00e7\u0131, e\u011fitimci ve gazeteci&#8230; Cumhuriyet tarihinin en \u00f6nemli isimlerinden Hasan-Ali Y\u00fccel\u2019in hemen s\u0131ralanabilecek unvan ve \u00f6zelliklerinden sadece birka\u00e7\u0131.\ufffcTan\u0131t\u0131m Metni<\/p>\n","protected":false},"excerpt":{"rendered":"<p>Milletvekili, Milli E\u011fitim Bakan\u0131, Terc\u00fcme B\u00fcrosu ve T\u00fcrkiye \u0130\u015f Bankas\u0131 K\u00fclt\u00fcr Yay\u0131nlar\u0131\u2019n\u0131n kurucusu, K\u00f6y Enstit\u00fcleri\u2019nin fikir babas\u0131, tarih\u00e7i, musiki\u015finas, edebiyat\u00e7\u0131, e\u011fitimci ve gazeteci&#8230; Cumhuriyet tarihinin en<span class=\"excerpt-hellip\"> [\u2026]<\/span><\/p>\n","protected":false},"featured_media":0,"template":"","meta":{"_monsterinsights_skip_tracking":false,"_monsterinsights_sitenote_active":false,"_monsterinsights_sitenote_note":"","_monsterinsights_sitenote_category":0},"product_brand":[],"product_cat":[14841,13043],"product_tag":[],"class_list":{"0":"post-706002","1":"product","2":"type-product","3":"status-publish","5":"product_cat-arastirma-inceleme-kuram","6":"product_cat-ekonomi","7":"pa_cilt-ciltsiz","8":"pa_tur-kitap","9":"pa_yayinevi-is-bankasi-kultur-yayinlari","10":"pa_yazar-ali-mehmet-celal-sengor","12":"first","13":"instock","14":"sale","15":"shipping-taxable","16":"purchasable","17":"product-type-simple"},"_links":{"self":[{"href":"https:\/\/roveyayinevi.com.tr\/index.php\/wp-json\/wp\/v2\/product\/706002","targetHints":{"allow":["GET"]}}],"collection":[{"href":"https:\/\/roveyayinevi.com.tr\/index.php\/wp-json\/wp\/v2\/product"}],"about":[{"href":"https:\/\/roveyayinevi.com.tr\/index.php\/wp-json\/wp\/v2\/types\/product"}],"wp:attachment":[{"href":"https:\/\/roveyayinevi.com.tr\/index.php\/wp-json\/wp\/v2\/media?parent=706002"}],"wp:term":[{"taxonomy":"product_brand","embeddable":true,"href":"https:\/\/roveyayinevi.com.tr\/index.php\/wp-json\/wp\/v2\/product_brand?post=706002"},{"taxonomy":"product_cat","embeddable":true,"href":"https:\/\/roveyayinevi.com.tr\/index.php\/wp-json\/wp\/v2\/product_cat?post=706002"},{"taxonomy":"product_tag","embeddable":true,"href":"https:\/\/roveyayinevi.com.tr\/index.php\/wp-json\/wp\/v2\/product_tag?post=706002"}],"curies":[{"name":"wp","href":"https:\/\/api.w.org\/{rel}","templated":true}]}}