{"id":706000,"date":"2025-08-27T15:51:23","date_gmt":"2025-08-27T12:51:23","guid":{"rendered":"https:\/\/roveyayinevi.com.tr\/index.php\/urun\/baskanin-ziyafeti-parasizlik-bekar\/"},"modified":"2026-04-16T02:14:35","modified_gmt":"2026-04-15T23:14:35","slug":"baskanin-ziyafeti-parasizlik-bekar","status":"publish","type":"product","link":"https:\/\/roveyayinevi.com.tr\/index.php\/urun\/baskanin-ziyafeti-parasizlik-bekar\/","title":{"rendered":"Ba\u015fkan\u0131n Ziyafeti &#8211; Paras\u0131zl\u0131k &#8211; Bekar"},"content":{"rendered":"<p>\u0130van Sergeyevi\u00e7 Turgenyev (1818-1883): Avrupa\u2019da ve \u00fclkemizde eserleri ilk\u00f6nce \u00e7evrilen 19. y\u00fczy\u0131l Rus yazarlar\u0131ndand\u0131r. D\u00f6neminin Avrupal\u0131 bak\u0131\u015f a\u00e7\u0131s\u0131na sahip tek Rus yazar\u0131 olarak an\u0131l\u0131r. Bu kitapta Turgenyev\u2019in sahne eserlerinin ilk komedi \u00f6rneklerinden olan Ba\u015fkan\u0131n Ziyafeti (1849), Paras\u0131zl\u0131k (1845) ve Bekar (1849) adl\u0131 oyunlar\u0131 yer almaktad\u0131r. Turgenyev Ba\u015fkan\u0131n Ziyafeti\u2019nde ta\u015fradaki asilzadeler aras\u0131ndaki bir mal taksimini, Paras\u0131zl\u0131k\u2019ta maddi sorunlar\u0131na ra\u011fmen b\u00fcy\u00fck \u015fehirde ya\u015famakta \u0131srar eden bir asilzadeyi, Bekar\u2019da ise bir evlilik haz\u0131rl\u0131\u011f\u0131 esnas\u0131nda ya\u015fananlar\u0131 konu eder. \ufffcTan\u0131t\u0131m Metni<\/p>\n","protected":false},"excerpt":{"rendered":"<p>\u0130van Sergeyevi\u00e7 Turgenyev (1818-1883): Avrupa\u2019da ve \u00fclkemizde eserleri ilk\u00f6nce \u00e7evrilen 19. y\u00fczy\u0131l Rus yazarlar\u0131ndand\u0131r. D\u00f6neminin Avrupal\u0131 bak\u0131\u015f a\u00e7\u0131s\u0131na sahip tek Rus yazar\u0131 olarak an\u0131l\u0131r. Bu kitapta<span class=\"excerpt-hellip\"> [\u2026]<\/span><\/p>\n","protected":false},"featured_media":0,"template":"","meta":{"_monsterinsights_skip_tracking":false,"_monsterinsights_sitenote_active":false,"_monsterinsights_sitenote_note":"","_monsterinsights_sitenote_category":0},"product_brand":[],"product_cat":[12291,12711],"product_tag":[],"class_list":{"0":"post-706000","1":"product","2":"type-product","3":"status-publish","5":"product_cat-edebiyat","6":"product_cat-roman-oyku","7":"pa_cilt-ciltsiz","8":"pa_tur-kitap","9":"pa_yayinevi-is-bankasi-kultur-yayinlari","10":"pa_yazar-ivan-sergeyevic-turgenyev","12":"first","13":"instock","14":"sale","15":"shipping-taxable","16":"purchasable","17":"product-type-simple"},"_links":{"self":[{"href":"https:\/\/roveyayinevi.com.tr\/index.php\/wp-json\/wp\/v2\/product\/706000","targetHints":{"allow":["GET"]}}],"collection":[{"href":"https:\/\/roveyayinevi.com.tr\/index.php\/wp-json\/wp\/v2\/product"}],"about":[{"href":"https:\/\/roveyayinevi.com.tr\/index.php\/wp-json\/wp\/v2\/types\/product"}],"wp:attachment":[{"href":"https:\/\/roveyayinevi.com.tr\/index.php\/wp-json\/wp\/v2\/media?parent=706000"}],"wp:term":[{"taxonomy":"product_brand","embeddable":true,"href":"https:\/\/roveyayinevi.com.tr\/index.php\/wp-json\/wp\/v2\/product_brand?post=706000"},{"taxonomy":"product_cat","embeddable":true,"href":"https:\/\/roveyayinevi.com.tr\/index.php\/wp-json\/wp\/v2\/product_cat?post=706000"},{"taxonomy":"product_tag","embeddable":true,"href":"https:\/\/roveyayinevi.com.tr\/index.php\/wp-json\/wp\/v2\/product_tag?post=706000"}],"curies":[{"name":"wp","href":"https:\/\/api.w.org\/{rel}","templated":true}]}}