{"id":705997,"date":"2025-08-27T15:51:21","date_gmt":"2025-08-27T12:51:21","guid":{"rendered":"https:\/\/roveyayinevi.com.tr\/index.php\/urun\/bilimsel-dergilere-makale-nasil-yazilir\/"},"modified":"2026-04-15T02:19:31","modified_gmt":"2026-04-14T23:19:31","slug":"bilimsel-dergilere-makale-nasil-yazilir","status":"publish","type":"product","link":"https:\/\/roveyayinevi.com.tr\/index.php\/urun\/bilimsel-dergilere-makale-nasil-yazilir\/","title":{"rendered":"Bilimsel Dergilere Makale Nas\u0131l Yaz\u0131l\u0131r"},"content":{"rendered":"<p>Akademisyenlerin s\u00fcrekli yazmas\u0131 beklenir,fakat akademik yazman\u0131n do\u011fas\u0131 \u00fczerine tart\u0131\u015fmas\u0131 yada d\u00fc\u015f\u00fcnmesi nadiren beklemir.Akademik yazma \u00e7o\u011funlukla gizemli kalm\u0131\u015ft\u0131r.Bilimsel Dergilere Makale Nas\u0131l Yaz\u0131l\u0131r Kitab\u0131,genellikle tart\u0131\u015f\u0131lmayan bu duruma \u0131\u015f\u0131k tutarak,yay\u0131n yapmay\u0131 d\u00fc\u015f\u00fcnen akademisyenler i\u00e7in \u00f6nemli bir kaynak olma \u00f6zelli\u011fi ta\u015f\u0131yor.Yay\u0131n yapmak i\u00e7in yazmak pek \u00e7ok akademisyen i\u00e7in i\u00e7 karart\u0131c\u0131 ve zaman al\u0131c\u0131 bir g\u00f6revdir.Bu kitap iyi bir makalenin ne oldu\u011funu nas\u0131l yaz\u0131lca\u011f\u0131n\u0131 anlatmaktad\u0131r.Kitaptaki uygulama \u00e7al\u0131\u015fmalar\u0131,akademik makale yazma s\u00fcrecinin gizemini \u00e7\u00f6z\u00fcyor.\u0130\u00e7\u0130NDEK\u0130LER 1 Akademik dergilere neden yazmal\u0131? 2 Bir dergi hedefleme 3 Yazmaya zaman ay\u0131rmak 4 Bir konu bulma ve bir sav geli\u015ftirme 5 Ana hatlar\u0131 ortaya koymak 6 Taslak \u00e7\u0131karmak 7 Tasla\u011f\u0131 g\u00f6zden ge\u00e7irme 8 Diyalog ve geribildirim 9 Hakemlerin d\u00f6n\u00fctlerine cevap vermek 10 Yay\u0131mlanma Sonras\u0131 <\/p>\n","protected":false},"excerpt":{"rendered":"<p>Akademisyenlerin s\u00fcrekli yazmas\u0131 beklenir,fakat akademik yazman\u0131n do\u011fas\u0131 \u00fczerine tart\u0131\u015fmas\u0131 yada d\u00fc\u015f\u00fcnmesi nadiren beklemir.Akademik yazma \u00e7o\u011funlukla gizemli kalm\u0131\u015ft\u0131r.Bilimsel Dergilere Makale Nas\u0131l Yaz\u0131l\u0131r Kitab\u0131,genellikle tart\u0131\u015f\u0131lmayan bu duruma \u0131\u015f\u0131k<span class=\"excerpt-hellip\"> [\u2026]<\/span><\/p>\n","protected":false},"featured_media":0,"template":"","meta":{"_monsterinsights_skip_tracking":false,"_monsterinsights_sitenote_active":false,"_monsterinsights_sitenote_note":"","_monsterinsights_sitenote_category":0},"product_brand":[],"product_cat":[13005,40995],"product_tag":[],"class_list":{"0":"post-705997","1":"product","2":"type-product","3":"status-publish","5":"product_cat-bilim-muhendislik","6":"product_cat-sosyal-bilimler","7":"pa_cilt-ciltsiz","8":"pa_tur-kitap","9":"pa_yayinevi-ani-yayincilik","10":"pa_yazar-rowena-murray","12":"first","13":"instock","14":"sale","15":"shipping-taxable","16":"purchasable","17":"product-type-simple"},"_links":{"self":[{"href":"https:\/\/roveyayinevi.com.tr\/index.php\/wp-json\/wp\/v2\/product\/705997","targetHints":{"allow":["GET"]}}],"collection":[{"href":"https:\/\/roveyayinevi.com.tr\/index.php\/wp-json\/wp\/v2\/product"}],"about":[{"href":"https:\/\/roveyayinevi.com.tr\/index.php\/wp-json\/wp\/v2\/types\/product"}],"wp:attachment":[{"href":"https:\/\/roveyayinevi.com.tr\/index.php\/wp-json\/wp\/v2\/media?parent=705997"}],"wp:term":[{"taxonomy":"product_brand","embeddable":true,"href":"https:\/\/roveyayinevi.com.tr\/index.php\/wp-json\/wp\/v2\/product_brand?post=705997"},{"taxonomy":"product_cat","embeddable":true,"href":"https:\/\/roveyayinevi.com.tr\/index.php\/wp-json\/wp\/v2\/product_cat?post=705997"},{"taxonomy":"product_tag","embeddable":true,"href":"https:\/\/roveyayinevi.com.tr\/index.php\/wp-json\/wp\/v2\/product_tag?post=705997"}],"curies":[{"name":"wp","href":"https:\/\/api.w.org\/{rel}","templated":true}]}}