{"id":705996,"date":"2025-08-27T15:51:21","date_gmt":"2025-08-27T12:51:21","guid":{"rendered":"https:\/\/roveyayinevi.com.tr\/index.php\/urun\/altinci-yok-olus\/"},"modified":"2026-04-16T02:14:35","modified_gmt":"2026-04-15T23:14:35","slug":"altinci-yok-olus","status":"publish","type":"product","link":"https:\/\/roveyayinevi.com.tr\/index.php\/urun\/altinci-yok-olus\/","title":{"rendered":"Alt\u0131nc\u0131 Yok Olu\u015f"},"content":{"rendered":"<p>Son yar\u0131m milyar y\u0131lda tam be\u015f kitlesel yok olu\u015f ya\u015fand\u0131; d\u00fcnyada ya\u015fam \u00e7e\u015fitlili\u011fi aniden ve dramatik \u00f6l\u00e7\u00fcde azald\u0131. Peki g\u00f6zlerimizin \u00f6n\u00fcnde yeni bir kitlesel yok olu\u015f ya\u015fan\u0131yor olabilir mi?\u201cAlt\u0131nc\u0131 Yok Olu\u015f harika bir kitap&#8230; B\u00fcy\u00fck, ani de\u011fi\u015fikliklerin ya\u015fanabilece\u011fini, bunun olas\u0131l\u0131k d\u0131\u015f\u0131 olmad\u0131\u011f\u0131n\u0131 a\u00e7\u0131k\u00e7a ortaya koyuyor. Bunlar daha \u00f6nce ya\u015fand\u0131, yeniden ya\u015fanabilir.\u201d- ABD Ba\u015fkan\u0131 Barack ObamaD\u00fcnyan\u0131n d\u00f6rt yan\u0131nda bilim insanlar\u0131, dinozorlar\u0131n yok olmas\u0131na neden olan asteroit \u00e7arpmas\u0131ndan sonra en y\u0131k\u0131c\u0131 yok olu\u015f s\u00fcreci oldu\u011funu \u00f6ng\u00f6rd\u00fckleri alt\u0131nc\u0131 yok olu\u015fu g\u00f6zlemliyor. Bu kez, felaketin nedeni biziz.\u201cDo\u011fa bilimciler d\u00fcnya tarihinde be\u015f yok olu\u015f ger\u00e7ekle\u015fti\u011fini s\u00f6yler; Kolbert, insan faaliyetlerinin, gezegeni alt\u0131nc\u0131 yok olu\u015fa g\u00f6t\u00fcrd\u00fc\u011f\u00fcne dair ikna edici bir tez ortaya koyuyor.\u201d- Bill GatesHem samimi, hem e\u011flenceli, hem de bilgi dolu bu kitapta, New Yorker yazar\u0131 Elizabeth Kolbert, insan\u0131n, gezegenimizdeki hayat\u0131, di\u011fer hi\u00e7bir t\u00fcr\u00fcn yapmad\u0131\u011f\u0131 \u015fekilde de\u011fi\u015ftirmesinin nedenini ve nas\u0131l\u0131n\u0131 anlat\u0131yor. \u00c7ok say\u0131da disiplinde yap\u0131lm\u0131\u015f ara\u015ft\u0131rmalar\u0131, yok olmu\u015f t\u00fcrlerin tan\u0131mlar\u0131n\u0131 ve kavram olarak yok olu\u015fun ge\u00e7mi\u015fini bir araya getiren Kolbert, g\u00f6zlerimizin \u00f6n\u00fcnde yok olmakta olan t\u00fcrlere dair etkileyici ve kapsaml\u0131 bir hikaye sunuyor. Kolbert, alt\u0131nc\u0131 yok olu\u015fun insano\u011flunun en kal\u0131c\u0131 miras\u0131 olmaya aday oldu\u011funu g\u00f6steriyor ve bizleri insan olman\u0131n anlam\u0131n\u0131 yeniden d\u00fc\u015f\u00fcnmeye zorluyor.Alt\u0131nc\u0131 Yok Olu\u015f, d\u00fcnyan\u0131n gelece\u011fine dair; entelekt\u00fcel tarih, do\u011fa tarihi ve saha muhabirli\u011fini bir araya getiren ve g\u00f6zlerimizin \u00f6n\u00fcnde s\u00fcregelen kitlesel yok olu\u015fa dair g\u00fc\u00e7l\u00fc bir anlat\u0131m sunan \u00f6nemli bir kitap.<\/p>\n","protected":false},"excerpt":{"rendered":"<p>Son yar\u0131m milyar y\u0131lda tam be\u015f kitlesel yok olu\u015f ya\u015fand\u0131; d\u00fcnyada ya\u015fam \u00e7e\u015fitlili\u011fi aniden ve dramatik \u00f6l\u00e7\u00fcde azald\u0131. Peki g\u00f6zlerimizin \u00f6n\u00fcnde yeni bir kitlesel yok olu\u015f<span class=\"excerpt-hellip\"> [\u2026]<\/span><\/p>\n","protected":false},"featured_media":0,"template":"","meta":{"_monsterinsights_skip_tracking":false,"_monsterinsights_sitenote_active":false,"_monsterinsights_sitenote_note":"","_monsterinsights_sitenote_category":0},"product_brand":[],"product_cat":[12370,12304],"product_tag":[],"class_list":{"0":"post-705996","1":"product","2":"type-product","3":"status-publish","5":"product_cat-arastirma-inceleme","6":"product_cat-tarih","7":"pa_cilt-ciltsiz","8":"pa_tur-kitap","9":"pa_yayinevi-okuyan-us-yayin","10":"pa_yazar-elizabeth-kolbert","12":"first","13":"instock","14":"sale","15":"shipping-taxable","16":"purchasable","17":"product-type-simple"},"_links":{"self":[{"href":"https:\/\/roveyayinevi.com.tr\/index.php\/wp-json\/wp\/v2\/product\/705996","targetHints":{"allow":["GET"]}}],"collection":[{"href":"https:\/\/roveyayinevi.com.tr\/index.php\/wp-json\/wp\/v2\/product"}],"about":[{"href":"https:\/\/roveyayinevi.com.tr\/index.php\/wp-json\/wp\/v2\/types\/product"}],"wp:attachment":[{"href":"https:\/\/roveyayinevi.com.tr\/index.php\/wp-json\/wp\/v2\/media?parent=705996"}],"wp:term":[{"taxonomy":"product_brand","embeddable":true,"href":"https:\/\/roveyayinevi.com.tr\/index.php\/wp-json\/wp\/v2\/product_brand?post=705996"},{"taxonomy":"product_cat","embeddable":true,"href":"https:\/\/roveyayinevi.com.tr\/index.php\/wp-json\/wp\/v2\/product_cat?post=705996"},{"taxonomy":"product_tag","embeddable":true,"href":"https:\/\/roveyayinevi.com.tr\/index.php\/wp-json\/wp\/v2\/product_tag?post=705996"}],"curies":[{"name":"wp","href":"https:\/\/api.w.org\/{rel}","templated":true}]}}