{"id":705993,"date":"2025-08-27T15:51:20","date_gmt":"2025-08-27T12:51:20","guid":{"rendered":"https:\/\/roveyayinevi.com.tr\/index.php\/urun\/matematikci-portreleri\/"},"modified":"2026-04-16T02:14:35","modified_gmt":"2026-04-15T23:14:35","slug":"matematikci-portreleri","status":"publish","type":"product","link":"https:\/\/roveyayinevi.com.tr\/index.php\/urun\/matematikci-portreleri\/","title":{"rendered":"Matematik\u00e7i Portreleri"},"content":{"rendered":"<p>Ser\u00fcven \u00f6yk\u00fclerinin tad\u0131n\u0131 bulaca\u011f\u0131n\u0131z bu pop\u00fcler matematik kitab\u0131n\u0131n yazarlar\u0131 Ali Nesin ve Ali T\u00f6r\u00fcn kitab\u0131n \u00f6ns\u00f6z\u00fcnde, \u201cAmac\u0131m\u0131z\u0131 matemati\u011fin yak\u0131n ve uzak tarihiyle ilgili ho\u015f bir kitap sunmak olarak belirledik,\u201d diyorlar. \u201cYaz\u0131larda konu edilen matemati\u011fi elimizden geldi\u011fince bir lise \u00f6\u011frencisinin anlayaca\u011f\u0131 bi\u00e7imde anlatmaya \u00e7al\u0131\u015ft\u0131k. Bu m\u00fcmk\u00fcn olmad\u0131\u011f\u0131nda matematik b\u00f6l\u00fcm\u00fc \u00f6\u011frencisini hedefledik. Ama yaz\u0131lar\u0131n matemati\u011fi \u00e7ok anlamadan da okunabilir olmas\u0131n\u0131 sa\u011flamaya \u00e7al\u0131\u015ft\u0131k.\u201d <\/p>\n","protected":false},"excerpt":{"rendered":"<p>Ser\u00fcven \u00f6yk\u00fclerinin tad\u0131n\u0131 bulaca\u011f\u0131n\u0131z bu pop\u00fcler matematik kitab\u0131n\u0131n yazarlar\u0131 Ali Nesin ve Ali T\u00f6r\u00fcn kitab\u0131n \u00f6ns\u00f6z\u00fcnde, \u201cAmac\u0131m\u0131z\u0131 matemati\u011fin yak\u0131n ve uzak tarihiyle ilgili ho\u015f bir kitap<span class=\"excerpt-hellip\"> [\u2026]<\/span><\/p>\n","protected":false},"featured_media":0,"template":"","meta":{"_monsterinsights_skip_tracking":false,"_monsterinsights_sitenote_active":false,"_monsterinsights_sitenote_note":"","_monsterinsights_sitenote_category":0},"product_brand":[],"product_cat":[12573,12566],"product_tag":[],"class_list":{"0":"post-705993","1":"product","2":"type-product","3":"status-publish","5":"product_cat-akademik-kitaplar","6":"product_cat-egitim","7":"pa_cilt-ciltsiz","8":"pa_tur-kitap","9":"pa_yayinevi-nesin-yayinlari","10":"pa_yazar-ali-nesin","12":"first","13":"instock","14":"sale","15":"shipping-taxable","16":"purchasable","17":"product-type-simple"},"_links":{"self":[{"href":"https:\/\/roveyayinevi.com.tr\/index.php\/wp-json\/wp\/v2\/product\/705993","targetHints":{"allow":["GET"]}}],"collection":[{"href":"https:\/\/roveyayinevi.com.tr\/index.php\/wp-json\/wp\/v2\/product"}],"about":[{"href":"https:\/\/roveyayinevi.com.tr\/index.php\/wp-json\/wp\/v2\/types\/product"}],"wp:attachment":[{"href":"https:\/\/roveyayinevi.com.tr\/index.php\/wp-json\/wp\/v2\/media?parent=705993"}],"wp:term":[{"taxonomy":"product_brand","embeddable":true,"href":"https:\/\/roveyayinevi.com.tr\/index.php\/wp-json\/wp\/v2\/product_brand?post=705993"},{"taxonomy":"product_cat","embeddable":true,"href":"https:\/\/roveyayinevi.com.tr\/index.php\/wp-json\/wp\/v2\/product_cat?post=705993"},{"taxonomy":"product_tag","embeddable":true,"href":"https:\/\/roveyayinevi.com.tr\/index.php\/wp-json\/wp\/v2\/product_tag?post=705993"}],"curies":[{"name":"wp","href":"https:\/\/api.w.org\/{rel}","templated":true}]}}