{"id":705974,"date":"2025-08-27T15:51:12","date_gmt":"2025-08-27T12:51:12","guid":{"rendered":"https:\/\/roveyayinevi.com.tr\/index.php\/urun\/yapisalcilik\/"},"modified":"2026-04-16T02:14:34","modified_gmt":"2026-04-15T23:14:34","slug":"yapisalcilik","status":"publish","type":"product","link":"https:\/\/roveyayinevi.com.tr\/index.php\/urun\/yapisalcilik\/","title":{"rendered":"Yap\u0131salc\u0131l\u0131k"},"content":{"rendered":"<p>\u0130lk bask\u0131s\u0131 1982 y\u0131l\u0131nda yap\u0131lan Yap\u0131salc\u0131l\u0131k, edebiyat merakl\u0131lar\u0131yla ara\u015ft\u0131rmac\u0131lar\u0131n b\u00fcy\u00fck ilgisiyle kar\u015f\u0131lanm\u0131\u015ft\u0131. Konu \u00fczerinde yeterli yay\u0131n\u0131n \u00fclkemizde h\u00e2l\u00e2 olmad\u0131\u011f\u0131 d\u00fc\u015f\u00fcn\u00fcl\u00fcrse, Tahsin Y\u00fccel&#8217;in bu de\u011ferli \u00e7al\u0131\u015fmas\u0131n\u0131n \u00f6nemi daha iyi anla\u015f\u0131la-cakt\u0131r. Yap\u0131salc\u0131l\u0131\u011f\u0131n b\u00fcy\u00fck \u00f6nc\u00fclerinden L\u00e8vi-Strauss, Jacobson, Benveniste, Gremas&#8217;tan Genel Dilbilim Dersleri&#8217;nin efsanevi yazar\u0131 dilbilimci Ferdinand de Saussure&#8217;a, konuya katk\u0131da bulunmu\u015f d\u00fc\u015f\u00fcn\u00fcrlerin g\u00f6r\u00fc\u015flerini tart\u0131\u015fan Tahsin Y\u00fccel, Yap\u0131salc\u0131l\u0131k&#8217;la T\u00fcrk okurunu yaz\u0131nsal metinlerin arka planlar\u0131n\u0131 ke\u015ffe \u00e7a\u011f\u0131rm\u0131\u015f, y\u00fcz-y\u0131l\u0131m\u0131z\u0131n bu \u00f6nemli d\u00fc\u015f\u00fcnce ak\u0131m\u0131n\u0131 da duyurmak istemi\u015fti. Can Yay\u0131nlar\u0131, romanlar\u0131 ve \u00f6yk\u00fclerinin yan\u0131s\u0131ra Tahsin Y\u00fccel&#8217;in deneme, ele\u015ftiri ve incelemelerini de yay\u0131nlamay\u0131 s\u00fcrd\u00fcr\u00fcyor. Daha \u00f6nce yay\u0131nlad\u0131\u011f\u0131m\u0131z Yaz\u0131n, Gene Yaz\u0131n gibi Yap\u0131salc\u0131l\u0131k da s\u0131k\u0131 okurun ba\u015f ucu kitaplar\u0131ndan olacak. \ufffcTan\u0131t\u0131m Metni<\/p>\n","protected":false},"excerpt":{"rendered":"<p>\u0130lk bask\u0131s\u0131 1982 y\u0131l\u0131nda yap\u0131lan Yap\u0131salc\u0131l\u0131k, edebiyat merakl\u0131lar\u0131yla ara\u015ft\u0131rmac\u0131lar\u0131n b\u00fcy\u00fck ilgisiyle kar\u015f\u0131lanm\u0131\u015ft\u0131. Konu \u00fczerinde yeterli yay\u0131n\u0131n \u00fclkemizde h\u00e2l\u00e2 olmad\u0131\u011f\u0131 d\u00fc\u015f\u00fcn\u00fcl\u00fcrse, Tahsin Y\u00fccel&#8217;in bu de\u011ferli \u00e7al\u0131\u015fmas\u0131n\u0131n \u00f6nemi<span class=\"excerpt-hellip\"> [\u2026]<\/span><\/p>\n","protected":false},"featured_media":0,"template":"","meta":{"_monsterinsights_skip_tracking":false,"_monsterinsights_sitenote_active":false,"_monsterinsights_sitenote_note":"","_monsterinsights_sitenote_category":0},"product_brand":[],"product_cat":[13633,12324],"product_tag":[],"class_list":{"0":"post-705974","1":"product","2":"type-product","3":"status-publish","5":"product_cat-kultur-ve-bilim","6":"product_cat-sosyoloji","7":"pa_cilt-ciltsiz","8":"pa_tur-kitap","9":"pa_yayinevi-can-yayinlari","10":"pa_yazar-tahsin-yucel","12":"first","13":"instock","14":"sale","15":"shipping-taxable","16":"purchasable","17":"product-type-simple"},"_links":{"self":[{"href":"https:\/\/roveyayinevi.com.tr\/index.php\/wp-json\/wp\/v2\/product\/705974","targetHints":{"allow":["GET"]}}],"collection":[{"href":"https:\/\/roveyayinevi.com.tr\/index.php\/wp-json\/wp\/v2\/product"}],"about":[{"href":"https:\/\/roveyayinevi.com.tr\/index.php\/wp-json\/wp\/v2\/types\/product"}],"wp:attachment":[{"href":"https:\/\/roveyayinevi.com.tr\/index.php\/wp-json\/wp\/v2\/media?parent=705974"}],"wp:term":[{"taxonomy":"product_brand","embeddable":true,"href":"https:\/\/roveyayinevi.com.tr\/index.php\/wp-json\/wp\/v2\/product_brand?post=705974"},{"taxonomy":"product_cat","embeddable":true,"href":"https:\/\/roveyayinevi.com.tr\/index.php\/wp-json\/wp\/v2\/product_cat?post=705974"},{"taxonomy":"product_tag","embeddable":true,"href":"https:\/\/roveyayinevi.com.tr\/index.php\/wp-json\/wp\/v2\/product_tag?post=705974"}],"curies":[{"name":"wp","href":"https:\/\/api.w.org\/{rel}","templated":true}]}}