{"id":705970,"date":"2025-08-27T15:51:10","date_gmt":"2025-08-27T12:51:10","guid":{"rendered":"https:\/\/roveyayinevi.com.tr\/index.php\/urun\/girisimcilik-oykuleri\/"},"modified":"2026-04-16T02:14:34","modified_gmt":"2026-04-15T23:14:34","slug":"girisimcilik-oykuleri","status":"publish","type":"product","link":"https:\/\/roveyayinevi.com.tr\/index.php\/urun\/girisimcilik-oykuleri\/","title":{"rendered":"Giri\u015fimcilik \u00d6yk\u00fcleri"},"content":{"rendered":"<p>Nasuh Mahruki&#8217;den Tekin Acar&#8217;a, Ali Sabanc\u0131&#8217;dan \u0130tila T\u00fcmer&#8217;e, Nevzat Ayd\u0131n&#8217;dan \u015ear\u0131k Tara&#8217;ya, Emrehan Hal\u0131c\u0131&#8217;dan Muzaffer \u00c7ilek&#8217;e ve T\u00fcrkiye&#8217;nin \u00f6nde gelen daha bir\u00e7ok giri\u015fimcisinin \u00f6yk\u00fcleri var bu kitapta. Onlar anlatt\u0131, gen\u00e7ler yazd\u0131\u2026 \u0130\u015f hayat\u0131na yeni ba\u015flayanlar, ba\u015flamak isteyenler, i\u015f hayat\u0131n\u0131n i\u00e7erisinde olanlar ya da sadece ba\u015far\u0131 \u00f6yk\u00fclerini okumak isteyenler, ODT\u00dc&#8217;l\u00fc gen\u00e7lerden Giri\u015fimcilik \u00d6yk\u00fcleri herkes i\u00e7in bir rehber\u2026  Elma Yay\u0131nevi olarak \u00f6nerimiz, okurken g\u00f6zl\u00fcklerinizin yan\u0131n\u0131zda olmas\u0131 \u00e7\u00fcnk\u00fc bu kitapta par\u0131lt\u0131l\u0131 ba\u015far\u0131lar\u0131, par\u0131lt\u0131l\u0131 beyinlerin kaleminden okuyacaks\u0131n\u0131z. <\/p>\n","protected":false},"excerpt":{"rendered":"<p>Nasuh Mahruki&#8217;den Tekin Acar&#8217;a, Ali Sabanc\u0131&#8217;dan \u0130tila T\u00fcmer&#8217;e, Nevzat Ayd\u0131n&#8217;dan \u015ear\u0131k Tara&#8217;ya, Emrehan Hal\u0131c\u0131&#8217;dan Muzaffer \u00c7ilek&#8217;e ve T\u00fcrkiye&#8217;nin \u00f6nde gelen daha bir\u00e7ok giri\u015fimcisinin \u00f6yk\u00fcleri var bu<span class=\"excerpt-hellip\"> [\u2026]<\/span><\/p>\n","protected":false},"featured_media":0,"template":"","meta":{"_monsterinsights_skip_tracking":false,"_monsterinsights_sitenote_active":false,"_monsterinsights_sitenote_note":"","_monsterinsights_sitenote_category":0},"product_brand":[],"product_cat":[13043,17647],"product_tag":[],"class_list":{"0":"post-705970","1":"product","2":"type-product","3":"status-publish","5":"product_cat-ekonomi","6":"product_cat-is-dunyasi","7":"pa_cilt-ciltsiz","8":"pa_tur-kitap","9":"pa_yayinevi-elma-yayinevi","10":"pa_yazar-kolektif","12":"first","13":"instock","14":"sale","15":"shipping-taxable","16":"purchasable","17":"product-type-simple"},"_links":{"self":[{"href":"https:\/\/roveyayinevi.com.tr\/index.php\/wp-json\/wp\/v2\/product\/705970","targetHints":{"allow":["GET"]}}],"collection":[{"href":"https:\/\/roveyayinevi.com.tr\/index.php\/wp-json\/wp\/v2\/product"}],"about":[{"href":"https:\/\/roveyayinevi.com.tr\/index.php\/wp-json\/wp\/v2\/types\/product"}],"wp:attachment":[{"href":"https:\/\/roveyayinevi.com.tr\/index.php\/wp-json\/wp\/v2\/media?parent=705970"}],"wp:term":[{"taxonomy":"product_brand","embeddable":true,"href":"https:\/\/roveyayinevi.com.tr\/index.php\/wp-json\/wp\/v2\/product_brand?post=705970"},{"taxonomy":"product_cat","embeddable":true,"href":"https:\/\/roveyayinevi.com.tr\/index.php\/wp-json\/wp\/v2\/product_cat?post=705970"},{"taxonomy":"product_tag","embeddable":true,"href":"https:\/\/roveyayinevi.com.tr\/index.php\/wp-json\/wp\/v2\/product_tag?post=705970"}],"curies":[{"name":"wp","href":"https:\/\/api.w.org\/{rel}","templated":true}]}}