{"id":705967,"date":"2025-08-27T15:51:09","date_gmt":"2025-08-27T12:51:09","guid":{"rendered":"https:\/\/roveyayinevi.com.tr\/index.php\/urun\/cepheden-anilar-orhan-savascinin-thkp-c-anilari\/"},"modified":"2026-04-16T02:14:34","modified_gmt":"2026-04-15T23:14:34","slug":"cepheden-anilar-orhan-savascinin-thkp-c-anilari","status":"publish","type":"product","link":"https:\/\/roveyayinevi.com.tr\/index.php\/urun\/cepheden-anilar-orhan-savascinin-thkp-c-anilari\/","title":{"rendered":"Cepheden An\u0131lar- Orhan Sava\u015f\u00e7\u0131&#8217;n\u0131n THKP-C An\u0131lar\u0131"},"content":{"rendered":"<p>Dev-Gen\u00e7\u2019ten, Karadeniz b\u00f6lgesinden, Ere\u011fli, Ege ve Kocaeli b\u00f6lgesi i\u015f\u00e7i kesiminden, \u00c7ukurova\u2019dan, sanat d\u00fcnyas\u0131ndan ve Silahl\u0131 Kuvvetler\u2019den gelen gen\u00e7lerdi. \u00dclkelerini s\u00f6m\u00fcrenlere kar\u015f\u0131 teredd\u00fct etmeden topland\u0131lar ve sadece bir y\u0131l gibi k\u0131sa bir ya\u015fam s\u00fcresi olan THKP-C\u2019yi kurdular. Bir y\u0131ll\u0131k ya\u015fama y\u0131llarca konu\u015fulacak eylemleri ve \u00f6yk\u00fcleri s\u0131\u011fd\u0131rd\u0131lar, kendilerinden sonra gelenlere ilham kayna\u011f\u0131 oldular. \ufffcTan\u0131t\u0131m Metni<\/p>\n","protected":false},"excerpt":{"rendered":"<p>Dev-Gen\u00e7\u2019ten, Karadeniz b\u00f6lgesinden, Ere\u011fli, Ege ve Kocaeli b\u00f6lgesi i\u015f\u00e7i kesiminden, \u00c7ukurova\u2019dan, sanat d\u00fcnyas\u0131ndan ve Silahl\u0131 Kuvvetler\u2019den gelen gen\u00e7lerdi. \u00dclkelerini s\u00f6m\u00fcrenlere kar\u015f\u0131 teredd\u00fct etmeden topland\u0131lar ve sadece<span class=\"excerpt-hellip\"> [\u2026]<\/span><\/p>\n","protected":false},"featured_media":0,"template":"","meta":{"_monsterinsights_skip_tracking":false,"_monsterinsights_sitenote_active":false,"_monsterinsights_sitenote_note":"","_monsterinsights_sitenote_category":0},"product_brand":[],"product_cat":[13590,12337],"product_tag":[],"class_list":{"0":"post-705967","1":"product","2":"type-product","3":"status-publish","5":"product_cat-arastirma-inceleme-politika-siyaset","6":"product_cat-politika-siyaset","7":"pa_cilt-ciltsiz","8":"pa_tur-kitap","9":"pa_yayinevi-ayrinti-yayinlari","10":"pa_yazar-ilbay-kahraman","12":"first","13":"instock","14":"sale","15":"shipping-taxable","16":"purchasable","17":"product-type-simple"},"_links":{"self":[{"href":"https:\/\/roveyayinevi.com.tr\/index.php\/wp-json\/wp\/v2\/product\/705967","targetHints":{"allow":["GET"]}}],"collection":[{"href":"https:\/\/roveyayinevi.com.tr\/index.php\/wp-json\/wp\/v2\/product"}],"about":[{"href":"https:\/\/roveyayinevi.com.tr\/index.php\/wp-json\/wp\/v2\/types\/product"}],"wp:attachment":[{"href":"https:\/\/roveyayinevi.com.tr\/index.php\/wp-json\/wp\/v2\/media?parent=705967"}],"wp:term":[{"taxonomy":"product_brand","embeddable":true,"href":"https:\/\/roveyayinevi.com.tr\/index.php\/wp-json\/wp\/v2\/product_brand?post=705967"},{"taxonomy":"product_cat","embeddable":true,"href":"https:\/\/roveyayinevi.com.tr\/index.php\/wp-json\/wp\/v2\/product_cat?post=705967"},{"taxonomy":"product_tag","embeddable":true,"href":"https:\/\/roveyayinevi.com.tr\/index.php\/wp-json\/wp\/v2\/product_tag?post=705967"}],"curies":[{"name":"wp","href":"https:\/\/api.w.org\/{rel}","templated":true}]}}