{"id":705961,"date":"2025-08-27T15:51:06","date_gmt":"2025-08-27T12:51:06","guid":{"rendered":"https:\/\/roveyayinevi.com.tr\/index.php\/urun\/hukumdar-3\/"},"modified":"2026-04-16T02:14:34","modified_gmt":"2026-04-15T23:14:34","slug":"hukumdar-3","status":"publish","type":"product","link":"https:\/\/roveyayinevi.com.tr\/index.php\/urun\/hukumdar-3\/","title":{"rendered":"H\u00fck\u00fcmdar"},"content":{"rendered":"<p>Bug\u00fcn hala reel politi\u011fin kutsal kitab\u0131 g\u00f6z\u00fcyle bak\u0131lan H\u00fck\u00fcmdar, strateji uzmanlar\u0131, i\u015f insanlar\u0131 ve politik hayvanlar taraf\u0131ndan tehlikeli bir d\u00fcnyada iktidar\u0131 ele ge\u00e7irmenin, ge\u00e7irdikten sonra da muhafaza etmenin nihai rehberi olarak okunmaya devam ediyor. <\/p>\n","protected":false},"excerpt":{"rendered":"<p>Bug\u00fcn hala reel politi\u011fin kutsal kitab\u0131 g\u00f6z\u00fcyle bak\u0131lan H\u00fck\u00fcmdar, strateji uzmanlar\u0131, i\u015f insanlar\u0131 ve politik hayvanlar taraf\u0131ndan tehlikeli bir d\u00fcnyada iktidar\u0131 ele ge\u00e7irmenin, ge\u00e7irdikten sonra da<span class=\"excerpt-hellip\"> [\u2026]<\/span><\/p>\n","protected":false},"featured_media":0,"template":"","meta":{"_monsterinsights_skip_tracking":false,"_monsterinsights_sitenote_active":false,"_monsterinsights_sitenote_note":"","_monsterinsights_sitenote_category":0},"product_brand":[],"product_cat":[12777,12291],"product_tag":[],"class_list":{"0":"post-705961","1":"product","2":"type-product","3":"status-publish","5":"product_cat-deneme","6":"product_cat-edebiyat","7":"pa_tur-kitap","8":"pa_yayinevi-kafka-yayinevi","9":"pa_yazar-niccolo-machiavelli","11":"first","12":"instock","13":"sale","14":"shipping-taxable","15":"purchasable","16":"product-type-simple"},"_links":{"self":[{"href":"https:\/\/roveyayinevi.com.tr\/index.php\/wp-json\/wp\/v2\/product\/705961","targetHints":{"allow":["GET"]}}],"collection":[{"href":"https:\/\/roveyayinevi.com.tr\/index.php\/wp-json\/wp\/v2\/product"}],"about":[{"href":"https:\/\/roveyayinevi.com.tr\/index.php\/wp-json\/wp\/v2\/types\/product"}],"wp:attachment":[{"href":"https:\/\/roveyayinevi.com.tr\/index.php\/wp-json\/wp\/v2\/media?parent=705961"}],"wp:term":[{"taxonomy":"product_brand","embeddable":true,"href":"https:\/\/roveyayinevi.com.tr\/index.php\/wp-json\/wp\/v2\/product_brand?post=705961"},{"taxonomy":"product_cat","embeddable":true,"href":"https:\/\/roveyayinevi.com.tr\/index.php\/wp-json\/wp\/v2\/product_cat?post=705961"},{"taxonomy":"product_tag","embeddable":true,"href":"https:\/\/roveyayinevi.com.tr\/index.php\/wp-json\/wp\/v2\/product_tag?post=705961"}],"curies":[{"name":"wp","href":"https:\/\/api.w.org\/{rel}","templated":true}]}}