{"id":705960,"date":"2025-08-27T15:51:06","date_gmt":"2025-08-27T12:51:06","guid":{"rendered":"https:\/\/roveyayinevi.com.tr\/index.php\/urun\/yazinin-gonluyle\/"},"modified":"2026-04-16T02:14:34","modified_gmt":"2026-04-15T23:14:34","slug":"yazinin-gonluyle","status":"publish","type":"product","link":"https:\/\/roveyayinevi.com.tr\/index.php\/urun\/yazinin-gonluyle\/","title":{"rendered":"Yaz\u0131n\u0131n G\u00f6nl\u00fcyle"},"content":{"rendered":"<p>Edebiyat\u2026 S\u00f6zle, yaz\u0131yla, d\u00fc\u015f\u00fcnceyle, duyguyla, imgelemle donat\u0131lan b\u00fcy\u00fcl\u00fc s\u00f6zc\u00fck\u2026 Ayd\u0131nl\u0131k, namuslu, edepli, incelikli kavram\u2026 Yaz\u0131n, g\u00f6k\u00e7eyaz\u0131n ya da edebiyat&#8230; Hangi s\u00f6zc\u00fc\u011f\u00fc se\u00e7erseniz ve kullan\u0131rsan\u0131z, hangi boyutta d\u00fc\u015f\u00fcn\u00fcrseniz ve i\u00e7ini doldurursan\u0131z de\u011fi\u015fmez; insanla b\u00fct\u00fcnle\u015fen, ya\u015fam\u0131 a\u015fk\u0131nla\u015ft\u0131ran toplumsal, sayg\u0131n i\u015flevi de o ba\u011flamda kavrars\u0131n\u0131z. <\/p>\n","protected":false},"excerpt":{"rendered":"<p>Edebiyat\u2026 S\u00f6zle, yaz\u0131yla, d\u00fc\u015f\u00fcnceyle, duyguyla, imgelemle donat\u0131lan b\u00fcy\u00fcl\u00fc s\u00f6zc\u00fck\u2026 Ayd\u0131nl\u0131k, namuslu, edepli, incelikli kavram\u2026 Yaz\u0131n, g\u00f6k\u00e7eyaz\u0131n ya da edebiyat&#8230; Hangi s\u00f6zc\u00fc\u011f\u00fc se\u00e7erseniz ve kullan\u0131rsan\u0131z, hangi boyutta<span class=\"excerpt-hellip\"> [\u2026]<\/span><\/p>\n","protected":false},"featured_media":0,"template":"","meta":{"_monsterinsights_skip_tracking":false,"_monsterinsights_sitenote_active":false,"_monsterinsights_sitenote_note":"","_monsterinsights_sitenote_category":0},"product_brand":[],"product_cat":[12777,12291],"product_tag":[],"class_list":{"0":"post-705960","1":"product","2":"type-product","3":"status-publish","5":"product_cat-deneme","6":"product_cat-edebiyat","7":"pa_cilt-ciltsiz","8":"pa_tur-kitap","9":"pa_yayinevi-bencekitap","10":"pa_yazar-oguz-tumbas","12":"first","13":"instock","14":"sale","15":"shipping-taxable","16":"purchasable","17":"product-type-simple"},"_links":{"self":[{"href":"https:\/\/roveyayinevi.com.tr\/index.php\/wp-json\/wp\/v2\/product\/705960","targetHints":{"allow":["GET"]}}],"collection":[{"href":"https:\/\/roveyayinevi.com.tr\/index.php\/wp-json\/wp\/v2\/product"}],"about":[{"href":"https:\/\/roveyayinevi.com.tr\/index.php\/wp-json\/wp\/v2\/types\/product"}],"wp:attachment":[{"href":"https:\/\/roveyayinevi.com.tr\/index.php\/wp-json\/wp\/v2\/media?parent=705960"}],"wp:term":[{"taxonomy":"product_brand","embeddable":true,"href":"https:\/\/roveyayinevi.com.tr\/index.php\/wp-json\/wp\/v2\/product_brand?post=705960"},{"taxonomy":"product_cat","embeddable":true,"href":"https:\/\/roveyayinevi.com.tr\/index.php\/wp-json\/wp\/v2\/product_cat?post=705960"},{"taxonomy":"product_tag","embeddable":true,"href":"https:\/\/roveyayinevi.com.tr\/index.php\/wp-json\/wp\/v2\/product_tag?post=705960"}],"curies":[{"name":"wp","href":"https:\/\/api.w.org\/{rel}","templated":true}]}}