{"id":705959,"date":"2025-08-27T15:51:05","date_gmt":"2025-08-27T12:51:05","guid":{"rendered":"https:\/\/roveyayinevi.com.tr\/index.php\/urun\/sinif-yonetimi-4\/"},"modified":"2026-04-16T02:14:34","modified_gmt":"2026-04-15T23:14:34","slug":"sinif-yonetimi-4","status":"publish","type":"product","link":"https:\/\/roveyayinevi.com.tr\/index.php\/urun\/sinif-yonetimi-4\/","title":{"rendered":"S\u0131n\u0131f Y\u00f6netimi"},"content":{"rendered":"<p>S\u0131n\u0131f y\u00f6netiminde ama\u00e7 etkili bir \u00f6\u011frenme ve \u00f6\u011fretme ortam\u0131 yaratmakt\u0131r. S\u0131n\u0131fta uygun ve nitelikli bir ortam yaratmada \u00f6\u011fretmenler \u00f6\u011frenme ve \u00f6\u011fretme ortam\u0131n\u0131n y\u00f6neticisi olarak \u00f6\u011frenci davran\u0131\u015flar\u0131n\u0131 dersin ama\u00e7lar\u0131yla b\u00fct\u00fcnle\u015ftirmek isterler. S\u0131n\u0131f i\u00e7erisinde \u00e7ok say\u0131da \u00f6\u011frenci \u00e7ok boyutluluk \u00f6zelliklerini yans\u0131t\u0131rlar. Ders i\u015fleni\u015finde \u00f6\u011frencilerin dersin bir par\u00e7as\u0131 olarak g\u00fcd\u00fclenmelerini sa\u011flamak belli yeterliklere sahip olmay\u0131 gerektirir.\u00d6\u011fretmenler otoriter, demokratik ya da b\u0131rak\u0131n\u0131z yaps\u0131nlar anlay\u0131\u015flar\u0131yla bir\u00e7ok kuram ve kavram\u0131 \u00f6\u011frenci davran\u0131\u015flar\u0131n\u0131 de\u011fi\u015ftirmede, geli\u015ftirmede kullanabilirler. \u00d6\u011fretmenlerin s\u0131n\u0131f y\u00f6netimi uygulamalar\u0131 sonucunda \u00f6\u011frenciler nitelikli davran\u0131\u015flar kazanabilirler. B\u00f6ylece derslerin ama\u00e7lar\u0131na ula\u015fmas\u0131 sa\u011flanabilir. \u00d6\u011frenciler, \u00fczerlerinde b\u0131rak\u0131lan izler yoluyla uyumlu, istendik davran\u0131\u015flar sergileyebilirler. Bu nedenle s\u0131n\u0131f\u0131n daha nitelikli bir hale getirilmesinde \u00f6\u011fretmenlerin s\u0131n\u0131f y\u00f6netimi becerilerinin \u00f6nemli bir yeri vard\u0131r. <\/p>\n","protected":false},"excerpt":{"rendered":"<p>S\u0131n\u0131f y\u00f6netiminde ama\u00e7 etkili bir \u00f6\u011frenme ve \u00f6\u011fretme ortam\u0131 yaratmakt\u0131r. S\u0131n\u0131fta uygun ve nitelikli bir ortam yaratmada \u00f6\u011fretmenler \u00f6\u011frenme ve \u00f6\u011fretme ortam\u0131n\u0131n y\u00f6neticisi olarak \u00f6\u011frenci davran\u0131\u015flar\u0131n\u0131<span class=\"excerpt-hellip\"> [\u2026]<\/span><\/p>\n","protected":false},"featured_media":0,"template":"","meta":{"_monsterinsights_skip_tracking":false,"_monsterinsights_sitenote_active":false,"_monsterinsights_sitenote_note":"","_monsterinsights_sitenote_category":0},"product_brand":[],"product_cat":[12312,12304],"product_tag":[],"class_list":{"0":"post-705959","1":"product","2":"type-product","3":"status-publish","5":"product_cat-diger","6":"product_cat-tarih","7":"pa_cilt-ciltsiz","8":"pa_tur-kitap","9":"pa_yayinevi-ani-yayincilik","10":"pa_yazar-celal-teyyar-ugurlu","12":"first","13":"instock","14":"sale","15":"shipping-taxable","16":"purchasable","17":"product-type-simple"},"_links":{"self":[{"href":"https:\/\/roveyayinevi.com.tr\/index.php\/wp-json\/wp\/v2\/product\/705959","targetHints":{"allow":["GET"]}}],"collection":[{"href":"https:\/\/roveyayinevi.com.tr\/index.php\/wp-json\/wp\/v2\/product"}],"about":[{"href":"https:\/\/roveyayinevi.com.tr\/index.php\/wp-json\/wp\/v2\/types\/product"}],"wp:attachment":[{"href":"https:\/\/roveyayinevi.com.tr\/index.php\/wp-json\/wp\/v2\/media?parent=705959"}],"wp:term":[{"taxonomy":"product_brand","embeddable":true,"href":"https:\/\/roveyayinevi.com.tr\/index.php\/wp-json\/wp\/v2\/product_brand?post=705959"},{"taxonomy":"product_cat","embeddable":true,"href":"https:\/\/roveyayinevi.com.tr\/index.php\/wp-json\/wp\/v2\/product_cat?post=705959"},{"taxonomy":"product_tag","embeddable":true,"href":"https:\/\/roveyayinevi.com.tr\/index.php\/wp-json\/wp\/v2\/product_tag?post=705959"}],"curies":[{"name":"wp","href":"https:\/\/api.w.org\/{rel}","templated":true}]}}