{"id":705956,"date":"2025-08-27T15:51:04","date_gmt":"2025-08-27T12:51:04","guid":{"rendered":"https:\/\/roveyayinevi.com.tr\/index.php\/urun\/mis-gibi-site-ankarada-bir-toki-gecekondu-donusum-sitesi\/"},"modified":"2026-04-16T02:14:33","modified_gmt":"2026-04-15T23:14:33","slug":"mis-gibi-site-ankarada-bir-toki-gecekondu-donusum-sitesi","status":"publish","type":"product","link":"https:\/\/roveyayinevi.com.tr\/index.php\/urun\/mis-gibi-site-ankarada-bir-toki-gecekondu-donusum-sitesi\/","title":{"rendered":"M\u0131\u015f Gibi Site: Ankara&#8217;da Bir TOK\u0130 Gecekondu D\u00f6n\u00fc\u015f\u00fcm Sitesi"},"content":{"rendered":"<p>\u201cBenim orada iyi k\u00f6t\u00fc bir gecekondum vard\u0131.\u201d \u201cOralar \u00e7ok g\u00fczeldi. Ke\u015fke gelmeseydik. Buraya gelmemiz kendi iste\u011fimizle olmad\u0131. Belediye taraf\u0131ndan \u00fc\u00e7k\u00e2\u011f\u0131da getirildik, \u00e7ok g\u00fczel kand\u0131r\u0131ld\u0131k.\u201d \u201cLojmanlar\u0131 g\u00f6rd\u00fcler, bedava sand\u0131lar. Y\u0131kan geldi, y\u0131kan geldi. \u2018Aman\u0131\u0131n! \u015eofbeni de var, \u0131l\u0131k suyu da var. Hadi gelin, hadi gidek!\u2019 Bizler y\u0131kt\u0131k elimizle, belediye y\u0131kmad\u0131. Sevindik geldik, sevindik geldik.\u201d Toplu Konut \u0130daresi\u2019nin (TOK\u0130) k\u0131saltmas\u0131yla simgelenen kentsel d\u00f6n\u00fc\u015f\u00fcm program\u0131, birka\u00e7 y\u0131ld\u0131r T\u00fcrkiye\u2019nin \u015fehirlerini; yoksul mek\u00e2nlar\u0131n\u0131 de\u011fi\u015ftiriyor, d\u00f6n\u00fc\u015ft\u00fcr\u00fcyor. Elinizdeki kitap, b\u00f6yle bir tecr\u00fcbeyi, bir gecekondu mahallesinin toplu konut sitesine d\u00f6n\u00fc\u015f\u00fcm hik\u00e2yesini anlat\u0131yor. Ger\u00e7ekten, bir hayat hik\u00e2yesi bu: Bir hayat\u0131n ba\u015ftan a\u015fa\u011f\u0131 de\u011fi\u015fmesinin ve bunun getirdi\u011fi sars\u0131nt\u0131lar\u0131n hik\u00e2yesi. Bir yandan gecekondu hayat\u0131n\u0131n kaybedilen de\u011ferlerine, al\u0131\u015fkanl\u0131klar\u0131na duyulan \u00f6zlem, di\u011fer yandan gecekondu al\u0131\u015fkanl\u0131klar\u0131n\u0131n toplu konutlarda da s\u00fcrmesi\u2026 Kom\u015fuluk tarz\u0131n\u0131n de\u011fi\u015fmesi\u2026 Sosyal yard\u0131m siyasetinin etkileri\u2026 Umulan ve ba\u015flang\u0131\u00e7ta cezbeden konforun h\u0131zla yiti\u015fi ve kar\u015f\u0131la\u015f\u0131lan maddi zorluklar\u2026 \u201cKand\u0131r\u0131ld\u0131k\u201d duygusu\u2026 \u201c\u015eehirli olman\u0131n\u201d ve \u201ckurall\u0131 ya\u015fam\u0131n\u201d \u201cm\u0131\u015f gibi\u201dsi \u2026 Neoliberal kentsel d\u00f6n\u00fc\u015f\u00fcm\u00fcn analizini, roman canl\u0131l\u0131\u011f\u0131yla yapan bir \u00e7al\u0131\u015fma.<\/p>\n","protected":false},"excerpt":{"rendered":"<p>\u201cBenim orada iyi k\u00f6t\u00fc bir gecekondum vard\u0131.\u201d \u201cOralar \u00e7ok g\u00fczeldi. Ke\u015fke gelmeseydik. Buraya gelmemiz kendi iste\u011fimizle olmad\u0131. Belediye taraf\u0131ndan \u00fc\u00e7k\u00e2\u011f\u0131da getirildik, \u00e7ok g\u00fczel kand\u0131r\u0131ld\u0131k.\u201d \u201cLojmanlar\u0131 g\u00f6rd\u00fcler,<span class=\"excerpt-hellip\"> [\u2026]<\/span><\/p>\n","protected":false},"featured_media":0,"template":"","meta":{"_monsterinsights_skip_tracking":false,"_monsterinsights_sitenote_active":false,"_monsterinsights_sitenote_note":"","_monsterinsights_sitenote_category":0},"product_brand":[],"product_cat":[12767,12324],"product_tag":[],"class_list":{"0":"post-705956","1":"product","2":"type-product","3":"status-publish","5":"product_cat-kentlesme-modernlesme","6":"product_cat-sosyoloji","7":"pa_cilt-ciltsiz","8":"pa_tur-kitap","9":"pa_yayinevi-iletisim-yayinlari","10":"pa_yazar-tahire-erman","12":"first","13":"instock","14":"sale","15":"shipping-taxable","16":"purchasable","17":"product-type-simple"},"_links":{"self":[{"href":"https:\/\/roveyayinevi.com.tr\/index.php\/wp-json\/wp\/v2\/product\/705956","targetHints":{"allow":["GET"]}}],"collection":[{"href":"https:\/\/roveyayinevi.com.tr\/index.php\/wp-json\/wp\/v2\/product"}],"about":[{"href":"https:\/\/roveyayinevi.com.tr\/index.php\/wp-json\/wp\/v2\/types\/product"}],"wp:attachment":[{"href":"https:\/\/roveyayinevi.com.tr\/index.php\/wp-json\/wp\/v2\/media?parent=705956"}],"wp:term":[{"taxonomy":"product_brand","embeddable":true,"href":"https:\/\/roveyayinevi.com.tr\/index.php\/wp-json\/wp\/v2\/product_brand?post=705956"},{"taxonomy":"product_cat","embeddable":true,"href":"https:\/\/roveyayinevi.com.tr\/index.php\/wp-json\/wp\/v2\/product_cat?post=705956"},{"taxonomy":"product_tag","embeddable":true,"href":"https:\/\/roveyayinevi.com.tr\/index.php\/wp-json\/wp\/v2\/product_tag?post=705956"}],"curies":[{"name":"wp","href":"https:\/\/api.w.org\/{rel}","templated":true}]}}