{"id":705952,"date":"2025-08-27T15:51:03","date_gmt":"2025-08-27T12:51:03","guid":{"rendered":"https:\/\/roveyayinevi.com.tr\/index.php\/urun\/genetik\/"},"modified":"2026-04-16T02:14:33","modified_gmt":"2026-04-15T23:14:33","slug":"genetik","status":"publish","type":"product","link":"https:\/\/roveyayinevi.com.tr\/index.php\/urun\/genetik\/","title":{"rendered":"Genetik"},"content":{"rendered":"<p>Genetik, ana-baba \u00f6zelliklerinin yavrulara aktar\u0131lmas\u0131n\u0131n, yani kal\u0131t\u0131m\u0131n mekanizmalar\u0131n\u0131 a\u00e7\u0131klad\u0131\u011f\u0131 gibi; do\u011fadaki t\u00fcm canl\u0131larda g\u00f6zlenen \u00e7e\u015fitlili\u011fin nedenlerini de a\u00e7\u0131klar. Bitki ve hayvan \u0131slah\u0131ndan tar\u0131ma ve eczac\u0131l\u0131ktan hekimli\u011fe kadar her alanda uygulamalar\u0131 bulunmaktad\u0131r. G\u00fcn\u00fcm\u00fczde ise, insan genom projesinden rekombinant DNA teknolojisine; transgenik bitki ve hayvanlar\u0131n elde edilmesine kadar ilerlemi\u015ftir. \ufffc<\/p>\n","protected":false},"excerpt":{"rendered":"<p>Genetik, ana-baba \u00f6zelliklerinin yavrulara aktar\u0131lmas\u0131n\u0131n, yani kal\u0131t\u0131m\u0131n mekanizmalar\u0131n\u0131 a\u00e7\u0131klad\u0131\u011f\u0131 gibi; do\u011fadaki t\u00fcm canl\u0131larda g\u00f6zlenen \u00e7e\u015fitlili\u011fin nedenlerini de a\u00e7\u0131klar. Bitki ve hayvan \u0131slah\u0131ndan tar\u0131ma ve eczac\u0131l\u0131ktan hekimli\u011fe<span class=\"excerpt-hellip\"> [\u2026]<\/span><\/p>\n","protected":false},"featured_media":0,"template":"","meta":{"_monsterinsights_skip_tracking":false,"_monsterinsights_sitenote_active":false,"_monsterinsights_sitenote_note":"","_monsterinsights_sitenote_category":0},"product_brand":[],"product_cat":[13005,38128],"product_tag":[],"class_list":{"0":"post-705952","1":"product","2":"type-product","3":"status-publish","5":"product_cat-bilim-muhendislik","6":"product_cat-tip-bilimleri","7":"pa_cilt-ciltsiz","8":"pa_tur-kitap","9":"pa_yayinevi-ani-yayincilik","10":"pa_yazar-zafer-bahceci","12":"first","13":"instock","14":"sale","15":"shipping-taxable","16":"purchasable","17":"product-type-simple"},"_links":{"self":[{"href":"https:\/\/roveyayinevi.com.tr\/index.php\/wp-json\/wp\/v2\/product\/705952","targetHints":{"allow":["GET"]}}],"collection":[{"href":"https:\/\/roveyayinevi.com.tr\/index.php\/wp-json\/wp\/v2\/product"}],"about":[{"href":"https:\/\/roveyayinevi.com.tr\/index.php\/wp-json\/wp\/v2\/types\/product"}],"wp:attachment":[{"href":"https:\/\/roveyayinevi.com.tr\/index.php\/wp-json\/wp\/v2\/media?parent=705952"}],"wp:term":[{"taxonomy":"product_brand","embeddable":true,"href":"https:\/\/roveyayinevi.com.tr\/index.php\/wp-json\/wp\/v2\/product_brand?post=705952"},{"taxonomy":"product_cat","embeddable":true,"href":"https:\/\/roveyayinevi.com.tr\/index.php\/wp-json\/wp\/v2\/product_cat?post=705952"},{"taxonomy":"product_tag","embeddable":true,"href":"https:\/\/roveyayinevi.com.tr\/index.php\/wp-json\/wp\/v2\/product_tag?post=705952"}],"curies":[{"name":"wp","href":"https:\/\/api.w.org\/{rel}","templated":true}]}}