{"id":705948,"date":"2025-08-27T15:51:01","date_gmt":"2025-08-27T12:51:01","guid":{"rendered":"https:\/\/roveyayinevi.com.tr\/index.php\/urun\/zamani-yasamak\/"},"modified":"2026-04-16T02:14:33","modified_gmt":"2026-04-15T23:14:33","slug":"zamani-yasamak","status":"publish","type":"product","link":"https:\/\/roveyayinevi.com.tr\/index.php\/urun\/zamani-yasamak\/","title":{"rendered":"Zaman\u0131 Ya\u015famak"},"content":{"rendered":"<p>Zaman ak\u0131p gidiyor, \u00fcstelik bizim onunla olan ili\u015fkimiz de giderek zay\u0131fl\u0131yor. Peki, bunun ne kadar fark\u0131nday\u0131z? Bu ak\u0131\u015f\u0131n i\u00e7erisindeki yerimiz nedir? Hem g\u00fcndelik ya\u015fam\u0131m\u0131z\u0131 hem de sosyal ya\u015fam\u0131m\u0131z\u0131 yeniden bi\u00e7imlendirmede zaman\u0131n i\u015flevi nedir? Yoksa zaman\u0131 da m\u0131 yo\u011funlu\u011fumuzdan \u00f6t\u00fcr\u00fc kaybettik? Jean Chesneaux, bu sorular\u0131n cevaplar\u0131n\u0131 Ernst Bloch, Hans Jonas, George Orwell, Paul Ricoeur, Martin Heidegger, Walter Benjamin ve P\u00e9guy gibi \u00e7e\u015fitli isimler e\u015fli\u011finde bulmaya \u00e7al\u0131\u015f\u0131yor. \u015eimdinin i\u00e7ine hapsolmu\u015f ya\u015fant\u0131m\u0131z\u0131 tarihi, felsefi, antropolojik ve siyasi a\u00e7\u0131lardan olduk\u00e7a detayl\u0131 bir \u015fekilde inceliyor. Bat\u0131 toplumlar\u0131n\u0131n en b\u00fcy\u00fck sorunu haline gelmi\u015f olan toplumsal, duygusal bunal\u0131m\u0131n beraberinde getirdi\u011fi zaman bunal\u0131m\u0131na de\u011finiyor. Zaman bunal\u0131m\u0131 ayn\u0131 zamanda anlam bunal\u0131m\u0131 da. Geli\u015fen teknolojilerin, verimlilik ve k\u00e2r odakl\u0131 beklentilerimizin ya\u015fant\u0131m\u0131z \u00fczerindeki etkilerini ve ge\u00e7mi\u015f, \u015fimdiki zaman ve gelece\u011fin \u00e7arp\u0131\u015fmas\u0131 sonucunda \u015fimdinin i\u00e7ine s\u0131k\u0131\u015fmam\u0131z\u0131 sorgularken zaman\u0131n sadece ki\u015fisel olmad\u0131\u011f\u0131n\u0131, siyasal bir erek oldu\u011funu da belirtiyor. Kopernik devrimi \u015fimdiden ge\u00e7mi\u015fe do\u011fru gitmemiz gerekti\u011fini s\u00f6yl\u00fcyor. Bizim ise yapmam\u0131z gereken ge\u00e7mi\u015ften edindi\u011fimiz deneyimlerle gelece\u011fe daha sa\u011flam ad\u0131mlarla y\u00fcr\u00fcmek. Bu ba\u011flamda, zaman\u0131n hem tutsa\u011f\u0131 hem de yetimi olmu\u015f bizler i\u00e7in zaman\u0131 yeniden ele ge\u00e7irmek ve in\u015fa etmek m\u00fcmk\u00fcn m\u00fc? Bireysel varl\u0131\u011f\u0131m\u0131z\u0131 toplum i\u00e7indeki varl\u0131\u011f\u0131m\u0131zla yeniden nas\u0131l bar\u0131\u015ft\u0131rabiliriz? Ya\u015fam sanat\u0131m\u0131z\u0131 zaman\u0131m\u0131za nas\u0131l entegre etmeliyiz? Daha nice sorunun cevaplar\u0131 i\u00e7in bu kitap&#8230; <\/p>\n","protected":false},"excerpt":{"rendered":"<p>Zaman ak\u0131p gidiyor, \u00fcstelik bizim onunla olan ili\u015fkimiz de giderek zay\u0131fl\u0131yor. Peki, bunun ne kadar fark\u0131nday\u0131z? Bu ak\u0131\u015f\u0131n i\u00e7erisindeki yerimiz nedir? Hem g\u00fcndelik ya\u015fam\u0131m\u0131z\u0131 hem de<span class=\"excerpt-hellip\"> [\u2026]<\/span><\/p>\n","protected":false},"featured_media":0,"template":"","meta":{"_monsterinsights_skip_tracking":false,"_monsterinsights_sitenote_active":false,"_monsterinsights_sitenote_note":"","_monsterinsights_sitenote_category":0},"product_brand":[],"product_cat":[12777,12291],"product_tag":[],"class_list":{"0":"post-705948","1":"product","2":"type-product","3":"status-publish","5":"product_cat-deneme","6":"product_cat-edebiyat","7":"pa_cilt-ciltsiz","8":"pa_tur-kitap","9":"pa_yayinevi-ayrinti-yayinlari","10":"pa_yazar-jean-chesneaux","12":"first","13":"instock","14":"sale","15":"shipping-taxable","16":"purchasable","17":"product-type-simple"},"_links":{"self":[{"href":"https:\/\/roveyayinevi.com.tr\/index.php\/wp-json\/wp\/v2\/product\/705948","targetHints":{"allow":["GET"]}}],"collection":[{"href":"https:\/\/roveyayinevi.com.tr\/index.php\/wp-json\/wp\/v2\/product"}],"about":[{"href":"https:\/\/roveyayinevi.com.tr\/index.php\/wp-json\/wp\/v2\/types\/product"}],"wp:attachment":[{"href":"https:\/\/roveyayinevi.com.tr\/index.php\/wp-json\/wp\/v2\/media?parent=705948"}],"wp:term":[{"taxonomy":"product_brand","embeddable":true,"href":"https:\/\/roveyayinevi.com.tr\/index.php\/wp-json\/wp\/v2\/product_brand?post=705948"},{"taxonomy":"product_cat","embeddable":true,"href":"https:\/\/roveyayinevi.com.tr\/index.php\/wp-json\/wp\/v2\/product_cat?post=705948"},{"taxonomy":"product_tag","embeddable":true,"href":"https:\/\/roveyayinevi.com.tr\/index.php\/wp-json\/wp\/v2\/product_tag?post=705948"}],"curies":[{"name":"wp","href":"https:\/\/api.w.org\/{rel}","templated":true}]}}