{"id":705947,"date":"2025-08-27T15:51:01","date_gmt":"2025-08-27T12:51:01","guid":{"rendered":"https:\/\/roveyayinevi.com.tr\/index.php\/urun\/naratif-terapi\/"},"modified":"2026-04-16T02:14:33","modified_gmt":"2026-04-15T23:14:33","slug":"naratif-terapi","status":"publish","type":"product","link":"https:\/\/roveyayinevi.com.tr\/index.php\/urun\/naratif-terapi\/","title":{"rendered":"Naratif Terapi"},"content":{"rendered":"<p>\u0130lk olarak David Epston ve Michael White taraf\u0131ndan geli\u015ftirilen Naratif Terapi\u2019ye g\u00f6re ya\u015fam bir\u00e7ok \u00f6yk\u00fcy\u00fc i\u00e7inde bar\u0131nd\u0131r\u0131r. Anlatt\u0131\u011f\u0131m\u0131z baz\u0131 \u00f6yk\u00fcler \u00e7oktand\u0131r varl\u0131\u011f\u0131n\u0131 s\u00fcrd\u00fcren, bizlere dair alg\u0131lar\u0131 ortaya koyar. Bunlar, etraf\u0131m\u0131z\u0131 saran egemen k\u00fclt\u00fcrle \u015fekillenir. Birtak\u0131m ba\u015fka \u00f6yk\u00fclerse kim oldu\u011fumuza veya kim olabilece\u011fimize dairdir; ve bunlar da bazen bast\u0131r\u0131labilir ve hat\u0131rlad\u0131\u011f\u0131m\u0131z deneyimlerin s\u0131n\u0131rlar\u0131na itilebilir. Ama anlatt\u0131\u011f\u0131m\u0131z ve de anlatmad\u0131\u011f\u0131m\u0131z \u00f6yk\u00fcler, her ne olursa olsun, ya\u015famlar\u0131m\u0131z\u0131 hem s\u0131n\u0131rlama hem de \u00f6zg\u00fcrle\u015ftirme g\u00fcc\u00fc ta\u015f\u0131r. Naratif Terapi yakla\u015f\u0131m\u0131nda terapist ve dan\u0131\u015fan, dan\u0131\u015fan\u0131n sorun \u00f6yk\u00fcs\u00fcn\u00fc beraberce yeniden yazar. Stephen Madigan bu kitapta Naratif Terapi kuram\u0131n\u0131, tarih\u00e7esini, terapi s\u00fcrecini, \u00f6ncelikli de\u011fi\u015fim mekanizmalar\u0131n\u0131 ve etkilili\u011fi i\u00e7in gerekli olan deneysel temelleri anlatmaktad\u0131r. <\/p>\n","protected":false},"excerpt":{"rendered":"<p>\u0130lk olarak David Epston ve Michael White taraf\u0131ndan geli\u015ftirilen Naratif Terapi\u2019ye g\u00f6re ya\u015fam bir\u00e7ok \u00f6yk\u00fcy\u00fc i\u00e7inde bar\u0131nd\u0131r\u0131r. Anlatt\u0131\u011f\u0131m\u0131z baz\u0131 \u00f6yk\u00fcler \u00e7oktand\u0131r varl\u0131\u011f\u0131n\u0131 s\u00fcrd\u00fcren, bizlere dair alg\u0131lar\u0131<span class=\"excerpt-hellip\"> [\u2026]<\/span><\/p>\n","protected":false},"featured_media":0,"template":"","meta":{"_monsterinsights_skip_tracking":false,"_monsterinsights_sitenote_active":false,"_monsterinsights_sitenote_note":"","_monsterinsights_sitenote_category":0},"product_brand":[],"product_cat":[38801,12357],"product_tag":[],"class_list":{"0":"post-705947","1":"product","2":"type-product","3":"status-publish","5":"product_cat-ekoller-ve-yaklasimlar","6":"product_cat-psikoloji","7":"pa_tur-kitap","8":"pa_yayinevi-okuyan-us-yayin","9":"pa_yazar-stephen-a-madigan","11":"first","12":"instock","13":"sale","14":"shipping-taxable","15":"purchasable","16":"product-type-simple"},"_links":{"self":[{"href":"https:\/\/roveyayinevi.com.tr\/index.php\/wp-json\/wp\/v2\/product\/705947","targetHints":{"allow":["GET"]}}],"collection":[{"href":"https:\/\/roveyayinevi.com.tr\/index.php\/wp-json\/wp\/v2\/product"}],"about":[{"href":"https:\/\/roveyayinevi.com.tr\/index.php\/wp-json\/wp\/v2\/types\/product"}],"wp:attachment":[{"href":"https:\/\/roveyayinevi.com.tr\/index.php\/wp-json\/wp\/v2\/media?parent=705947"}],"wp:term":[{"taxonomy":"product_brand","embeddable":true,"href":"https:\/\/roveyayinevi.com.tr\/index.php\/wp-json\/wp\/v2\/product_brand?post=705947"},{"taxonomy":"product_cat","embeddable":true,"href":"https:\/\/roveyayinevi.com.tr\/index.php\/wp-json\/wp\/v2\/product_cat?post=705947"},{"taxonomy":"product_tag","embeddable":true,"href":"https:\/\/roveyayinevi.com.tr\/index.php\/wp-json\/wp\/v2\/product_tag?post=705947"}],"curies":[{"name":"wp","href":"https:\/\/api.w.org\/{rel}","templated":true}]}}