{"id":705946,"date":"2025-08-27T15:51:00","date_gmt":"2025-08-27T12:51:00","guid":{"rendered":"https:\/\/roveyayinevi.com.tr\/index.php\/urun\/oteki-pusula\/"},"modified":"2026-04-16T02:14:33","modified_gmt":"2026-04-15T23:14:33","slug":"oteki-pusula","status":"publish","type":"product","link":"https:\/\/roveyayinevi.com.tr\/index.php\/urun\/oteki-pusula\/","title":{"rendered":"\u00d6teki Pusula"},"content":{"rendered":"<p>\u0130nsan, tek ba\u015f\u0131na \u0131ss\u0131z bir adaya d\u00fc\u015ferse, ilk i\u015fi can\u0131n\u0131 kurtarman\u0131n yolunu aramakt\u0131r; okumay\u0131 yazmay\u0131 akl\u0131ndan ge\u00e7iremez. K\u00f6r cahil de\u011filse, hemen Robinson Crusoe\u2019yu d\u00fc\u015f\u00fcnecek, onun neler yapm\u0131\u015f oldu\u011funu an\u0131msamaya \u00e7al\u0131\u015facakt\u0131r. Kitaplar\u0131 nas\u0131l okudu\u011funuzu, ne kadar\u0131n\u0131 sindirdi\u011finizi kavraman\u0131n bundan amans\u0131z yolu asl\u0131nda yoktur! Bir dolu canal\u0131c\u0131 ayr\u0131nt\u0131y\u0131 \u00fcst\u00fcnk\u00f6r\u00fc okudu\u011funuz i\u00e7in an\u0131msayamad\u0131\u011f\u0131n\u0131z\u0131 \u015fimdi \u201cm\u0131\u015f gibi yaparak\u201d anlayabilirsiniz. Dahas\u0131, \u201cate\u015f yakmak\u201d Jack London\u2019\u0131n bir kitab\u0131n\u0131n ba\u015fl\u0131\u011f\u0131 olman\u0131n \u00f6tesinde \u201cya\u015fama prati\u011fi\u201dnden ne \u00f6l\u00e7\u00fcde uzak bir e\u011fitimden ge\u00e7ti\u011finizi de kan\u0131tlayacakt\u0131r size. <\/p>\n","protected":false},"excerpt":{"rendered":"<p>\u0130nsan, tek ba\u015f\u0131na \u0131ss\u0131z bir adaya d\u00fc\u015ferse, ilk i\u015fi can\u0131n\u0131 kurtarman\u0131n yolunu aramakt\u0131r; okumay\u0131 yazmay\u0131 akl\u0131ndan ge\u00e7iremez. K\u00f6r cahil de\u011filse, hemen Robinson Crusoe\u2019yu d\u00fc\u015f\u00fcnecek, onun neler<span class=\"excerpt-hellip\"> [\u2026]<\/span><\/p>\n","protected":false},"featured_media":0,"template":"","meta":{"_monsterinsights_skip_tracking":false,"_monsterinsights_sitenote_active":false,"_monsterinsights_sitenote_note":"","_monsterinsights_sitenote_category":0},"product_brand":[],"product_cat":[12777,12291],"product_tag":[],"class_list":{"0":"post-705946","1":"product","2":"type-product","3":"status-publish","5":"product_cat-deneme","6":"product_cat-edebiyat","7":"pa_tur-kitap","8":"pa_yayinevi-sel-yayincilik","9":"pa_yazar-enis-batur","11":"first","12":"instock","13":"sale","14":"shipping-taxable","15":"purchasable","16":"product-type-simple"},"_links":{"self":[{"href":"https:\/\/roveyayinevi.com.tr\/index.php\/wp-json\/wp\/v2\/product\/705946","targetHints":{"allow":["GET"]}}],"collection":[{"href":"https:\/\/roveyayinevi.com.tr\/index.php\/wp-json\/wp\/v2\/product"}],"about":[{"href":"https:\/\/roveyayinevi.com.tr\/index.php\/wp-json\/wp\/v2\/types\/product"}],"wp:attachment":[{"href":"https:\/\/roveyayinevi.com.tr\/index.php\/wp-json\/wp\/v2\/media?parent=705946"}],"wp:term":[{"taxonomy":"product_brand","embeddable":true,"href":"https:\/\/roveyayinevi.com.tr\/index.php\/wp-json\/wp\/v2\/product_brand?post=705946"},{"taxonomy":"product_cat","embeddable":true,"href":"https:\/\/roveyayinevi.com.tr\/index.php\/wp-json\/wp\/v2\/product_cat?post=705946"},{"taxonomy":"product_tag","embeddable":true,"href":"https:\/\/roveyayinevi.com.tr\/index.php\/wp-json\/wp\/v2\/product_tag?post=705946"}],"curies":[{"name":"wp","href":"https:\/\/api.w.org\/{rel}","templated":true}]}}