{"id":705941,"date":"2025-08-27T15:50:58","date_gmt":"2025-08-27T12:50:58","guid":{"rendered":"https:\/\/roveyayinevi.com.tr\/index.php\/urun\/etik-ve-politika-dersleri\/"},"modified":"2026-04-16T02:14:33","modified_gmt":"2026-04-15T23:14:33","slug":"etik-ve-politika-dersleri","status":"publish","type":"product","link":"https:\/\/roveyayinevi.com.tr\/index.php\/urun\/etik-ve-politika-dersleri\/","title":{"rendered":"Etik ve Politika Dersleri"},"content":{"rendered":"<p>Bu kitap, Frans\u0131z filozof Henri Bergson\u2019un 1891-1893 y\u0131llar\u0131 aras\u0131nda Paris\u2019in \u00fcnl\u00fc Henri-4 Lisesinde etik ve politika \u00fczerine verdi\u011fi dersleri kapsar. Bergson bu derslerle \u00f6\u011frencilerini Ecole Normale Superieure s\u0131navlar\u0131na yani Jean-Paul Sartre, Michel Foucault ve Jacques Derrida gibi d\u00fcnya \u00e7ap\u0131nda bir\u00e7ok filozof yeti\u015ftiren y\u00fcksekokulun s\u0131navlar\u0131na haz\u0131rl\u0131yordu. Tarihsel bir perspektif sunman\u0131n yan\u0131nda onlar\u0131 g\u00fcncel felsefi tart\u0131\u015fmalardan da haberdar k\u0131l\u0131yordu. Tabii bunun yan\u0131nda ilerdeki eserlerinin de yap\u0131ta\u015flar\u0131n\u0131 sunuyordu. <\/p>\n","protected":false},"excerpt":{"rendered":"<p>Bu kitap, Frans\u0131z filozof Henri Bergson\u2019un 1891-1893 y\u0131llar\u0131 aras\u0131nda Paris\u2019in \u00fcnl\u00fc Henri-4 Lisesinde etik ve politika \u00fczerine verdi\u011fi dersleri kapsar. Bergson bu derslerle \u00f6\u011frencilerini Ecole Normale<span class=\"excerpt-hellip\"> [\u2026]<\/span><\/p>\n","protected":false},"featured_media":0,"template":"","meta":{"_monsterinsights_skip_tracking":false,"_monsterinsights_sitenote_active":false,"_monsterinsights_sitenote_note":"","_monsterinsights_sitenote_category":0},"product_brand":[],"product_cat":[15319,12388],"product_tag":[],"class_list":{"0":"post-705941","1":"product","2":"type-product","3":"status-publish","5":"product_cat-etik","6":"product_cat-felsefe","7":"pa_tur-kitap","8":"pa_yayinevi-pinhan-yayincilik","9":"pa_yazar-henri-bergson","11":"first","12":"instock","13":"sale","14":"shipping-taxable","15":"purchasable","16":"product-type-simple"},"_links":{"self":[{"href":"https:\/\/roveyayinevi.com.tr\/index.php\/wp-json\/wp\/v2\/product\/705941","targetHints":{"allow":["GET"]}}],"collection":[{"href":"https:\/\/roveyayinevi.com.tr\/index.php\/wp-json\/wp\/v2\/product"}],"about":[{"href":"https:\/\/roveyayinevi.com.tr\/index.php\/wp-json\/wp\/v2\/types\/product"}],"wp:attachment":[{"href":"https:\/\/roveyayinevi.com.tr\/index.php\/wp-json\/wp\/v2\/media?parent=705941"}],"wp:term":[{"taxonomy":"product_brand","embeddable":true,"href":"https:\/\/roveyayinevi.com.tr\/index.php\/wp-json\/wp\/v2\/product_brand?post=705941"},{"taxonomy":"product_cat","embeddable":true,"href":"https:\/\/roveyayinevi.com.tr\/index.php\/wp-json\/wp\/v2\/product_cat?post=705941"},{"taxonomy":"product_tag","embeddable":true,"href":"https:\/\/roveyayinevi.com.tr\/index.php\/wp-json\/wp\/v2\/product_tag?post=705941"}],"curies":[{"name":"wp","href":"https:\/\/api.w.org\/{rel}","templated":true}]}}