{"id":705940,"date":"2025-08-27T15:50:58","date_gmt":"2025-08-27T12:50:58","guid":{"rendered":"https:\/\/roveyayinevi.com.tr\/index.php\/urun\/kirik-ayna-2\/"},"modified":"2026-04-16T02:14:33","modified_gmt":"2026-04-15T23:14:33","slug":"kirik-ayna-2","status":"publish","type":"product","link":"https:\/\/roveyayinevi.com.tr\/index.php\/urun\/kirik-ayna-2\/","title":{"rendered":"K\u0131r\u0131k Ayna"},"content":{"rendered":"<p>\u201cParma\u011f\u0131n\u0131n ucuyla arkaya att\u0131\u011f\u0131nSa\u00e7lar\u0131n\u0131n sonbahar\u0131na d\u00fc\u015ft\u00fcmElimi tut, yaln\u0131zl\u0131\u011f\u0131m\u0131 ok\u015faG\u00f6z\u00fcn\u00fcn izi kals\u0131n g\u00f6z\u00fcmde\u2026 <\/p>\n","protected":false},"excerpt":{"rendered":"<p>\u201cParma\u011f\u0131n\u0131n ucuyla arkaya att\u0131\u011f\u0131nSa\u00e7lar\u0131n\u0131n sonbahar\u0131na d\u00fc\u015ft\u00fcmElimi tut, yaln\u0131zl\u0131\u011f\u0131m\u0131 ok\u015faG\u00f6z\u00fcn\u00fcn izi kals\u0131n g\u00f6z\u00fcmde\u2026<\/p>\n","protected":false},"featured_media":0,"template":"","meta":{"_monsterinsights_skip_tracking":false,"_monsterinsights_sitenote_active":false,"_monsterinsights_sitenote_note":"","_monsterinsights_sitenote_category":0},"product_brand":[],"product_cat":[12291,12509],"product_tag":[],"class_list":{"0":"post-705940","1":"product","2":"type-product","3":"status-publish","5":"product_cat-edebiyat","6":"product_cat-siir","7":"pa_tur-kitap","8":"pa_yayinevi-islik-yayinlari","9":"pa_yazar-refik-durbas","11":"first","12":"instock","13":"sale","14":"shipping-taxable","15":"purchasable","16":"product-type-simple"},"_links":{"self":[{"href":"https:\/\/roveyayinevi.com.tr\/index.php\/wp-json\/wp\/v2\/product\/705940","targetHints":{"allow":["GET"]}}],"collection":[{"href":"https:\/\/roveyayinevi.com.tr\/index.php\/wp-json\/wp\/v2\/product"}],"about":[{"href":"https:\/\/roveyayinevi.com.tr\/index.php\/wp-json\/wp\/v2\/types\/product"}],"wp:attachment":[{"href":"https:\/\/roveyayinevi.com.tr\/index.php\/wp-json\/wp\/v2\/media?parent=705940"}],"wp:term":[{"taxonomy":"product_brand","embeddable":true,"href":"https:\/\/roveyayinevi.com.tr\/index.php\/wp-json\/wp\/v2\/product_brand?post=705940"},{"taxonomy":"product_cat","embeddable":true,"href":"https:\/\/roveyayinevi.com.tr\/index.php\/wp-json\/wp\/v2\/product_cat?post=705940"},{"taxonomy":"product_tag","embeddable":true,"href":"https:\/\/roveyayinevi.com.tr\/index.php\/wp-json\/wp\/v2\/product_tag?post=705940"}],"curies":[{"name":"wp","href":"https:\/\/api.w.org\/{rel}","templated":true}]}}