{"id":705937,"date":"2025-08-27T15:50:56","date_gmt":"2025-08-27T12:50:56","guid":{"rendered":"https:\/\/roveyayinevi.com.tr\/index.php\/urun\/sukurler-olsun-allahim\/"},"modified":"2026-04-16T02:14:33","modified_gmt":"2026-04-15T23:14:33","slug":"sukurler-olsun-allahim","status":"publish","type":"product","link":"https:\/\/roveyayinevi.com.tr\/index.php\/urun\/sukurler-olsun-allahim\/","title":{"rendered":"\u015e\u00fck\u00fcrler Olsun Allah&#8217;\u0131m"},"content":{"rendered":"<p>Mart\u0131 Pa\u015fa, Ar\u0131 B\u0131c\u0131r\u0131k, O\u011flak Gubidik, Ate\u015f B\u00f6ce\u011fi I\u015f\u0131ldak, Kar\u0131nca Nunu, Bal\u0131k Beta ve birbirinden e\u011flenceli karakterler, Allah&#8217;\u0131n varl\u0131\u011f\u0131n\u0131 anlat\u0131yor. G\u00f6klerin mavili\u011fi, k\u0131rlar\u0131n ye\u015filli\u011fi, \u00e7i\u00e7eklerin mis gibi kokular\u0131, denizin derinlikleri, hayvanlar\u0131n ilgin\u00e7 \u00f6zellikleri bu kitapta okurlar\u0131n\u0131 bekliyor. \ufffcTan\u0131t\u0131m Metni<\/p>\n","protected":false},"excerpt":{"rendered":"<p>Mart\u0131 Pa\u015fa, Ar\u0131 B\u0131c\u0131r\u0131k, O\u011flak Gubidik, Ate\u015f B\u00f6ce\u011fi I\u015f\u0131ldak, Kar\u0131nca Nunu, Bal\u0131k Beta ve birbirinden e\u011flenceli karakterler, Allah&#8217;\u0131n varl\u0131\u011f\u0131n\u0131 anlat\u0131yor. G\u00f6klerin mavili\u011fi, k\u0131rlar\u0131n ye\u015filli\u011fi, \u00e7i\u00e7eklerin mis<span class=\"excerpt-hellip\"> [\u2026]<\/span><\/p>\n","protected":false},"featured_media":0,"template":"","meta":{"_monsterinsights_skip_tracking":false,"_monsterinsights_sitenote_active":false,"_monsterinsights_sitenote_note":"","_monsterinsights_sitenote_category":0},"product_brand":[],"product_cat":[12274,18802],"product_tag":[],"class_list":{"0":"post-705937","1":"product","2":"type-product","3":"status-publish","5":"product_cat-cocuk-ve-genclik-kitaplari","6":"product_cat-din-egitimi","7":"pa_tur-kitap","8":"pa_yayinevi-timas-cocuk","9":"pa_yazar-hekimoglu-ismail","11":"first","12":"instock","13":"sale","14":"shipping-taxable","15":"purchasable","16":"product-type-simple"},"_links":{"self":[{"href":"https:\/\/roveyayinevi.com.tr\/index.php\/wp-json\/wp\/v2\/product\/705937","targetHints":{"allow":["GET"]}}],"collection":[{"href":"https:\/\/roveyayinevi.com.tr\/index.php\/wp-json\/wp\/v2\/product"}],"about":[{"href":"https:\/\/roveyayinevi.com.tr\/index.php\/wp-json\/wp\/v2\/types\/product"}],"wp:attachment":[{"href":"https:\/\/roveyayinevi.com.tr\/index.php\/wp-json\/wp\/v2\/media?parent=705937"}],"wp:term":[{"taxonomy":"product_brand","embeddable":true,"href":"https:\/\/roveyayinevi.com.tr\/index.php\/wp-json\/wp\/v2\/product_brand?post=705937"},{"taxonomy":"product_cat","embeddable":true,"href":"https:\/\/roveyayinevi.com.tr\/index.php\/wp-json\/wp\/v2\/product_cat?post=705937"},{"taxonomy":"product_tag","embeddable":true,"href":"https:\/\/roveyayinevi.com.tr\/index.php\/wp-json\/wp\/v2\/product_tag?post=705937"}],"curies":[{"name":"wp","href":"https:\/\/api.w.org\/{rel}","templated":true}]}}