{"id":705935,"date":"2025-08-27T15:50:55","date_gmt":"2025-08-27T12:50:55","guid":{"rendered":"https:\/\/roveyayinevi.com.tr\/index.php\/urun\/yuregimin-sesini-dinle\/"},"modified":"2026-04-16T02:14:33","modified_gmt":"2026-04-15T23:14:33","slug":"yuregimin-sesini-dinle","status":"publish","type":"product","link":"https:\/\/roveyayinevi.com.tr\/index.php\/urun\/yuregimin-sesini-dinle\/","title":{"rendered":"Y\u00fcre\u011fimin Sesini Dinle"},"content":{"rendered":"<p>1993&#8217;te yay\u0131nlanan Y\u00fcre\u011finin G\u00f6t\u00fcrd\u00fc\u011f\u00fc Yere Git adl\u0131 roman\u0131yla t\u00fcm d\u00fcnyada b\u00fcy\u00fck yank\u0131 uyand\u0131ran Susanna Tamaro, bu yeni roman\u0131nda o b\u00fcy\u00fcleyici \u00f6yk\u00fcn\u00fcn devam\u0131n\u0131 sunuyor okurlar\u0131na. Y\u00fcre\u011finin G\u00f6t\u00fcrd\u00fc\u011f\u00fc Yere Git, 80 ya\u015f\u0131ndaki bir kad\u0131n\u0131n, uzaklara giden gen\u00e7 torununa yazd\u0131\u011f\u0131 mektuplardan olu\u015fuyordu. \u201cYapmaya de\u011fecek tek yolculuk, i\u00e7imize yapaca\u011f\u0131m\u0131z yolculuktur,\u201d diyordu ya\u015fl\u0131 kad\u0131n, \u201co \u00f6zg\u00fcn \u00e7a\u011fr\u0131ya kulak vermeli ve y\u00fcre\u011fimizin g\u00f6t\u00fcrd\u00fc\u011f\u00fc yere gitmeliyiz.\u201d Y\u00fcre\u011fimin Sesini Dinle&#8217;de, art\u0131k gen\u00e7 bir kad\u0131n olan torun, zorlu bir kimlik aray\u0131\u015f\u0131 i\u00e7inde ya\u015fam\u0131n anlam\u0131n\u0131n pe\u015fine d\u00fc\u015fer. Bu aray\u0131\u015f, hem kendi y\u00fcre\u011fine, hem de kutsal topraklara do\u011fru bir yolculu\u011fa \u00e7\u0131kar\u0131r onu. Kendi \u00f6yk\u00fcs\u00fcn\u00fc ke\u015ffetmek i\u00e7in \u00e7\u0131kt\u0131\u011f\u0131 bu yolculu\u011fun sonunda, aile evinin tozlu tavanaras\u0131nda hi\u00e7 ummad\u0131\u011f\u0131 bir \u00f6yk\u00fcye kavu\u015facakt\u0131r: Y\u00fcre\u011finin G\u00f6t\u00fcrd\u00fc\u011f\u00fc Yere Git. Tamaro, bu kez, Y\u00fcre\u011fimin Sesini Dinle diyor okurlar\u0131na: Ya\u015fama bir anlam katmak, \u00f6fkeyi sevgiye, k\u0131rg\u0131nl\u0131klar\u0131 g\u00fcce d\u00f6n\u00fc\u015ft\u00fcrmek i\u00e7in&#8230; \ufffcTan\u0131t\u0131m Metni<\/p>\n","protected":false},"excerpt":{"rendered":"<p>1993&#8217;te yay\u0131nlanan Y\u00fcre\u011finin G\u00f6t\u00fcrd\u00fc\u011f\u00fc Yere Git adl\u0131 roman\u0131yla t\u00fcm d\u00fcnyada b\u00fcy\u00fck yank\u0131 uyand\u0131ran Susanna Tamaro, bu yeni roman\u0131nda o b\u00fcy\u00fcleyici \u00f6yk\u00fcn\u00fcn devam\u0131n\u0131 sunuyor okurlar\u0131na. Y\u00fcre\u011finin G\u00f6t\u00fcrd\u00fc\u011f\u00fc<span class=\"excerpt-hellip\"> [\u2026]<\/span><\/p>\n","protected":false},"featured_media":0,"template":"","meta":{"_monsterinsights_skip_tracking":false,"_monsterinsights_sitenote_active":false,"_monsterinsights_sitenote_note":"","_monsterinsights_sitenote_category":0},"product_brand":[],"product_cat":[12291,14218],"product_tag":[],"class_list":{"0":"post-705935","1":"product","2":"type-product","3":"status-publish","5":"product_cat-edebiyat","6":"product_cat-italyan-edebiyati","7":"pa_cilt-ciltsiz","8":"pa_tur-kitap","9":"pa_yayinevi-can-yayinlari","10":"pa_yazar-susanna-tamaro","12":"first","13":"instock","14":"sale","15":"shipping-taxable","16":"purchasable","17":"product-type-simple"},"_links":{"self":[{"href":"https:\/\/roveyayinevi.com.tr\/index.php\/wp-json\/wp\/v2\/product\/705935","targetHints":{"allow":["GET"]}}],"collection":[{"href":"https:\/\/roveyayinevi.com.tr\/index.php\/wp-json\/wp\/v2\/product"}],"about":[{"href":"https:\/\/roveyayinevi.com.tr\/index.php\/wp-json\/wp\/v2\/types\/product"}],"wp:attachment":[{"href":"https:\/\/roveyayinevi.com.tr\/index.php\/wp-json\/wp\/v2\/media?parent=705935"}],"wp:term":[{"taxonomy":"product_brand","embeddable":true,"href":"https:\/\/roveyayinevi.com.tr\/index.php\/wp-json\/wp\/v2\/product_brand?post=705935"},{"taxonomy":"product_cat","embeddable":true,"href":"https:\/\/roveyayinevi.com.tr\/index.php\/wp-json\/wp\/v2\/product_cat?post=705935"},{"taxonomy":"product_tag","embeddable":true,"href":"https:\/\/roveyayinevi.com.tr\/index.php\/wp-json\/wp\/v2\/product_tag?post=705935"}],"curies":[{"name":"wp","href":"https:\/\/api.w.org\/{rel}","templated":true}]}}