{"id":705934,"date":"2025-08-27T15:50:55","date_gmt":"2025-08-27T12:50:55","guid":{"rendered":"https:\/\/roveyayinevi.com.tr\/index.php\/urun\/sartre-ile-sartre-hakkinda\/"},"modified":"2026-04-16T02:14:33","modified_gmt":"2026-04-15T23:14:33","slug":"sartre-ile-sartre-hakkinda","status":"publish","type":"product","link":"https:\/\/roveyayinevi.com.tr\/index.php\/urun\/sartre-ile-sartre-hakkinda\/","title":{"rendered":"Sartre ile Sartre Hakk\u0131nda"},"content":{"rendered":"<p>Jean-Paul Sartre, d\u00fc\u015f\u00fcnceleriyle eylemleri aras\u0131ndaki tutarl\u0131l\u0131k a\u00e7\u0131s\u0131ndan muhtemelen b\u00fct\u00fcn modern tarihin en \u00f6nde gelen d\u00fc\u015f\u00fcn\u00fcr\u00fcd\u00fcr. Onun biyografisi ve eserleri hem yirminci y\u00fczy\u0131l deneyimlerinin tutana\u011f\u0131 gibidir, hem de ba\u015fkalar\u0131 \u00fczerinde derin etkileri olmu\u015f etik bir \u00f6neridir. <\/p>\n","protected":false},"excerpt":{"rendered":"<p>Jean-Paul Sartre, d\u00fc\u015f\u00fcnceleriyle eylemleri aras\u0131ndaki tutarl\u0131l\u0131k a\u00e7\u0131s\u0131ndan muhtemelen b\u00fct\u00fcn modern tarihin en \u00f6nde gelen d\u00fc\u015f\u00fcn\u00fcr\u00fcd\u00fcr. Onun biyografisi ve eserleri hem yirminci y\u00fczy\u0131l deneyimlerinin tutana\u011f\u0131 gibidir, hem<span class=\"excerpt-hellip\"> [\u2026]<\/span><\/p>\n","protected":false},"featured_media":0,"template":"","meta":{"_monsterinsights_skip_tracking":false,"_monsterinsights_sitenote_active":false,"_monsterinsights_sitenote_note":"","_monsterinsights_sitenote_category":0},"product_brand":[],"product_cat":[12364,12826],"product_tag":[],"class_list":{"0":"post-705934","1":"product","2":"type-product","3":"status-publish","5":"product_cat-genel-konular","6":"product_cat-soylesi","7":"pa_cilt-ciltsiz","8":"pa_tur-kitap","9":"pa_yayinevi-metis-yayinlari","10":"pa_yazar-jean-paul-sartre","12":"first","13":"instock","14":"sale","15":"shipping-taxable","16":"purchasable","17":"product-type-simple"},"_links":{"self":[{"href":"https:\/\/roveyayinevi.com.tr\/index.php\/wp-json\/wp\/v2\/product\/705934","targetHints":{"allow":["GET"]}}],"collection":[{"href":"https:\/\/roveyayinevi.com.tr\/index.php\/wp-json\/wp\/v2\/product"}],"about":[{"href":"https:\/\/roveyayinevi.com.tr\/index.php\/wp-json\/wp\/v2\/types\/product"}],"wp:attachment":[{"href":"https:\/\/roveyayinevi.com.tr\/index.php\/wp-json\/wp\/v2\/media?parent=705934"}],"wp:term":[{"taxonomy":"product_brand","embeddable":true,"href":"https:\/\/roveyayinevi.com.tr\/index.php\/wp-json\/wp\/v2\/product_brand?post=705934"},{"taxonomy":"product_cat","embeddable":true,"href":"https:\/\/roveyayinevi.com.tr\/index.php\/wp-json\/wp\/v2\/product_cat?post=705934"},{"taxonomy":"product_tag","embeddable":true,"href":"https:\/\/roveyayinevi.com.tr\/index.php\/wp-json\/wp\/v2\/product_tag?post=705934"}],"curies":[{"name":"wp","href":"https:\/\/api.w.org\/{rel}","templated":true}]}}