{"id":705933,"date":"2025-08-27T15:50:55","date_gmt":"2025-08-27T12:50:55","guid":{"rendered":"https:\/\/roveyayinevi.com.tr\/index.php\/urun\/gun-ne-gunu\/"},"modified":"2026-04-16T02:14:33","modified_gmt":"2026-04-15T23:14:33","slug":"gun-ne-gunu","status":"publish","type":"product","link":"https:\/\/roveyayinevi.com.tr\/index.php\/urun\/gun-ne-gunu\/","title":{"rendered":"G\u00fcn Ne G\u00fcn\u00fc?"},"content":{"rendered":"<p>Her biri kendi tak\u0131m\u0131n\u0131n Hagi\u2019si gibi g\u00f6r\u00fcr kendini; sa\u011f\u0131n i\u00e7inde, patronun \u00e7\u0131kar\u0131 gerektirdik\u00e7e, \u00f6rne\u011fin laiklikten dincili\u011fe, a\u00e7\u0131lmadan tesett\u00fcre ge\u00e7meleri patronun bir koltuktan kalk\u0131p ba\u015fka bir koltu\u011fa oturmas\u0131 kadar \u00e7abuk, kabak \u00e7i\u00e7e\u011finin kaba\u011fa d\u00f6n\u00fc\u015fmesi kadar do\u011fald\u0131r. En de\u011fi\u015fmez \u00f6zellikleriyse, her an her konunun uzman\u0131 kesilivermeleri, daha kendi anadillerini bile do\u011fru d\u00fcr\u00fcst kullanamazken, cumhurba\u015fkan\u0131ndan hukuk bilginine, romanc\u0131dan tarih\u00e7iye, bu \u00fclkede  ayd\u0131n ,  bilgin ,  d\u00fc\u015f\u00fcn\u00fcr  diye bilinen kim varsa, hepsine y\u00fcksek perdeden ders verebilmeleri, f\u0131r\u00e7a \u00e7ekip alaya alabilmeleridir.  Edebiyat\u0131m\u0131z\u0131n sayg\u0131n ismi Tahsin Y\u00fccel\u2019in bu kitab\u0131 \u00f6ncekilerden bir hayli farkl\u0131. Y\u00fccel, G\u00fcn Ne G\u00fcn\u00fc\u2019nde bir araya getirdi\u011fi denemelerinde T\u00fcrkiye\u2019nin g\u00fcncel sorunlar\u0131na e\u011filiyor. Laiklik anlay\u0131\u015f\u0131ndan t\u00fcrban sorununa, ter\u00f6rden ayd\u0131nlar\u0131n T\u00fcrkiye sorunlar\u0131 \u00fczerindeki tutumlar\u0131na, yak\u0131n tarihimizin \u00f6nemli ba\u015fl\u0131klar\u0131na uzanan yaz\u0131lar bunlar. Tahsin Y\u00fccel, ya\u015fad\u0131\u011f\u0131m\u0131z sanc\u0131l\u0131 d\u00f6neme ayd\u0131n sorumlulu\u011fuyla yakla\u015f\u0131yor. Mutlaka okunmas\u0131, \u00fczerinde d\u00fc\u015f\u00fcn\u00fclmesi gerekiyor. <\/p>\n","protected":false},"excerpt":{"rendered":"<p>Her biri kendi tak\u0131m\u0131n\u0131n Hagi\u2019si gibi g\u00f6r\u00fcr kendini; sa\u011f\u0131n i\u00e7inde, patronun \u00e7\u0131kar\u0131 gerektirdik\u00e7e, \u00f6rne\u011fin laiklikten dincili\u011fe, a\u00e7\u0131lmadan tesett\u00fcre ge\u00e7meleri patronun bir koltuktan kalk\u0131p ba\u015fka bir koltu\u011fa<span class=\"excerpt-hellip\"> [\u2026]<\/span><\/p>\n","protected":false},"featured_media":0,"template":"","meta":{"_monsterinsights_skip_tracking":false,"_monsterinsights_sitenote_active":false,"_monsterinsights_sitenote_note":"","_monsterinsights_sitenote_category":0},"product_brand":[],"product_cat":[12777,12291],"product_tag":[],"class_list":{"0":"post-705933","1":"product","2":"type-product","3":"status-publish","5":"product_cat-deneme","6":"product_cat-edebiyat","7":"pa_cilt-ciltsiz","8":"pa_tur-kitap","9":"pa_yayinevi-can-yayinlari","10":"pa_yazar-tahsin-yucel","12":"first","13":"instock","14":"sale","15":"shipping-taxable","16":"purchasable","17":"product-type-simple"},"_links":{"self":[{"href":"https:\/\/roveyayinevi.com.tr\/index.php\/wp-json\/wp\/v2\/product\/705933","targetHints":{"allow":["GET"]}}],"collection":[{"href":"https:\/\/roveyayinevi.com.tr\/index.php\/wp-json\/wp\/v2\/product"}],"about":[{"href":"https:\/\/roveyayinevi.com.tr\/index.php\/wp-json\/wp\/v2\/types\/product"}],"wp:attachment":[{"href":"https:\/\/roveyayinevi.com.tr\/index.php\/wp-json\/wp\/v2\/media?parent=705933"}],"wp:term":[{"taxonomy":"product_brand","embeddable":true,"href":"https:\/\/roveyayinevi.com.tr\/index.php\/wp-json\/wp\/v2\/product_brand?post=705933"},{"taxonomy":"product_cat","embeddable":true,"href":"https:\/\/roveyayinevi.com.tr\/index.php\/wp-json\/wp\/v2\/product_cat?post=705933"},{"taxonomy":"product_tag","embeddable":true,"href":"https:\/\/roveyayinevi.com.tr\/index.php\/wp-json\/wp\/v2\/product_tag?post=705933"}],"curies":[{"name":"wp","href":"https:\/\/api.w.org\/{rel}","templated":true}]}}