{"id":705926,"date":"2025-08-27T15:50:51","date_gmt":"2025-08-27T12:50:51","guid":{"rendered":"https:\/\/roveyayinevi.com.tr\/index.php\/urun\/kadinlar-okulu\/"},"modified":"2026-03-05T02:23:27","modified_gmt":"2026-03-04T23:23:27","slug":"kadinlar-okulu","status":"publish","type":"product","link":"https:\/\/roveyayinevi.com.tr\/index.php\/urun\/kadinlar-okulu\/","title":{"rendered":"Kad\u0131nlar Okulu"},"content":{"rendered":"<p>Kad\u0131nlar Okulu, toplumsal ve bireysel ahlak\u0131n en \u00f6nemli \u00f6l\u00e7\u00fct\u00fc olarak bireyin i\u00e7tenli\u011fini ve kendini tan\u0131mas\u0131 gereklili\u011fini vurgulayan Andr\u00e9 Gide\u2019in bu g\u00f6r\u00fc\u015f\u00fcn\u00fc en a\u00e7\u0131k bi\u00e7imde ortaya koydu\u011fu eserlerden biri olarak \u00e7\u0131kar kar\u015f\u0131m\u0131za. Burjuva bir ailenin 1894-1936 y\u0131llar\u0131 aras\u0131nda \u00fc\u00e7 ayr\u0131 bireyi taraf\u0131ndan kendi bak\u0131\u015f a\u00e7\u0131lar\u0131ndan anlat\u0131lan hik\u00e2yesi, d\u00fcnyay\u0131 kendini var etme arac\u0131 olarak g\u00f6ren bir adam\u0131n ve kendini onun \u00fczerinden yeniden tan\u0131mlamaya \u00e7al\u0131\u015fan bir kad\u0131n\u0131n yirmi y\u0131ll\u0131k beraberli\u011finin g\u00fcncesi gibidir adeta. Belirli bir zaman\u0131 ve mek\u00e2n\u0131 temel alarak toplumsal ve bireysel olan\u0131n birle\u015fti\u011fi noktalar\u0131 ustal\u0131kla yans\u0131tan Gide, bu roman\u0131nda da, \u00fclkesinin k\u00fclt\u00fcrel nabz\u0131n\u0131 XX. y\u00fczy\u0131l\u0131n politik ve ekonomik gelgitleri aras\u0131nda son derece isabetli bi\u00e7imde tutmay\u0131 ba\u015far\u0131yor. \ufffcTan\u0131t\u0131m Metni<\/p>\n","protected":false},"excerpt":{"rendered":"<p>Kad\u0131nlar Okulu, toplumsal ve bireysel ahlak\u0131n en \u00f6nemli \u00f6l\u00e7\u00fct\u00fc olarak bireyin i\u00e7tenli\u011fini ve kendini tan\u0131mas\u0131 gereklili\u011fini vurgulayan Andr\u00e9 Gide\u2019in bu g\u00f6r\u00fc\u015f\u00fcn\u00fc en a\u00e7\u0131k bi\u00e7imde ortaya koydu\u011fu<span class=\"excerpt-hellip\"> [\u2026]<\/span><\/p>\n","protected":false},"featured_media":0,"template":"","meta":{"_monsterinsights_skip_tracking":false,"_monsterinsights_sitenote_active":false,"_monsterinsights_sitenote_note":"","_monsterinsights_sitenote_category":0},"product_brand":[],"product_cat":[12291,13376],"product_tag":[],"class_list":{"0":"post-705926","1":"product","2":"type-product","3":"status-publish","5":"product_cat-edebiyat","6":"product_cat-fransiz-edebiyati","7":"pa_cilt-ciltsiz","8":"pa_tur-kitap","9":"pa_yayinevi-can-yayinlari","10":"pa_yazar-andre-gide","12":"first","13":"instock","14":"sale","15":"shipping-taxable","16":"purchasable","17":"product-type-simple"},"_links":{"self":[{"href":"https:\/\/roveyayinevi.com.tr\/index.php\/wp-json\/wp\/v2\/product\/705926","targetHints":{"allow":["GET"]}}],"collection":[{"href":"https:\/\/roveyayinevi.com.tr\/index.php\/wp-json\/wp\/v2\/product"}],"about":[{"href":"https:\/\/roveyayinevi.com.tr\/index.php\/wp-json\/wp\/v2\/types\/product"}],"wp:attachment":[{"href":"https:\/\/roveyayinevi.com.tr\/index.php\/wp-json\/wp\/v2\/media?parent=705926"}],"wp:term":[{"taxonomy":"product_brand","embeddable":true,"href":"https:\/\/roveyayinevi.com.tr\/index.php\/wp-json\/wp\/v2\/product_brand?post=705926"},{"taxonomy":"product_cat","embeddable":true,"href":"https:\/\/roveyayinevi.com.tr\/index.php\/wp-json\/wp\/v2\/product_cat?post=705926"},{"taxonomy":"product_tag","embeddable":true,"href":"https:\/\/roveyayinevi.com.tr\/index.php\/wp-json\/wp\/v2\/product_tag?post=705926"}],"curies":[{"name":"wp","href":"https:\/\/api.w.org\/{rel}","templated":true}]}}