{"id":705925,"date":"2025-08-27T15:50:51","date_gmt":"2025-08-27T12:50:51","guid":{"rendered":"https:\/\/roveyayinevi.com.tr\/index.php\/urun\/modern-siyasal-ideolojiler-19-yuzyildan-20-yuzyila-6-basim\/"},"modified":"2026-04-03T02:19:33","modified_gmt":"2026-04-02T23:19:33","slug":"modern-siyasal-ideolojiler-19-yuzyildan-20-yuzyila-6-basim","status":"publish","type":"product","link":"https:\/\/roveyayinevi.com.tr\/index.php\/urun\/modern-siyasal-ideolojiler-19-yuzyildan-20-yuzyila-6-basim\/","title":{"rendered":"Modern Siyasal \u0130deolojiler (19. Y\u00fczy\u0131ldan 20. Y\u00fczy\u0131la) 6. Bas\u0131m"},"content":{"rendered":"<p>T\u00fcrkiye\u2019de siyaset bilimi alan\u0131nda kaynak olabilecek telif eserlerin azl\u0131\u011f\u0131 bir ger\u00e7ek. \u00dcniversite \u00f6\u011frencilerimize bu konuda \u00f6nerilebilecek derli toplu bir \u00e7al\u0131\u015fman\u0131n olmay\u0131\u015f\u0131, daha \u00e7ok \u00e7eviri kaynaklar\u0131n kullan\u0131lmas\u0131, T\u00fcrk\u00e7e kaleme al\u0131nm\u0131\u015f kaynaklar\u0131n yetersizli\u011fi vb. akademik d\u00fczeyde sa\u011flam bir siyaset bilimi e\u011fitiminin \u00f6n\u00fcndeki engellerdir. Hi\u00e7 ku\u015fkusuz bu durum da \u00fcniversitelerimizde ders veren akademisyenlerin kar\u015f\u0131la\u015ft\u0131\u011f\u0131 en b\u00fcy\u00fck sorunlardan biridir.\u0130\u015fte \u00fclkemizde siyaset teorisi alan\u0131nda varolan bu eksikli\u011fi gidermeye y\u00f6nelik olan bu kitap, s\u00f6zkonusu g\u00fc\u00e7l\u00fckleri bilen ve ya\u015fayan \u00f6\u011fretim \u00fcyeleri taraf\u0131ndan bu kayg\u0131 g\u00f6zetilerek haz\u0131rland\u0131. \u0130stanbul \u00dcniversitesi Siyasal Bilgiler Fak\u00fcltesi\u2019nde y\u00fcr\u00fct\u00fclen \u201c\u00c7a\u011fda\u015f Siyasal Teoriler\u201d dersi \u00fczerinden ortaya \u00e7\u0131kan eserin \u00f6nemli bir \u00f6zelli\u011fi, haz\u0131rlanmas\u0131n\u0131n uzun bir s\u00fcreye yay\u0131lmas\u0131 ve konular\u0131n ders verme s\u00fcreci i\u00e7inde bir anlamda uygulamal\u0131 olarak olgunla\u015fmas\u0131d\u0131r.Kitap, temel olarak, 18. ve 19. y\u00fczy\u0131lda ortaya \u00e7\u0131kan ideolojileri konu edinmektedir. Eserde liberalizm, muhafazak\u00e2rl\u0131k, milliyet\u00e7ilik, Marksizm, anar\u015fizm, sosyal demokrasi, feminizm, fa\u015fizm ve korporatizm, tarihsel ba\u011flamlar\u0131 i\u00e7erisine oturtulup, bug\u00fcnle ba\u011flant\u0131lar\u0131 kurularak ele al\u0131nmakta; kitab\u0131n ba\u015f\u0131nda ideoloji kavram\u0131na tarihsel ba\u011flam\u0131 i\u00e7inde a\u00e7\u0131klamalar getirilmekte ve siyasal k\u00fclt\u00fcr ile aras\u0131ndaki ayr\u0131mlara yer verilmektedir. Bunun yan\u0131s\u0131ra siyasal ideolojilerin te tek ele al\u0131nd\u0131\u011f\u0131 ba\u011f\u0131ms\u0131z metinler, genel de\u011ferlendirmelerle birlikte ele\u015ftirel bir bak\u0131\u015f a\u00e7\u0131s\u0131 da ta\u015f\u0131maktad\u0131r.\u00dczerinde durulmas\u0131 gereken bir husus da, kitapta yer alan metinlerin, \u201clisans d\u00fczeyinde kalma\u201d kayg\u0131s\u0131yla yaz\u0131lmamas\u0131, lisans \u00f6\u011frencilerinin rahatl\u0131kla \u201cezberleyecekleri\u201d metinlerden \u00f6te her d\u00fczeyden okurun kapasitesini zorlayacak \u00f6zelliklere sahip olmas\u0131d\u0131r. Bu nedenle elinizdeki kitap konuya ilgi duyan herkesin ba\u015fvuraca\u011f\u0131 bir kaynak olma \u00f6zelli\u011fini ta\u015f\u0131maktad\u0131r.\u201cHer konunun farkl\u0131 bir kalem taraf\u0131ndan incelendi\u011fi bu derleme, tahlillerdeki \u00f6zen ve derinlikle dikkat \u00e7ekiyor. Modernle\u015fen toplumlar\u0131n tan\u0131k oldu\u011fu belli ba\u015fl\u0131 ideolojiler ve siyasi tart\u0131\u015fma alanlar\u0131, saydam ve ayr\u0131nt\u0131l\u0131 bir dille anlat\u0131l\u0131yor. De\u011ferli bir ba\u015fvuru yap\u0131t\u0131n\u0131n olu\u015fturuldu\u011funu belirtmeliyim. \u00d6zellikle \u00fcniversite \u00f6\u011frencilerinin eline yeni ve zengin bir metin sunulmu\u015ftur.\u201d <\/p>\n","protected":false},"excerpt":{"rendered":"<p>T\u00fcrkiye\u2019de siyaset bilimi alan\u0131nda kaynak olabilecek telif eserlerin azl\u0131\u011f\u0131 bir ger\u00e7ek. \u00dcniversite \u00f6\u011frencilerimize bu konuda \u00f6nerilebilecek derli toplu bir \u00e7al\u0131\u015fman\u0131n olmay\u0131\u015f\u0131, daha \u00e7ok \u00e7eviri kaynaklar\u0131n kullan\u0131lmas\u0131,<span class=\"excerpt-hellip\"> [\u2026]<\/span><\/p>\n","protected":false},"featured_media":0,"template":"","meta":{"_monsterinsights_skip_tracking":false,"_monsterinsights_sitenote_active":false,"_monsterinsights_sitenote_note":"","_monsterinsights_sitenote_category":0},"product_brand":[],"product_cat":[12573,12566],"product_tag":[],"class_list":{"0":"post-705925","1":"product","2":"type-product","3":"status-publish","5":"product_cat-akademik-kitaplar","6":"product_cat-egitim","7":"pa_cilt-ciltsiz","8":"pa_tur-kitap","9":"pa_yayinevi-bilgi-universitesi-yayinlari-akademik","10":"pa_yazar-birsen-ors-derl","12":"first","13":"instock","14":"sale","15":"shipping-taxable","16":"purchasable","17":"product-type-simple"},"_links":{"self":[{"href":"https:\/\/roveyayinevi.com.tr\/index.php\/wp-json\/wp\/v2\/product\/705925","targetHints":{"allow":["GET"]}}],"collection":[{"href":"https:\/\/roveyayinevi.com.tr\/index.php\/wp-json\/wp\/v2\/product"}],"about":[{"href":"https:\/\/roveyayinevi.com.tr\/index.php\/wp-json\/wp\/v2\/types\/product"}],"wp:attachment":[{"href":"https:\/\/roveyayinevi.com.tr\/index.php\/wp-json\/wp\/v2\/media?parent=705925"}],"wp:term":[{"taxonomy":"product_brand","embeddable":true,"href":"https:\/\/roveyayinevi.com.tr\/index.php\/wp-json\/wp\/v2\/product_brand?post=705925"},{"taxonomy":"product_cat","embeddable":true,"href":"https:\/\/roveyayinevi.com.tr\/index.php\/wp-json\/wp\/v2\/product_cat?post=705925"},{"taxonomy":"product_tag","embeddable":true,"href":"https:\/\/roveyayinevi.com.tr\/index.php\/wp-json\/wp\/v2\/product_tag?post=705925"}],"curies":[{"name":"wp","href":"https:\/\/api.w.org\/{rel}","templated":true}]}}