{"id":705922,"date":"2025-08-27T15:50:49","date_gmt":"2025-08-27T12:50:49","guid":{"rendered":"https:\/\/roveyayinevi.com.tr\/index.php\/urun\/ben-kimim-ve-yazarin-soytariligi\/"},"modified":"2026-01-29T02:26:58","modified_gmt":"2026-01-28T23:26:58","slug":"ben-kimim-ve-yazarin-soytariligi","status":"publish","type":"product","link":"https:\/\/roveyayinevi.com.tr\/index.php\/urun\/ben-kimim-ve-yazarin-soytariligi\/","title":{"rendered":"Ben Kimim ve Yazar\u0131n Soytar\u0131l\u0131\u011f\u0131"},"content":{"rendered":"<p>G\u00f6kkubbe alt\u0131nda \u00f6nceden s\u00f6ylenmemi\u015f s\u00f6z\u00fcn kalmad\u0131\u011f\u0131 t\u00fcm insanl\u0131\u011f\u0131n malumudur. Dolay\u0131s\u0131yla neyi s\u00f6yledi\u011fimizin de\u011fil de nas\u0131l s\u00f6yledi\u011fimizin \u00f6nem kazanaca\u011f\u0131n\u0131 da \u00f6\u011frenme olgunlu\u011funa kavu\u015ftuk. Bu nedenledir ki kitab\u0131n ad\u0131 \u00f6zellikle se\u00e7ilmi\u015ftir:&#8221;Ben Kimim?&#8221;Ba\u011flant\u0131l\u0131 ikinci ba\u015fl\u0131k ise:&#8221;Yazar\u0131n Soytar\u0131l\u0131\u011f\u0131&#8221;Bu ironik itiraz da bilgi kirletilmesine &#8220;Yazar&#8221; s\u0131fat\u0131yla d\u00e2hil olunmas\u0131na ili\u015fkin bir g\u00f6ndermedir.&#8221;Ya do\u011fru bildi\u011fimiz yanl\u0131\u015flar \u00fczerine ya da yanl\u0131\u015f bildi\u011fimiz do\u011frular \u00fczerine yazmaya \u00e7al\u0131\u015ft\u0131m&#8221; diyor, Sami G\u00fcnal. &#8220;Okuyucu &#8216;Ben de bunu diyordum&#8217; derse, kitab\u0131 amac\u0131na ula\u015fm\u0131\u015f&#8221; sayacak.Okuyucuyu s\u0131kmamak ve okumalar\u0131 s\u0131cak bir hava i\u00e7inde s\u00fcre\u011fen k\u0131lmak i\u00e7in sohbet \u00fcslubunu ye\u011flemi\u015ftir.&#8221;Yaz\u0131n t\u00fcrlerinin birbiri aras\u0131nda ge\u00e7i\u015fkenli\u011fi edebiyat kuramc\u0131lar\u0131m\u0131z\u0131n da kabullendi\u011fi bir olgudur. Bu nedenle t\u00fcm yaz\u0131lar\u0131 bir t\u00fcr \u00fczerinde tan\u0131mlamak do\u011fru de\u011fildir.Yazar\u0131m\u0131z, &#8220;kitab\u0131n t\u00fcr\u00fc hakk\u0131nda bir tan\u0131mlamaya ihtiya\u00e7 duyulacaksa &#8216;\u00d6yk\u00fcsel Denemeler&#8217; olabilir&#8221; demektedir&#8230; <\/p>\n","protected":false},"excerpt":{"rendered":"<p>G\u00f6kkubbe alt\u0131nda \u00f6nceden s\u00f6ylenmemi\u015f s\u00f6z\u00fcn kalmad\u0131\u011f\u0131 t\u00fcm insanl\u0131\u011f\u0131n malumudur. Dolay\u0131s\u0131yla neyi s\u00f6yledi\u011fimizin de\u011fil de nas\u0131l s\u00f6yledi\u011fimizin \u00f6nem kazanaca\u011f\u0131n\u0131 da \u00f6\u011frenme olgunlu\u011funa kavu\u015ftuk. Bu nedenledir ki kitab\u0131n<span class=\"excerpt-hellip\"> [\u2026]<\/span><\/p>\n","protected":false},"featured_media":0,"template":"","meta":{"_monsterinsights_skip_tracking":false,"_monsterinsights_sitenote_active":false,"_monsterinsights_sitenote_note":"","_monsterinsights_sitenote_category":0},"product_brand":[],"product_cat":[12777,12291],"product_tag":[],"class_list":{"0":"post-705922","1":"product","2":"type-product","3":"status-publish","5":"product_cat-deneme","6":"product_cat-edebiyat","7":"pa_cilt-ciltsiz","8":"pa_tur-kitap","9":"pa_yayinevi-utopya-yayinevi","10":"pa_yazar-sami-gunal","12":"first","13":"instock","14":"sale","15":"shipping-taxable","16":"purchasable","17":"product-type-simple"},"_links":{"self":[{"href":"https:\/\/roveyayinevi.com.tr\/index.php\/wp-json\/wp\/v2\/product\/705922","targetHints":{"allow":["GET"]}}],"collection":[{"href":"https:\/\/roveyayinevi.com.tr\/index.php\/wp-json\/wp\/v2\/product"}],"about":[{"href":"https:\/\/roveyayinevi.com.tr\/index.php\/wp-json\/wp\/v2\/types\/product"}],"wp:attachment":[{"href":"https:\/\/roveyayinevi.com.tr\/index.php\/wp-json\/wp\/v2\/media?parent=705922"}],"wp:term":[{"taxonomy":"product_brand","embeddable":true,"href":"https:\/\/roveyayinevi.com.tr\/index.php\/wp-json\/wp\/v2\/product_brand?post=705922"},{"taxonomy":"product_cat","embeddable":true,"href":"https:\/\/roveyayinevi.com.tr\/index.php\/wp-json\/wp\/v2\/product_cat?post=705922"},{"taxonomy":"product_tag","embeddable":true,"href":"https:\/\/roveyayinevi.com.tr\/index.php\/wp-json\/wp\/v2\/product_tag?post=705922"}],"curies":[{"name":"wp","href":"https:\/\/api.w.org\/{rel}","templated":true}]}}