{"id":705921,"date":"2025-08-27T15:50:49","date_gmt":"2025-08-27T12:50:49","guid":{"rendered":"https:\/\/roveyayinevi.com.tr\/index.php\/urun\/su-safaktan-onceydi\/"},"modified":"2026-04-16T02:14:32","modified_gmt":"2026-04-15T23:14:32","slug":"su-safaktan-onceydi","status":"publish","type":"product","link":"https:\/\/roveyayinevi.com.tr\/index.php\/urun\/su-safaktan-onceydi\/","title":{"rendered":"Su \u015eafaktan \u00d6nceydi"},"content":{"rendered":"<p>Suya \u00e7ok anlam y\u00fckledi\u011fimin ayr\u0131m\u0131nday\u0131m. Kimi yerde ba\u015fs\u0131z ve sonsuz zaman, kimi yerde tarih, kimi yerde ba\u015f\u0131n\u0131 al\u0131p gitmelerdir su. Kimi zaman yorgundur, kimi zaman durgun, kimi zaman vurgun. Bir ba\u015flang\u0131\u00e7t\u0131r su, kimi yerde a\u015fk, kimi yerde ila\u00e7. Su bu; hem kendi i\u00e7inde akar, hem d\u0131\u015f\u0131nda. Ba\u015f\u0131bo\u015f de\u011fildir; disiplindir, y\u00f6ntemdir, ama\u00e7l\u0131d\u0131r. Bir bedeni vard\u0131r, iyilikleri kendinde toplar, k\u00f6t\u00fcl\u00fckleri ar\u0131nd\u0131r\u0131r, ay\u0131klar. Kavu\u015fmalar\u0131n duygusu, gitmelerin akl\u0131d\u0131r su. Kayna\u015fmak da ayr\u0131\u015fmak da kendindendir, \u00f6zl\u00fcd\u00fcr akmas\u0131. G\u00f6zde ya\u015f, havada ya\u011fmur, aln\u0131m\u0131zda terdir. Maddedir, atomdur, enerjidir. Bir damlac\u0131\u011f\u0131nda nice tufanlar gizlidir, bir damlac\u0131\u011f\u0131 nice harman yeri. Okunacak kitapt\u0131r, yaz\u0131lacak yaprak. Derelerde \u00e7ocuk, deryalarda bilgedir; derindir, s\u0131\u011fd\u0131r, ye\u011fnidir. Hem mecnun hem kerbel\u00e2d\u0131r. Kendisiyle tamamlan\u0131r, kendisiyle \u00e7o\u011fal\u0131r, kendisine b\u00f6l\u00fcn\u00fcr. S\u0131cakla s\u0131cak, so\u011fukla so\u011fuktur. Dengedir, \u00f6zg\u00fcrd\u00fcr, sevin\u00e7tir. Bulunmak, bilinmek ister, dinlenmek ister su. Ortam\u0131n\u0131 bulursa ya\u011far, bulamazsa gizler kendini. \ufffcTan\u0131t\u0131m Metni<\/p>\n","protected":false},"excerpt":{"rendered":"<p>Suya \u00e7ok anlam y\u00fckledi\u011fimin ayr\u0131m\u0131nday\u0131m. Kimi yerde ba\u015fs\u0131z ve sonsuz zaman, kimi yerde tarih, kimi yerde ba\u015f\u0131n\u0131 al\u0131p gitmelerdir su. Kimi zaman yorgundur, kimi zaman durgun,<span class=\"excerpt-hellip\"> [\u2026]<\/span><\/p>\n","protected":false},"featured_media":0,"template":"","meta":{"_monsterinsights_skip_tracking":false,"_monsterinsights_sitenote_active":false,"_monsterinsights_sitenote_note":"","_monsterinsights_sitenote_category":0},"product_brand":[],"product_cat":[12364],"product_tag":[],"class_list":{"0":"post-705921","1":"product","2":"type-product","3":"status-publish","5":"product_cat-genel-konular","6":"pa_tur-kitap","7":"pa_yayinevi-herdem-kitap","8":"pa_yazar-figen-sariye","10":"first","11":"instock","12":"sale","13":"shipping-taxable","14":"purchasable","15":"product-type-simple"},"_links":{"self":[{"href":"https:\/\/roveyayinevi.com.tr\/index.php\/wp-json\/wp\/v2\/product\/705921","targetHints":{"allow":["GET"]}}],"collection":[{"href":"https:\/\/roveyayinevi.com.tr\/index.php\/wp-json\/wp\/v2\/product"}],"about":[{"href":"https:\/\/roveyayinevi.com.tr\/index.php\/wp-json\/wp\/v2\/types\/product"}],"wp:attachment":[{"href":"https:\/\/roveyayinevi.com.tr\/index.php\/wp-json\/wp\/v2\/media?parent=705921"}],"wp:term":[{"taxonomy":"product_brand","embeddable":true,"href":"https:\/\/roveyayinevi.com.tr\/index.php\/wp-json\/wp\/v2\/product_brand?post=705921"},{"taxonomy":"product_cat","embeddable":true,"href":"https:\/\/roveyayinevi.com.tr\/index.php\/wp-json\/wp\/v2\/product_cat?post=705921"},{"taxonomy":"product_tag","embeddable":true,"href":"https:\/\/roveyayinevi.com.tr\/index.php\/wp-json\/wp\/v2\/product_tag?post=705921"}],"curies":[{"name":"wp","href":"https:\/\/api.w.org\/{rel}","templated":true}]}}