{"id":705920,"date":"2025-08-27T15:50:49","date_gmt":"2025-08-27T12:50:49","guid":{"rendered":"https:\/\/roveyayinevi.com.tr\/index.php\/urun\/hic-kimse\/"},"modified":"2026-04-16T02:14:32","modified_gmt":"2026-04-15T23:14:32","slug":"hic-kimse","status":"publish","type":"product","link":"https:\/\/roveyayinevi.com.tr\/index.php\/urun\/hic-kimse\/","title":{"rendered":"Hi\u00e7 Kimse"},"content":{"rendered":"<p>\u201cTutsak \u00d6nderligin, esir d\u00fcst\u00fcg\u00fcnden beri T.C. h\u00fck\u00fcmetine biat ettigini hepimiz biliyoruz. Kuskusuz \u00f6nceden de isbirligi vardi, sen dogrusunu bilirsin. Belki de sana atilan iftira, aslinda onun i\u00e7in ge\u00e7erlidir.Simdi h\u00fck\u00fcmetin muhatabi oldu. Ada\u2019dan baris g\u00f6r\u00fcsmelerini y\u00f6netiyor.T.C.\u2019nin bu s\u00fcre\u00e7ten Parti\u2019ye para ve silah saglayan kaynaklari kurutmak i\u00e7in yararlanacagina emin olabilirsin. Tutsak \u00d6nderlikten kurban istenecek. O da verecek. Muhtemelen bizler arasindan birka\u00e7 isim s\u00f6yleyecek. Ve ben o isimlerden biriyim.\u00c7ok zamanim kalmadi, seziyorum.Hos\u00e7akal Heval&#8230;\u201d Paris, 9 Ocak 2013\u2019te olagandisi bir suikaste tanik oldu. P*KK militani \u00fc\u00e7 kadin, bir tabancadan s\u0131k\u0131lan on kursunla \u00f6ld\u00fcr\u00fcld\u00fc. Yakalanan tek zanli, o g\u00fcn bug\u00fcnd\u00fcr yargilanmayi bekliyor. Katil olduguna dair kesin bir kanit bulunamadi, kimse inanmadi, inanmiyor.Hi\u00e7 Kimse, bu ger\u00e7ek suikastin ger\u00e7ekdisi bir komploya uyarlanan romanidir.Mine G. Kirikkanat\u2019in olagan\u00fcst\u00fc kurgusu, islenen cinayetlerde uluslararasi bir isbirligini inandirici kilarken; Teskilat\u2019in yetistirdigi tetik\u00e7ilerin sinir \u00f6tesi harek\u00e2tlarini ve derin devletin sirlarini da g\u00f6zler \u00f6n\u00fcne seriyor. <\/p>\n","protected":false},"excerpt":{"rendered":"<p>\u201cTutsak \u00d6nderligin, esir d\u00fcst\u00fcg\u00fcnden beri T.C. h\u00fck\u00fcmetine biat ettigini hepimiz biliyoruz. Kuskusuz \u00f6nceden de isbirligi vardi, sen dogrusunu bilirsin. Belki de sana atilan iftira, aslinda onun<span class=\"excerpt-hellip\"> [\u2026]<\/span><\/p>\n","protected":false},"featured_media":0,"template":"","meta":{"_monsterinsights_skip_tracking":false,"_monsterinsights_sitenote_active":false,"_monsterinsights_sitenote_note":"","_monsterinsights_sitenote_category":0},"product_brand":[],"product_cat":[12291,12711],"product_tag":[],"class_list":{"0":"post-705920","1":"product","2":"type-product","3":"status-publish","5":"product_cat-edebiyat","6":"product_cat-roman-oyku","7":"pa_tur-kitap","8":"pa_yayinevi-kirmizi-kedi-yayinevi","9":"pa_yazar-mine-g-kirikkanat","11":"first","12":"instock","13":"sale","14":"shipping-taxable","15":"purchasable","16":"product-type-simple"},"_links":{"self":[{"href":"https:\/\/roveyayinevi.com.tr\/index.php\/wp-json\/wp\/v2\/product\/705920","targetHints":{"allow":["GET"]}}],"collection":[{"href":"https:\/\/roveyayinevi.com.tr\/index.php\/wp-json\/wp\/v2\/product"}],"about":[{"href":"https:\/\/roveyayinevi.com.tr\/index.php\/wp-json\/wp\/v2\/types\/product"}],"wp:attachment":[{"href":"https:\/\/roveyayinevi.com.tr\/index.php\/wp-json\/wp\/v2\/media?parent=705920"}],"wp:term":[{"taxonomy":"product_brand","embeddable":true,"href":"https:\/\/roveyayinevi.com.tr\/index.php\/wp-json\/wp\/v2\/product_brand?post=705920"},{"taxonomy":"product_cat","embeddable":true,"href":"https:\/\/roveyayinevi.com.tr\/index.php\/wp-json\/wp\/v2\/product_cat?post=705920"},{"taxonomy":"product_tag","embeddable":true,"href":"https:\/\/roveyayinevi.com.tr\/index.php\/wp-json\/wp\/v2\/product_tag?post=705920"}],"curies":[{"name":"wp","href":"https:\/\/api.w.org\/{rel}","templated":true}]}}