{"id":705917,"date":"2025-08-27T15:50:47","date_gmt":"2025-08-27T12:50:47","guid":{"rendered":"https:\/\/roveyayinevi.com.tr\/index.php\/urun\/yankili-kayalar\/"},"modified":"2026-04-16T02:14:32","modified_gmt":"2026-04-15T23:14:32","slug":"yankili-kayalar","status":"publish","type":"product","link":"https:\/\/roveyayinevi.com.tr\/index.php\/urun\/yankili-kayalar\/","title":{"rendered":"Yank\u0131l\u0131 Kayalar"},"content":{"rendered":"<p>\u0130\u00e7 resimlemelerini \u0130smail Bahat&#8217;\u0131n yapt\u0131\u011f\u0131 roman, 9 ya\u015f ve \u00fcst\u00fc okurlara roman okuman\u0131n keyfini ya\u015fatacak, onlar\u0131 hayata haz\u0131rlayacak, kendi ayaklar\u0131 \u00fczerinde durmalar\u0131 konusunda onlar\u0131 cesaretlendirecek bir A.Y\u0131lmaz Boyuna\u011fa klasi\u011fi. \u201cBen, Do\u011fu Anadolu&#8217;nun bir da\u011f k\u00f6y\u00fcnde do\u011fdum. K\u00f6y\u00fcm\u00fcz, ba\u015f\u0131 karl\u0131 ve dumanl\u0131 bir da\u011f\u0131n eteklerindedir. <\/p>\n","protected":false},"excerpt":{"rendered":"<p>\u0130\u00e7 resimlemelerini \u0130smail Bahat&#8217;\u0131n yapt\u0131\u011f\u0131 roman, 9 ya\u015f ve \u00fcst\u00fc okurlara roman okuman\u0131n keyfini ya\u015fatacak, onlar\u0131 hayata haz\u0131rlayacak, kendi ayaklar\u0131 \u00fczerinde durmalar\u0131 konusunda onlar\u0131 cesaretlendirecek bir<span class=\"excerpt-hellip\"> [\u2026]<\/span><\/p>\n","protected":false},"featured_media":0,"template":"","meta":{"_monsterinsights_skip_tracking":false,"_monsterinsights_sitenote_active":false,"_monsterinsights_sitenote_note":"","_monsterinsights_sitenote_category":0},"product_brand":[],"product_cat":[12275,12274],"product_tag":[],"class_list":{"0":"post-705917","1":"product","2":"type-product","3":"status-publish","5":"product_cat-6-12-yas-kitaplari","6":"product_cat-cocuk-ve-genclik-kitaplari","7":"pa_cilt-ciltsiz","8":"pa_tur-kitap","9":"pa_yayinevi-genc-timas","10":"pa_yazar-ahmet-yilmaz-boyunaga","12":"first","13":"instock","14":"sale","15":"shipping-taxable","16":"purchasable","17":"product-type-simple"},"_links":{"self":[{"href":"https:\/\/roveyayinevi.com.tr\/index.php\/wp-json\/wp\/v2\/product\/705917","targetHints":{"allow":["GET"]}}],"collection":[{"href":"https:\/\/roveyayinevi.com.tr\/index.php\/wp-json\/wp\/v2\/product"}],"about":[{"href":"https:\/\/roveyayinevi.com.tr\/index.php\/wp-json\/wp\/v2\/types\/product"}],"wp:attachment":[{"href":"https:\/\/roveyayinevi.com.tr\/index.php\/wp-json\/wp\/v2\/media?parent=705917"}],"wp:term":[{"taxonomy":"product_brand","embeddable":true,"href":"https:\/\/roveyayinevi.com.tr\/index.php\/wp-json\/wp\/v2\/product_brand?post=705917"},{"taxonomy":"product_cat","embeddable":true,"href":"https:\/\/roveyayinevi.com.tr\/index.php\/wp-json\/wp\/v2\/product_cat?post=705917"},{"taxonomy":"product_tag","embeddable":true,"href":"https:\/\/roveyayinevi.com.tr\/index.php\/wp-json\/wp\/v2\/product_tag?post=705917"}],"curies":[{"name":"wp","href":"https:\/\/api.w.org\/{rel}","templated":true}]}}