{"id":705912,"date":"2025-08-27T15:50:45","date_gmt":"2025-08-27T12:50:45","guid":{"rendered":"https:\/\/roveyayinevi.com.tr\/index.php\/urun\/evrim-nedir\/"},"modified":"2026-04-16T02:14:32","modified_gmt":"2026-04-15T23:14:32","slug":"evrim-nedir","status":"publish","type":"product","link":"https:\/\/roveyayinevi.com.tr\/index.php\/urun\/evrim-nedir\/","title":{"rendered":"Evrim Nedir?"},"content":{"rendered":"<p>Evrim nedir, nas\u0131l ger\u00e7ekle\u015fir ve neden yery\u00fcz\u00fcndeki ya\u015fam\u0131n inan\u0131lmaz \u00e7e\u015fitlili\u011fine en mant\u0131kl\u0131 a\u00e7\u0131klamay\u0131 getirir? Evrim son iki y\u00fczy\u0131l i\u00e7inde ortaya at\u0131lm\u0131\u015f en b\u00fcy\u00fck fikirdir; etkileri bilimin \u00f6tesine ge\u00e7mi\u015ftir. Ama Darwin\u2019in zaman\u0131ndan bu yana evrim d\u00fc\u015f\u00fcncesiyle ilgili pek \u00e7ok geli\u015fme kaydedilmi\u015f olmas\u0131na kar\u015f\u0131n h\u00e2l\u00e2 evrimin tam olarak ne oldu\u011fu konusunda yayg\u0131n bir kafa kar\u0131\u015f\u0131kl\u0131\u011f\u0131 bulunmaktad\u0131r. Evrim Nedir? adl\u0131 bu eserde, modern biyolojinin kurucular\u0131ndan biri olan Ernst Mayr evrim konusunda bildiklerimizi ve bilmediklerimizi anlat\u0131yor; bu fikrin d\u00fcnyay\u0131 alg\u0131lay\u0131\u015f\u0131m\u0131z\u0131 nas\u0131l de\u011fi\u015ftirdi\u011fini ele al\u0131yor. Evrim Nedir?, Darwin\u2019in T\u00fcrlerin K\u00f6keni adl\u0131 eserinden sonra bu konuda yaz\u0131lm\u0131\u015f en iyi kitap! Mayr\u2019\u0131n Evrim Nedir? adl\u0131 eseri hakk\u0131ndaki g\u00f6r\u00fc\u015flerimi, evrime pek ilgi duymayanlar\u0131n bile al\u0131p okumalar\u0131 gereken bir kitap oldu\u011funu s\u00f6yleyerek \u00f6zetleyebilirim. Kar\u015f\u0131l\u0131\u011f\u0131n\u0131 bol bol alacaks\u0131n\u0131z. Evrim \u00fczerine daha iyi bir kitap yok. Bunun gibi bir kitap da asla olmayacak. \u2014 Jared M. Diamond, T\u00fcfek, Mikrop ve \u00c7elik adl\u0131 kitab\u0131n yazar\u0131 <\/p>\n","protected":false},"excerpt":{"rendered":"<p>Evrim nedir, nas\u0131l ger\u00e7ekle\u015fir ve neden yery\u00fcz\u00fcndeki ya\u015fam\u0131n inan\u0131lmaz \u00e7e\u015fitlili\u011fine en mant\u0131kl\u0131 a\u00e7\u0131klamay\u0131 getirir? Evrim son iki y\u00fczy\u0131l i\u00e7inde ortaya at\u0131lm\u0131\u015f en b\u00fcy\u00fck fikirdir; etkileri bilimin<span class=\"excerpt-hellip\"> [\u2026]<\/span><\/p>\n","protected":false},"featured_media":0,"template":"","meta":{"_monsterinsights_skip_tracking":false,"_monsterinsights_sitenote_active":false,"_monsterinsights_sitenote_note":"","_monsterinsights_sitenote_category":0},"product_brand":[],"product_cat":[13005,13006],"product_tag":[],"class_list":{"0":"post-705912","1":"product","2":"type-product","3":"status-publish","5":"product_cat-bilim-muhendislik","6":"product_cat-populer-bilim","7":"pa_cilt-ciltsiz","8":"pa_tur-kitap","9":"pa_yayinevi-say-yayinlari","10":"pa_yazar-ernst-mayr","12":"first","13":"instock","14":"sale","15":"shipping-taxable","16":"purchasable","17":"product-type-simple"},"_links":{"self":[{"href":"https:\/\/roveyayinevi.com.tr\/index.php\/wp-json\/wp\/v2\/product\/705912","targetHints":{"allow":["GET"]}}],"collection":[{"href":"https:\/\/roveyayinevi.com.tr\/index.php\/wp-json\/wp\/v2\/product"}],"about":[{"href":"https:\/\/roveyayinevi.com.tr\/index.php\/wp-json\/wp\/v2\/types\/product"}],"wp:attachment":[{"href":"https:\/\/roveyayinevi.com.tr\/index.php\/wp-json\/wp\/v2\/media?parent=705912"}],"wp:term":[{"taxonomy":"product_brand","embeddable":true,"href":"https:\/\/roveyayinevi.com.tr\/index.php\/wp-json\/wp\/v2\/product_brand?post=705912"},{"taxonomy":"product_cat","embeddable":true,"href":"https:\/\/roveyayinevi.com.tr\/index.php\/wp-json\/wp\/v2\/product_cat?post=705912"},{"taxonomy":"product_tag","embeddable":true,"href":"https:\/\/roveyayinevi.com.tr\/index.php\/wp-json\/wp\/v2\/product_tag?post=705912"}],"curies":[{"name":"wp","href":"https:\/\/api.w.org\/{rel}","templated":true}]}}