{"id":705911,"date":"2025-08-27T15:50:45","date_gmt":"2025-08-27T12:50:45","guid":{"rendered":"https:\/\/roveyayinevi.com.tr\/index.php\/urun\/siddetsiz-direnis\/"},"modified":"2026-04-16T02:14:32","modified_gmt":"2026-04-15T23:14:32","slug":"siddetsiz-direnis","status":"publish","type":"product","link":"https:\/\/roveyayinevi.com.tr\/index.php\/urun\/siddetsiz-direnis\/","title":{"rendered":"\u015eiddetsiz Direni\u015f"},"content":{"rendered":"<p>M\u0131s\u0131r\u2019daki Tahrir Meydan\u0131\u2019ndan New York\u2019taki Occupy\u2019a kadar d\u00fcnyan\u0131n d\u00f6rt bir yan\u0131nda \u015fiddetsiz (nonviolent) direni\u015flerle kar\u015f\u0131la\u015f\u0131yoruz. Ge\u00e7ti\u011fimiz y\u00fczy\u0131l\u0131 \u015fiddetli \u00e7at\u0131\u015fmalar ve sava\u015flarla dolu olarak g\u00f6rsek de, bu y\u00fczy\u0131l Gandi ve Martin Luther King\u2019in ba\u015fard\u0131klar\u0131n\u0131n ve bar\u0131\u015f\u00e7\u0131l g\u00f6sterilerin a\u00e7\u0131k\u00e7a sergiledi\u011fi \u00fczere, ayn\u0131 zamanda \u015fiddetsizlik y\u00fczy\u0131l\u0131d\u0131r. Peki, nedir \u015fiddetsizlik? M\u00fccadeleyi \u015fiddetsiz k\u0131lan nedir? \u015eiddetsizlik siyaseti b\u00fcnyesinde hangi de\u011ferleri bar\u0131nd\u0131r\u0131r? \u015eiddetsiz direni\u015fin \u201cpasif direni\u015f\u201dten farklar\u0131 nelerdir? Bu benzersiz \u00e7al\u0131\u015fmada, kendisi de \u015fiddetsiz kampanyalara kat\u0131lm\u0131\u015f olan felsefeci Todd May, kendine has ve ilgi uyand\u0131ran siyasal \u015fiddetsizlik fenomeni \u00fczerine ilk geni\u015f kapsaml\u0131 felsefi d\u00fc\u015f\u00fcnceyi sunuyor. Hem tarihi hem de g\u00fcncel \u00f6rneklerden faydalanan yazar, \u015fiddetsizlik kavram\u0131n\u0131 ve \u015fiddetsizli\u011fin hedeflerini inceliyor ve \u015fiddetsizli\u011fin ahlaki jui-jutsu\u2019dan \u015fiddetsiz zor kullanmaya kadar de\u011fi\u015fik dinamiklerini ele al\u0131yor. \u015eiddetsiz faaliyeti, \u00f6zellikle de haysiyet ve e\u015fitlik varsay\u0131m\u0131na sayg\u0131y\u0131 \u00f6n plana \u00e7\u0131karan de\u011ferleri ara\u015ft\u0131ran yazar, g\u00fcn\u00fcm\u00fczde \u015fiddetsizli\u011fin rol\u00fcne yak\u0131ndan bak\u0131yor. Siyasi bilimler, bar\u0131\u015f ara\u015ft\u0131rmalar\u0131 ve felsefe \u00f6\u011frencileri, aktivistler ve g\u00fcn\u00fcm\u00fcz siyasetiyle ilgili olan herkes, etkili fakat \u00e7ok az tart\u0131\u015f\u0131lan siyasi yakla\u015f\u0131mlardan biri olan \u015fiddetsizli\u011fi anlamak ad\u0131na bu kitab\u0131 paha bi\u00e7ilmez bulacakt\u0131r. <\/p>\n","protected":false},"excerpt":{"rendered":"<p>M\u0131s\u0131r\u2019daki Tahrir Meydan\u0131\u2019ndan New York\u2019taki Occupy\u2019a kadar d\u00fcnyan\u0131n d\u00f6rt bir yan\u0131nda \u015fiddetsiz (nonviolent) direni\u015flerle kar\u015f\u0131la\u015f\u0131yoruz. Ge\u00e7ti\u011fimiz y\u00fczy\u0131l\u0131 \u015fiddetli \u00e7at\u0131\u015fmalar ve sava\u015flarla dolu olarak g\u00f6rsek de, bu<span class=\"excerpt-hellip\"> [\u2026]<\/span><\/p>\n","protected":false},"featured_media":0,"template":"","meta":{"_monsterinsights_skip_tracking":false,"_monsterinsights_sitenote_active":false,"_monsterinsights_sitenote_note":"","_monsterinsights_sitenote_category":0},"product_brand":[],"product_cat":[13072,12291],"product_tag":[],"class_list":{"0":"post-705911","1":"product","2":"type-product","3":"status-publish","5":"product_cat-arastirma-inceleme-referans","6":"product_cat-edebiyat","7":"pa_cilt-ciltsiz","8":"pa_tur-kitap","9":"pa_yayinevi-ayrinti-yayinlari","10":"pa_yazar-todd-may","12":"first","13":"instock","14":"sale","15":"shipping-taxable","16":"purchasable","17":"product-type-simple"},"_links":{"self":[{"href":"https:\/\/roveyayinevi.com.tr\/index.php\/wp-json\/wp\/v2\/product\/705911","targetHints":{"allow":["GET"]}}],"collection":[{"href":"https:\/\/roveyayinevi.com.tr\/index.php\/wp-json\/wp\/v2\/product"}],"about":[{"href":"https:\/\/roveyayinevi.com.tr\/index.php\/wp-json\/wp\/v2\/types\/product"}],"wp:attachment":[{"href":"https:\/\/roveyayinevi.com.tr\/index.php\/wp-json\/wp\/v2\/media?parent=705911"}],"wp:term":[{"taxonomy":"product_brand","embeddable":true,"href":"https:\/\/roveyayinevi.com.tr\/index.php\/wp-json\/wp\/v2\/product_brand?post=705911"},{"taxonomy":"product_cat","embeddable":true,"href":"https:\/\/roveyayinevi.com.tr\/index.php\/wp-json\/wp\/v2\/product_cat?post=705911"},{"taxonomy":"product_tag","embeddable":true,"href":"https:\/\/roveyayinevi.com.tr\/index.php\/wp-json\/wp\/v2\/product_tag?post=705911"}],"curies":[{"name":"wp","href":"https:\/\/api.w.org\/{rel}","templated":true}]}}