{"id":705902,"date":"2025-08-27T15:50:41","date_gmt":"2025-08-27T12:50:41","guid":{"rendered":"https:\/\/roveyayinevi.com.tr\/index.php\/urun\/can-ile-canan-kardesimizi-seviyoruz\/"},"modified":"2026-04-12T02:17:26","modified_gmt":"2026-04-11T23:17:26","slug":"can-ile-canan-kardesimizi-seviyoruz","status":"publish","type":"product","link":"https:\/\/roveyayinevi.com.tr\/index.php\/urun\/can-ile-canan-kardesimizi-seviyoruz\/","title":{"rendered":"Can ile Canan &#8211; Karde\u015fimizi Seviyoruz"},"content":{"rendered":"<p>Can ile Canan sevgi dolu ikiz karde\u015fler. Bir g\u00fcn babalar\u0131 onlara b\u00fcy\u00fck dedelerinden kalan baz\u0131 e\u015fyalar\u0131 hediye eder. O e\u015fyalar\u0131n aras\u0131nda \u00e7ok g\u00fczel bir defter de vard\u0131r. Can ile Canan, defterde dedelerinin an\u0131lar\u0131n\u0131 bulmay\u0131 beklerler ama defter bo\u015ftur. \u201c\u00d6yleyse biz an\u0131lar\u0131m\u0131z\u0131 yazal\u0131m,\u201d diye defteri ellerine al\u0131rlar ki bir anda, ba\u015fka yer ve zamana do\u011fru hi\u00e7 beklemedikleri bir yolculu\u011fa \u00e7\u0131karlar. Defter, her yolculukta sevgiye dair yepyeni g\u00fczelliklere rehberlik eder. K\u00fc\u00e7\u00fck karde\u015fleri merakl\u0131 ve sevimli Handan da hayatlar\u0131na ne\u015fe katmaktad\u0131r. \ufffcTan\u0131t\u0131m Metni<\/p>\n","protected":false},"excerpt":{"rendered":"<p>Can ile Canan sevgi dolu ikiz karde\u015fler. Bir g\u00fcn babalar\u0131 onlara b\u00fcy\u00fck dedelerinden kalan baz\u0131 e\u015fyalar\u0131 hediye eder. O e\u015fyalar\u0131n aras\u0131nda \u00e7ok g\u00fczel bir defter de<span class=\"excerpt-hellip\"> [\u2026]<\/span><\/p>\n","protected":false},"featured_media":0,"template":"","meta":{"_monsterinsights_skip_tracking":false,"_monsterinsights_sitenote_active":false,"_monsterinsights_sitenote_note":"","_monsterinsights_sitenote_category":0},"product_brand":[],"product_cat":[12274,12284],"product_tag":[],"class_list":{"0":"post-705902","1":"product","2":"type-product","3":"status-publish","5":"product_cat-cocuk-ve-genclik-kitaplari","6":"product_cat-hikayeler","7":"pa_cilt-ciltsiz","8":"pa_tur-kitap","9":"pa_yayinevi-timas-cocuk","10":"pa_yazar-nefise-atcakarlar","12":"first","13":"instock","14":"sale","15":"shipping-taxable","16":"purchasable","17":"product-type-simple"},"_links":{"self":[{"href":"https:\/\/roveyayinevi.com.tr\/index.php\/wp-json\/wp\/v2\/product\/705902","targetHints":{"allow":["GET"]}}],"collection":[{"href":"https:\/\/roveyayinevi.com.tr\/index.php\/wp-json\/wp\/v2\/product"}],"about":[{"href":"https:\/\/roveyayinevi.com.tr\/index.php\/wp-json\/wp\/v2\/types\/product"}],"wp:attachment":[{"href":"https:\/\/roveyayinevi.com.tr\/index.php\/wp-json\/wp\/v2\/media?parent=705902"}],"wp:term":[{"taxonomy":"product_brand","embeddable":true,"href":"https:\/\/roveyayinevi.com.tr\/index.php\/wp-json\/wp\/v2\/product_brand?post=705902"},{"taxonomy":"product_cat","embeddable":true,"href":"https:\/\/roveyayinevi.com.tr\/index.php\/wp-json\/wp\/v2\/product_cat?post=705902"},{"taxonomy":"product_tag","embeddable":true,"href":"https:\/\/roveyayinevi.com.tr\/index.php\/wp-json\/wp\/v2\/product_tag?post=705902"}],"curies":[{"name":"wp","href":"https:\/\/api.w.org\/{rel}","templated":true}]}}