{"id":705901,"date":"2025-08-27T15:50:41","date_gmt":"2025-08-27T12:50:41","guid":{"rendered":"https:\/\/roveyayinevi.com.tr\/index.php\/urun\/dogum-gunu-armagani-2\/"},"modified":"2026-04-16T02:14:32","modified_gmt":"2026-04-15T23:14:32","slug":"dogum-gunu-armagani-2","status":"publish","type":"product","link":"https:\/\/roveyayinevi.com.tr\/index.php\/urun\/dogum-gunu-armagani-2\/","title":{"rendered":"Do\u011fum G\u00fcn\u00fc Arma\u011fan\u0131"},"content":{"rendered":"<p>Serap Deliorman\u2019\u0131n \u00e7izdi\u011fi e\u015fsiz resimlerle zenginle\u015fen Erol Bu\u0308yu\u0308kmeri\u00e7\u2019in Do\u011fum Gu\u0308nu\u0308 Arma\u011fan\u0131 \u00f6yku\u0308su\u0308nde,engellilik gibi duyarl\u0131 ve zor bir konu ele al\u0131n\u0131yor. \u00c7ocuk edebiyat\u0131m\u0131zda engellilik konusunu duygu s\u00f6mu\u0308ru\u0308su\u0308 yapmadan b\u00f6ylesine ince ve duyarl\u0131 i\u015fleyebilen bir yazar\u0131m\u0131z\u0131n ve \u00e7izerimizin olmas\u0131 sizi epey \u015fa\u015f\u0131rtacak. <\/p>\n","protected":false},"excerpt":{"rendered":"<p>Serap Deliorman\u2019\u0131n \u00e7izdi\u011fi e\u015fsiz resimlerle zenginle\u015fen Erol Bu\u0308yu\u0308kmeri\u00e7\u2019in Do\u011fum Gu\u0308nu\u0308 Arma\u011fan\u0131 \u00f6yku\u0308su\u0308nde,engellilik gibi duyarl\u0131 ve zor bir konu ele al\u0131n\u0131yor. \u00c7ocuk edebiyat\u0131m\u0131zda engellilik konusunu duygu s\u00f6mu\u0308ru\u0308su\u0308<span class=\"excerpt-hellip\"> [\u2026]<\/span><\/p>\n","protected":false},"featured_media":0,"template":"","meta":{"_monsterinsights_skip_tracking":false,"_monsterinsights_sitenote_active":false,"_monsterinsights_sitenote_note":"","_monsterinsights_sitenote_category":0},"product_brand":[],"product_cat":[12274,12284],"product_tag":[],"class_list":{"0":"post-705901","1":"product","2":"type-product","3":"status-publish","5":"product_cat-cocuk-ve-genclik-kitaplari","6":"product_cat-hikayeler","7":"pa_tur-kitap","8":"pa_yayinevi-dusizi","9":"pa_yazar-erol-buyukmeric","11":"first","12":"instock","13":"sale","14":"shipping-taxable","15":"purchasable","16":"product-type-simple"},"_links":{"self":[{"href":"https:\/\/roveyayinevi.com.tr\/index.php\/wp-json\/wp\/v2\/product\/705901","targetHints":{"allow":["GET"]}}],"collection":[{"href":"https:\/\/roveyayinevi.com.tr\/index.php\/wp-json\/wp\/v2\/product"}],"about":[{"href":"https:\/\/roveyayinevi.com.tr\/index.php\/wp-json\/wp\/v2\/types\/product"}],"wp:attachment":[{"href":"https:\/\/roveyayinevi.com.tr\/index.php\/wp-json\/wp\/v2\/media?parent=705901"}],"wp:term":[{"taxonomy":"product_brand","embeddable":true,"href":"https:\/\/roveyayinevi.com.tr\/index.php\/wp-json\/wp\/v2\/product_brand?post=705901"},{"taxonomy":"product_cat","embeddable":true,"href":"https:\/\/roveyayinevi.com.tr\/index.php\/wp-json\/wp\/v2\/product_cat?post=705901"},{"taxonomy":"product_tag","embeddable":true,"href":"https:\/\/roveyayinevi.com.tr\/index.php\/wp-json\/wp\/v2\/product_tag?post=705901"}],"curies":[{"name":"wp","href":"https:\/\/api.w.org\/{rel}","templated":true}]}}