{"id":705893,"date":"2025-08-27T15:50:38","date_gmt":"2025-08-27T12:50:38","guid":{"rendered":"https:\/\/roveyayinevi.com.tr\/index.php\/urun\/kesisin-torunlari-dersimli-ermeniler-birinci-kitap\/"},"modified":"2026-04-16T02:14:32","modified_gmt":"2026-04-15T23:14:32","slug":"kesisin-torunlari-dersimli-ermeniler-birinci-kitap","status":"publish","type":"product","link":"https:\/\/roveyayinevi.com.tr\/index.php\/urun\/kesisin-torunlari-dersimli-ermeniler-birinci-kitap\/","title":{"rendered":"Ke\u015fi\u015f&#8217;in Torunlar\u0131 Dersimli Ermeniler (Birinci Kitap)"},"content":{"rendered":"<p>Bu kitapta, gerek 1895 K\u0131r\u0131m\u2019\u0131, gerekse de 1915 Soyk\u0131r\u0131m\u0131\u2019nda Dersim\u2019de hem m\u00fclkiyetin el de\u011fi\u015ftirmesi hem de dilinden, dininden ve ya\u015fad\u0131klar\u0131 topraklardan s\u00fcrg\u00fcn edilen Ermeni halk\u0131n\u0131n giderek k\u00fclt\u00fcrel b\u00fct\u00fcnl\u00fc\u011f\u00fcn\u00fc yitiri\u015finin izleri takip ediliyor. <\/p>\n","protected":false},"excerpt":{"rendered":"<p>Bu kitapta, gerek 1895 K\u0131r\u0131m\u2019\u0131, gerekse de 1915 Soyk\u0131r\u0131m\u0131\u2019nda Dersim\u2019de hem m\u00fclkiyetin el de\u011fi\u015ftirmesi hem de dilinden, dininden ve ya\u015fad\u0131klar\u0131 topraklardan s\u00fcrg\u00fcn edilen Ermeni halk\u0131n\u0131n giderek<span class=\"excerpt-hellip\"> [\u2026]<\/span><\/p>\n","protected":false},"featured_media":0,"template":"","meta":{"_monsterinsights_skip_tracking":false,"_monsterinsights_sitenote_active":false,"_monsterinsights_sitenote_note":"","_monsterinsights_sitenote_category":0},"product_brand":[],"product_cat":[13590,12337],"product_tag":[],"class_list":{"0":"post-705893","1":"product","2":"type-product","3":"status-publish","5":"product_cat-arastirma-inceleme-politika-siyaset","6":"product_cat-politika-siyaset","7":"pa_cilt-ciltsiz","8":"pa_tur-kitap","9":"pa_yayinevi-ayrinti-yayinlari","10":"pa_yazar-kazim-gundogan","12":"first","13":"instock","14":"sale","15":"shipping-taxable","16":"purchasable","17":"product-type-simple"},"_links":{"self":[{"href":"https:\/\/roveyayinevi.com.tr\/index.php\/wp-json\/wp\/v2\/product\/705893","targetHints":{"allow":["GET"]}}],"collection":[{"href":"https:\/\/roveyayinevi.com.tr\/index.php\/wp-json\/wp\/v2\/product"}],"about":[{"href":"https:\/\/roveyayinevi.com.tr\/index.php\/wp-json\/wp\/v2\/types\/product"}],"wp:attachment":[{"href":"https:\/\/roveyayinevi.com.tr\/index.php\/wp-json\/wp\/v2\/media?parent=705893"}],"wp:term":[{"taxonomy":"product_brand","embeddable":true,"href":"https:\/\/roveyayinevi.com.tr\/index.php\/wp-json\/wp\/v2\/product_brand?post=705893"},{"taxonomy":"product_cat","embeddable":true,"href":"https:\/\/roveyayinevi.com.tr\/index.php\/wp-json\/wp\/v2\/product_cat?post=705893"},{"taxonomy":"product_tag","embeddable":true,"href":"https:\/\/roveyayinevi.com.tr\/index.php\/wp-json\/wp\/v2\/product_tag?post=705893"}],"curies":[{"name":"wp","href":"https:\/\/api.w.org\/{rel}","templated":true}]}}