{"id":705890,"date":"2025-08-27T15:50:37","date_gmt":"2025-08-27T12:50:37","guid":{"rendered":"https:\/\/roveyayinevi.com.tr\/index.php\/urun\/fazilet-ve-asalet\/"},"modified":"2026-04-16T02:14:32","modified_gmt":"2026-04-15T23:14:32","slug":"fazilet-ve-asalet","status":"publish","type":"product","link":"https:\/\/roveyayinevi.com.tr\/index.php\/urun\/fazilet-ve-asalet\/","title":{"rendered":"Fazilet ve Asalet"},"content":{"rendered":"<p>Mehmed Emin Yurdakul&#8217;un Fazilet ve Asalet, T\u00fcrk&#8217;\u00fcn Hukuku, Halk H\u00fck\u00fcmeti ve Halk\u00e7\u0131l\u0131k, Kral George&#8217;a ve Dante&#8217;ye adl\u0131 mensur eserlerini bir araya getiren bu \u00e7al\u0131\u015fma ile g\u00fcn\u00fcm\u00fcz okuruna milli edebiyat ak\u0131m\u0131n\u0131n \u00f6nc\u00fc isimlerinden Yurdukul&#8217;un, \u015fairli\u011fi d\u0131\u015f\u0131nda yazar kimli\u011fiyle tan\u0131t\u0131lmas\u0131 ama\u00e7lanm\u0131\u015ft\u0131r. T\u00fcrk milleti i\u00e7in bir ink\u0131raz devri olan 19. y\u00fczy\u0131l\u0131n sonu ve 20. y\u00fczy\u0131l\u0131n ilk \u00e7eyre\u011finde ya\u015fanan ac\u0131lar ve aldan\u0131\u015flar yazar\u0131n eserlerinde de yer bulur. Kimi zaman \u015fairane bir \u00fcslupla dile getirilen elemler yer yer de tok bir eda ile muhatab\u0131n\u0131n y\u00fcz\u00fcne \u00e7arpan itirazlar ile mezc olur. T\u00fcrkl\u00fck kavram\u0131 bir asabiyet vas\u0131tas\u0131 de\u011fil T\u00fcrk&#8217;\u00fcn seciyesine muvaf\u0131k bir mesuliyet bilinci ile eserlerde i\u015flenir. Hukuku gasp edilmeye \u00e7al\u0131\u015f\u0131lan, t\u00fcrl\u00fc zul\u00fcmlere maruz kalan T\u00fcrk, medeni d\u00fcnya kar\u015f\u0131s\u0131nda faz\u0131lane bir tav\u0131rla hakk\u0131n\u0131 aramaktad\u0131r. Bu \u00e7al\u0131\u015fmam\u0131z\u0131n k\u00fclt\u00fcr ve edebiyat tarihimize katk\u0131da bulunmas\u0131n\u0131 temenni ederken son s\u00f6z\u00fc de Yurdakul&#8217;dan dinlemek isteriz. <\/p>\n","protected":false},"excerpt":{"rendered":"<p>Mehmed Emin Yurdakul&#8217;un Fazilet ve Asalet, T\u00fcrk&#8217;\u00fcn Hukuku, Halk H\u00fck\u00fcmeti ve Halk\u00e7\u0131l\u0131k, Kral George&#8217;a ve Dante&#8217;ye adl\u0131 mensur eserlerini bir araya getiren bu \u00e7al\u0131\u015fma ile g\u00fcn\u00fcm\u00fcz<span class=\"excerpt-hellip\"> [\u2026]<\/span><\/p>\n","protected":false},"featured_media":0,"template":"","meta":{"_monsterinsights_skip_tracking":false,"_monsterinsights_sitenote_active":false,"_monsterinsights_sitenote_note":"","_monsterinsights_sitenote_category":0},"product_brand":[],"product_cat":[12777,12291],"product_tag":[],"class_list":{"0":"post-705890","1":"product","2":"type-product","3":"status-publish","5":"product_cat-deneme","6":"product_cat-edebiyat","7":"pa_tur-kitap","8":"pa_yayinevi-bilge-kultur-sanat","9":"pa_yazar-mehmed-emin-yurdakul","11":"first","12":"instock","13":"sale","14":"shipping-taxable","15":"purchasable","16":"product-type-simple"},"_links":{"self":[{"href":"https:\/\/roveyayinevi.com.tr\/index.php\/wp-json\/wp\/v2\/product\/705890","targetHints":{"allow":["GET"]}}],"collection":[{"href":"https:\/\/roveyayinevi.com.tr\/index.php\/wp-json\/wp\/v2\/product"}],"about":[{"href":"https:\/\/roveyayinevi.com.tr\/index.php\/wp-json\/wp\/v2\/types\/product"}],"wp:attachment":[{"href":"https:\/\/roveyayinevi.com.tr\/index.php\/wp-json\/wp\/v2\/media?parent=705890"}],"wp:term":[{"taxonomy":"product_brand","embeddable":true,"href":"https:\/\/roveyayinevi.com.tr\/index.php\/wp-json\/wp\/v2\/product_brand?post=705890"},{"taxonomy":"product_cat","embeddable":true,"href":"https:\/\/roveyayinevi.com.tr\/index.php\/wp-json\/wp\/v2\/product_cat?post=705890"},{"taxonomy":"product_tag","embeddable":true,"href":"https:\/\/roveyayinevi.com.tr\/index.php\/wp-json\/wp\/v2\/product_tag?post=705890"}],"curies":[{"name":"wp","href":"https:\/\/api.w.org\/{rel}","templated":true}]}}