{"id":705884,"date":"2025-08-27T15:50:34","date_gmt":"2025-08-27T12:50:34","guid":{"rendered":"https:\/\/roveyayinevi.com.tr\/index.php\/urun\/aile-hayatina-saygi-hakki\/"},"modified":"2026-04-16T02:14:32","modified_gmt":"2026-04-15T23:14:32","slug":"aile-hayatina-saygi-hakki","status":"publish","type":"product","link":"https:\/\/roveyayinevi.com.tr\/index.php\/urun\/aile-hayatina-saygi-hakki\/","title":{"rendered":"Aile Hayat\u0131na Sayg\u0131 Hakk\u0131"},"content":{"rendered":"<p>Avrupa \u0130nsan Haklar\u0131 S\u00f6zle\u015fmesi\u2019nin 8. maddesinde d\u00f6rt farkl\u0131 hukuksal de\u011ferden bahsedilmektedir. Bunlar; \u00f6zel hayat, aile hayat\u0131, konut ve haberle\u015fmedir. A\u0130HM de 8. madde ile ilgili incelemelerinde maddenin bu d\u00f6rt farkl\u0131 boyutunu; ayr\u0131 ayr\u0131 de\u011ferlendirmektedir. Dolay\u0131s\u0131yla bu \u00e7al\u0131\u015fma 8. maddenin yaln\u0131zca \u201caile hayat\u0131\u201d boyutuna ili\u015fkindir. Bu ba\u011flamda \u00f6ncelikle, Mahkemenin hangi ili\u015fki bi\u00e7imlerini \u201caile hayat\u0131\u201d olarak de\u011ferlendirdi\u011fi ortaya konmu\u015ftur. Mahkemeye g\u00f6re 8. madde anlam\u0131nda \u201caile hayat\u0131\u201d yaln\u0131zca resmi evliliklerle s\u0131n\u0131rl\u0131 de\u011fildir. Yak\u0131n ve ger\u00e7ek ili\u015fki ko\u015fulunun sa\u011flanmas\u0131 durumunda, evlilik d\u0131\u015f\u0131 de facto ili\u015fkiler de \u201caile hayat\u0131\u201d kapsam\u0131nda de\u011ferlendirilir. \u201cAile hayat\u0131\u201d kavram\u0131ndan sonra aile hayat\u0131na sayg\u0131 g\u00f6sterilmesi hakk\u0131 kapsam\u0131nda, \u201cbirlikte ya\u015fama hakk\u0131\u201d ve \u201cki\u015fisel ili\u015fki kurma hakk\u0131\u201d incelenmi\u015ftir. Birlikte ya\u015fama hakk\u0131 ile ilgili olarak, g\u00f6\u00e7menlerin sorunlar\u0131 \u00f6n plana \u00e7\u0131kmaktad\u0131r. Ya\u015fad\u0131\u011f\u0131 \u00fclkede yabanc\u0131 stat\u00fcs\u00fcnde olan g\u00f6\u00e7menlerin, aile hayat\u0131 kurmu\u015f olduklar\u0131 \u00fclkeden s\u0131n\u0131r d\u0131\u015f\u0131 edilmeleri ya da aile hayat\u0131 kurmu\u015f olduklar\u0131 \u00fclkeye kabul edilmemeleri durumunda 8. maddenin ihlali g\u00fcndeme gelmektedir. Ki\u015fisel ili\u015fki kurma hakk\u0131, ise birlikte ya\u015fam\u0131n m\u00fcmk\u00fcn olmad\u0131\u011f\u0131 durumlarda ortaya \u00e7\u0131kmaktad\u0131r. Devlet korumas\u0131 alt\u0131na al\u0131nan \u00e7ocukla ili\u015fkiler, bo\u015fanma sonras\u0131 \u00e7ocukla ili\u015fkiler, evlilik d\u0131\u015f\u0131nda do\u011fan \u00e7ocuk ile biyolojik baba aras\u0131ndaki ili\u015fkiler, tutuklu ve mahkumlar\u0131n aileleriyle g\u00f6r\u00fc\u015fme haklar\u0131, aile bireylerinin \u00f6l\u00fcm\u00fcnden sonra cesedin teslimi konular\u0131 ki\u015fisel ili\u015fki kurma hakk\u0131 kapsam\u0131nda ele al\u0131nm\u0131\u015ft\u0131r. T\u00fcm bunlar yap\u0131l\u0131rken, A\u0130HM taraf\u0131ndan geli\u015ftirilen ve birinci b\u00f6l\u00fcmde ifade edilen; takdir alan\u0131, pozitif y\u00fck\u00fcml\u00fcl\u00fckler, \u00f6zerk kavramlar doktrinleri ve evrimci yorum anlay\u0131\u015f\u0131 g\u00f6z \u00f6n\u00fcnde bulundurulmaya \u00e7al\u0131\u015f\u0131lm\u0131\u015ft\u0131r. Bunlara ek olarak, \u201c\u00e7ocu\u011fun y\u00fcksek menfaatleri ilkesi\u201dne de de\u011findik \u00e7\u00fcnk\u00fc aile hayat\u0131 ile ilgili davalarda Mahkeme bu ilkeye b\u00fcy\u00fck \u00f6nem vermi\u015ftir. <\/p>\n","protected":false},"excerpt":{"rendered":"<p>Avrupa \u0130nsan Haklar\u0131 S\u00f6zle\u015fmesi\u2019nin 8. maddesinde d\u00f6rt farkl\u0131 hukuksal de\u011ferden bahsedilmektedir. Bunlar; \u00f6zel hayat, aile hayat\u0131, konut ve haberle\u015fmedir. A\u0130HM de 8. madde ile ilgili incelemelerinde<span class=\"excerpt-hellip\"> [\u2026]<\/span><\/p>\n","protected":false},"featured_media":0,"template":"","meta":{"_monsterinsights_skip_tracking":false,"_monsterinsights_sitenote_active":false,"_monsterinsights_sitenote_note":"","_monsterinsights_sitenote_category":0},"product_brand":[],"product_cat":[15350,17602],"product_tag":[],"class_list":{"0":"post-705884","1":"product","2":"type-product","3":"status-publish","5":"product_cat-hukuk","6":"product_cat-hukuk-uzerine","7":"pa_cilt-ciltsiz","8":"pa_tur-kitap","9":"pa_yayinevi-liberte-yayinlari","10":"pa_yazar-abdulkadir-pekel","12":"first","13":"instock","14":"sale","15":"shipping-taxable","16":"purchasable","17":"product-type-simple"},"_links":{"self":[{"href":"https:\/\/roveyayinevi.com.tr\/index.php\/wp-json\/wp\/v2\/product\/705884","targetHints":{"allow":["GET"]}}],"collection":[{"href":"https:\/\/roveyayinevi.com.tr\/index.php\/wp-json\/wp\/v2\/product"}],"about":[{"href":"https:\/\/roveyayinevi.com.tr\/index.php\/wp-json\/wp\/v2\/types\/product"}],"wp:attachment":[{"href":"https:\/\/roveyayinevi.com.tr\/index.php\/wp-json\/wp\/v2\/media?parent=705884"}],"wp:term":[{"taxonomy":"product_brand","embeddable":true,"href":"https:\/\/roveyayinevi.com.tr\/index.php\/wp-json\/wp\/v2\/product_brand?post=705884"},{"taxonomy":"product_cat","embeddable":true,"href":"https:\/\/roveyayinevi.com.tr\/index.php\/wp-json\/wp\/v2\/product_cat?post=705884"},{"taxonomy":"product_tag","embeddable":true,"href":"https:\/\/roveyayinevi.com.tr\/index.php\/wp-json\/wp\/v2\/product_tag?post=705884"}],"curies":[{"name":"wp","href":"https:\/\/api.w.org\/{rel}","templated":true}]}}