{"id":705883,"date":"2025-08-27T15:50:34","date_gmt":"2025-08-27T12:50:34","guid":{"rendered":"https:\/\/roveyayinevi.com.tr\/index.php\/urun\/kahramanim-olur-musun\/"},"modified":"2026-04-16T02:14:32","modified_gmt":"2026-04-15T23:14:32","slug":"kahramanim-olur-musun","status":"publish","type":"product","link":"https:\/\/roveyayinevi.com.tr\/index.php\/urun\/kahramanim-olur-musun\/","title":{"rendered":"Kahraman\u0131m Olur Musun?"},"content":{"rendered":"<p>Harfler kelimeleri, kelimeler c\u00fcmleleri, c\u00fcmleler paragraflar\u0131, paragraflar hik\u00e2yeleri, hik\u00e2yeler hayatlar\u0131m\u0131z\u0131 olu\u015fturuyor. Her birimiz birer kahraman\u0131z asl\u0131nda. Farkl\u0131 hik\u00e2yelerin, farkl\u0131 kahramanlar\u0131&#8230; Ama i\u015fin \u00f6z\u00fcnde bir b\u00fct\u00fcn\u00fcn par\u00e7as\u0131&#8230; Ayn\u0131 yerden geldik, yine ayn\u0131 yere d\u00f6nece\u011fiz. Sonra bir g\u00fcn, bir yerde hayatlar\u0131m\u0131z kesi\u015fiyor ve tan\u0131\u015f\u0131yoruz. Bir \u00f6m\u00fcrl\u00fck misafir oluyoruz birbirimizin ya\u015famlar\u0131na. Hayat bazen bir g\u00fcvercinin aya\u011f\u0131na ba\u011flanm\u0131\u015f bir k\u00e2\u011f\u0131tta bazen de bir gen\u00e7 k\u0131z\u0131n anlatt\u0131\u011f\u0131 hik\u00e2yelerde sakl\u0131&#8230; \u015eimdi sen karar ver, hangisi ger\u00e7ek: Ya\u015fananlar m\u0131, yaz\u0131lanlar m\u0131? <\/p>\n","protected":false},"excerpt":{"rendered":"<p>Harfler kelimeleri, kelimeler c\u00fcmleleri, c\u00fcmleler paragraflar\u0131, paragraflar hik\u00e2yeleri, hik\u00e2yeler hayatlar\u0131m\u0131z\u0131 olu\u015fturuyor. Her birimiz birer kahraman\u0131z asl\u0131nda. Farkl\u0131 hik\u00e2yelerin, farkl\u0131 kahramanlar\u0131&#8230; Ama i\u015fin \u00f6z\u00fcnde bir b\u00fct\u00fcn\u00fcn par\u00e7as\u0131&#8230;<span class=\"excerpt-hellip\"> [\u2026]<\/span><\/p>\n","protected":false},"featured_media":0,"template":"","meta":{"_monsterinsights_skip_tracking":false,"_monsterinsights_sitenote_active":false,"_monsterinsights_sitenote_note":"","_monsterinsights_sitenote_category":0},"product_brand":[],"product_cat":[12291,12711],"product_tag":[],"class_list":{"0":"post-705883","1":"product","2":"type-product","3":"status-publish","5":"product_cat-edebiyat","6":"product_cat-roman-oyku","7":"pa_tur-kitap","8":"pa_yayinevi-carpe-diem-kitaplari","9":"pa_yazar-adem-donmez","11":"first","12":"instock","13":"sale","14":"shipping-taxable","15":"purchasable","16":"product-type-simple"},"_links":{"self":[{"href":"https:\/\/roveyayinevi.com.tr\/index.php\/wp-json\/wp\/v2\/product\/705883","targetHints":{"allow":["GET"]}}],"collection":[{"href":"https:\/\/roveyayinevi.com.tr\/index.php\/wp-json\/wp\/v2\/product"}],"about":[{"href":"https:\/\/roveyayinevi.com.tr\/index.php\/wp-json\/wp\/v2\/types\/product"}],"wp:attachment":[{"href":"https:\/\/roveyayinevi.com.tr\/index.php\/wp-json\/wp\/v2\/media?parent=705883"}],"wp:term":[{"taxonomy":"product_brand","embeddable":true,"href":"https:\/\/roveyayinevi.com.tr\/index.php\/wp-json\/wp\/v2\/product_brand?post=705883"},{"taxonomy":"product_cat","embeddable":true,"href":"https:\/\/roveyayinevi.com.tr\/index.php\/wp-json\/wp\/v2\/product_cat?post=705883"},{"taxonomy":"product_tag","embeddable":true,"href":"https:\/\/roveyayinevi.com.tr\/index.php\/wp-json\/wp\/v2\/product_tag?post=705883"}],"curies":[{"name":"wp","href":"https:\/\/api.w.org\/{rel}","templated":true}]}}