{"id":705882,"date":"2025-08-27T15:50:34","date_gmt":"2025-08-27T12:50:34","guid":{"rendered":"https:\/\/roveyayinevi.com.tr\/index.php\/urun\/bir-omrun-insanlari\/"},"modified":"2026-04-16T02:14:32","modified_gmt":"2026-04-15T23:14:32","slug":"bir-omrun-insanlari","status":"publish","type":"product","link":"https:\/\/roveyayinevi.com.tr\/index.php\/urun\/bir-omrun-insanlari\/","title":{"rendered":"Bir \u00d6mr\u00fcn \u0130nsanlar\u0131"},"content":{"rendered":"<p>\u201cBence bir hat\u0131rat insan\u0131n yaln\u0131zca yapt\u0131klar\u0131n\u0131 ve tecr\u00fcbelerini anlatmakla kalmamal\u0131, bir \u00f6m\u00fcr boyunca tan\u0131\u015ft\u0131\u011f\u0131 kimseler ve o kimselerin kimlik ve karakterleri, memleketleri hakk\u0131nda da bilgi vermelidir.\u201d \ufffcTan\u0131t\u0131m Metni<\/p>\n","protected":false},"excerpt":{"rendered":"<p>\u201cBence bir hat\u0131rat insan\u0131n yaln\u0131zca yapt\u0131klar\u0131n\u0131 ve tecr\u00fcbelerini anlatmakla kalmamal\u0131, bir \u00f6m\u00fcr boyunca tan\u0131\u015ft\u0131\u011f\u0131 kimseler ve o kimselerin kimlik ve karakterleri, memleketleri hakk\u0131nda da bilgi vermelidir.\u201d<span class=\"excerpt-hellip\"> [\u2026]<\/span><\/p>\n","protected":false},"featured_media":0,"template":"","meta":{"_monsterinsights_skip_tracking":false,"_monsterinsights_sitenote_active":false,"_monsterinsights_sitenote_note":"","_monsterinsights_sitenote_category":0},"product_brand":[],"product_cat":[12312,12304],"product_tag":[],"class_list":{"0":"post-705882","1":"product","2":"type-product","3":"status-publish","5":"product_cat-diger","6":"product_cat-tarih","7":"pa_cilt-ciltsiz","8":"pa_tur-kitap","9":"pa_yayinevi-timas-yayinlari","10":"pa_yazar-kemal-karpat","12":"first","13":"instock","14":"sale","15":"shipping-taxable","16":"purchasable","17":"product-type-simple"},"_links":{"self":[{"href":"https:\/\/roveyayinevi.com.tr\/index.php\/wp-json\/wp\/v2\/product\/705882","targetHints":{"allow":["GET"]}}],"collection":[{"href":"https:\/\/roveyayinevi.com.tr\/index.php\/wp-json\/wp\/v2\/product"}],"about":[{"href":"https:\/\/roveyayinevi.com.tr\/index.php\/wp-json\/wp\/v2\/types\/product"}],"wp:attachment":[{"href":"https:\/\/roveyayinevi.com.tr\/index.php\/wp-json\/wp\/v2\/media?parent=705882"}],"wp:term":[{"taxonomy":"product_brand","embeddable":true,"href":"https:\/\/roveyayinevi.com.tr\/index.php\/wp-json\/wp\/v2\/product_brand?post=705882"},{"taxonomy":"product_cat","embeddable":true,"href":"https:\/\/roveyayinevi.com.tr\/index.php\/wp-json\/wp\/v2\/product_cat?post=705882"},{"taxonomy":"product_tag","embeddable":true,"href":"https:\/\/roveyayinevi.com.tr\/index.php\/wp-json\/wp\/v2\/product_tag?post=705882"}],"curies":[{"name":"wp","href":"https:\/\/api.w.org\/{rel}","templated":true}]}}