{"id":705876,"date":"2025-08-27T15:50:31","date_gmt":"2025-08-27T12:50:31","guid":{"rendered":"https:\/\/roveyayinevi.com.tr\/index.php\/urun\/esmer-yakalilar-kent-sinif-kimlik-ve-kurt-emegi\/"},"modified":"2026-04-16T02:14:32","modified_gmt":"2026-04-15T23:14:32","slug":"esmer-yakalilar-kent-sinif-kimlik-ve-kurt-emegi","status":"publish","type":"product","link":"https:\/\/roveyayinevi.com.tr\/index.php\/urun\/esmer-yakalilar-kent-sinif-kimlik-ve-kurt-emegi\/","title":{"rendered":"Esmer Yakal\u0131lar: Kent, S\u0131n\u0131f, Kimlik ve K\u00fcrt Eme\u011fi"},"content":{"rendered":"<p>Ya\u015fad\u0131\u011f\u0131 b\u00fct\u00fcn olumsuzluklar\u0131n nedenini K\u00fcrt olmakla a\u00e7\u0131klayan, K\u00fcrt oldu\u011fu i\u00e7in yoksul, K\u00fcrt oldu\u011fu i\u00e7in \u00e7aresiz, K\u00fcrt oldu\u011fu i\u00e7in kimsesiz, K\u00fcrt oldu\u011fu i\u00e7in m\u00fclks\u00fcz, K\u00fcrt oldu\u011fu i\u00e7in i\u015fsiz, K\u00fcrt oldu\u011fu i\u00e7in yoksun, K\u00fcrt oldu\u011fu i\u00e7in ezilen, K\u00fcrt oldu\u011fu i\u00e7in e\u011fitimsiz, K\u00fcrt oldu\u011fu i\u00e7in i\u015fsiz, K\u00fcrt oldu\u011fu i\u00e7in s\u00fcrg\u00fcn, K\u00fcrt oldu\u011fu i\u00e7in yersiz- yurtsuz, K\u00fcrt oldu\u011fu i\u00e7in devletsiz, K\u00fcrt oldu\u011fu i\u00e7in her t\u00fcrl\u00fc haktan mahrum&#8230; oldu\u011funu hisseden kalabal\u0131klar, tam da bu nedenle enformel piyasa ili\u015fkilerine ve prekarizasyonun b\u00fct\u00fcn \u00e7eli\u015fkilerine mahkum edilmektedir. B\u00f6yle d\u00fc\u015f\u00fcnd\u00fckleri i\u00e7in de\u011fil, b\u00f6yle d\u00fc\u015f\u00fcnmelerine neden olan ve i\u00e7inde bulunduklar\u0131 maddi ko\u015fullar nedeniyle deneyimledikleri kimlik budur.\u201d \ufffcTan\u0131t\u0131m Metni<\/p>\n","protected":false},"excerpt":{"rendered":"<p>Ya\u015fad\u0131\u011f\u0131 b\u00fct\u00fcn olumsuzluklar\u0131n nedenini K\u00fcrt olmakla a\u00e7\u0131klayan, K\u00fcrt oldu\u011fu i\u00e7in yoksul, K\u00fcrt oldu\u011fu i\u00e7in \u00e7aresiz, K\u00fcrt oldu\u011fu i\u00e7in kimsesiz, K\u00fcrt oldu\u011fu i\u00e7in m\u00fclks\u00fcz, K\u00fcrt oldu\u011fu i\u00e7in<span class=\"excerpt-hellip\"> [\u2026]<\/span><\/p>\n","protected":false},"featured_media":0,"template":"","meta":{"_monsterinsights_skip_tracking":false,"_monsterinsights_sitenote_active":false,"_monsterinsights_sitenote_note":"","_monsterinsights_sitenote_category":0},"product_brand":[],"product_cat":[12312,12304],"product_tag":[],"class_list":{"0":"post-705876","1":"product","2":"type-product","3":"status-publish","5":"product_cat-diger","6":"product_cat-tarih","7":"pa_cilt-ciltsiz","8":"pa_tur-kitap","9":"pa_yayinevi-iletisim-yayinlari","10":"pa_yazar-polat-s-alpman","12":"first","13":"instock","14":"sale","15":"shipping-taxable","16":"purchasable","17":"product-type-simple"},"_links":{"self":[{"href":"https:\/\/roveyayinevi.com.tr\/index.php\/wp-json\/wp\/v2\/product\/705876","targetHints":{"allow":["GET"]}}],"collection":[{"href":"https:\/\/roveyayinevi.com.tr\/index.php\/wp-json\/wp\/v2\/product"}],"about":[{"href":"https:\/\/roveyayinevi.com.tr\/index.php\/wp-json\/wp\/v2\/types\/product"}],"wp:attachment":[{"href":"https:\/\/roveyayinevi.com.tr\/index.php\/wp-json\/wp\/v2\/media?parent=705876"}],"wp:term":[{"taxonomy":"product_brand","embeddable":true,"href":"https:\/\/roveyayinevi.com.tr\/index.php\/wp-json\/wp\/v2\/product_brand?post=705876"},{"taxonomy":"product_cat","embeddable":true,"href":"https:\/\/roveyayinevi.com.tr\/index.php\/wp-json\/wp\/v2\/product_cat?post=705876"},{"taxonomy":"product_tag","embeddable":true,"href":"https:\/\/roveyayinevi.com.tr\/index.php\/wp-json\/wp\/v2\/product_tag?post=705876"}],"curies":[{"name":"wp","href":"https:\/\/api.w.org\/{rel}","templated":true}]}}