{"id":705874,"date":"2025-08-27T15:50:31","date_gmt":"2025-08-27T12:50:31","guid":{"rendered":"https:\/\/roveyayinevi.com.tr\/index.php\/urun\/incir-uctu-degerler-egitimi-serisi-3\/"},"modified":"2026-04-16T02:14:31","modified_gmt":"2026-04-15T23:14:31","slug":"incir-uctu-degerler-egitimi-serisi-3","status":"publish","type":"product","link":"https:\/\/roveyayinevi.com.tr\/index.php\/urun\/incir-uctu-degerler-egitimi-serisi-3\/","title":{"rendered":"\u0130ncir U\u00e7tu De\u011ferler E\u011fitimi Serisi 3"},"content":{"rendered":"<p>\u0130ncir ku\u015fu, bir incir a\u011fac\u0131n\u0131n dal\u0131na \u00f6zenle yuva kurmu\u015f. Sonra incir ku\u015funun \u00fc\u00e7 tane yavrusu olmu\u015f, onlar\u0131 besleyip b\u00fcy\u00fctm\u00fc\u015f. Yavrular\u0131n u\u00e7ma zaman\u0131 geldi\u011finde iki tanesi hemen \u00f6\u011frenmi\u015f u\u00e7may\u0131, ama biri u\u00e7maktan korkuyormu\u015f.Peki, bu k\u00fc\u00e7\u00fck incir ku\u015fu u\u00e7may\u0131 nas\u0131l ba\u015farm\u0131\u015f?   K\u00fc\u00e7\u00fck okurlar\u0131m\u0131z\u0131n yak\u0131ndan tan\u0131d\u0131\u011f\u0131Koray Avc\u0131 \u00c7akman, De\u011ferler E\u011fitimi Serisi\u2019nin \u00fc\u00e7\u00fcnc\u00fc kitab\u0131nda \u00f6zg\u00fcvenli olmay\u0131\u00e7ok e\u011flenceli bir \u00f6yk\u00fcyle anlat\u0131yor.   Mehmet Akif Kaynar\u2019\u0131n ne\u015feli \u00e7izimleriyle&#8230; <\/p>\n","protected":false},"excerpt":{"rendered":"<p>\u0130ncir ku\u015fu, bir incir a\u011fac\u0131n\u0131n dal\u0131na \u00f6zenle yuva kurmu\u015f. Sonra incir ku\u015funun \u00fc\u00e7 tane yavrusu olmu\u015f, onlar\u0131 besleyip b\u00fcy\u00fctm\u00fc\u015f. Yavrular\u0131n u\u00e7ma zaman\u0131 geldi\u011finde iki tanesi hemen<span class=\"excerpt-hellip\"> [\u2026]<\/span><\/p>\n","protected":false},"featured_media":0,"template":"","meta":{"_monsterinsights_skip_tracking":false,"_monsterinsights_sitenote_active":false,"_monsterinsights_sitenote_note":"","_monsterinsights_sitenote_category":0},"product_brand":[],"product_cat":[12274,15842],"product_tag":[],"class_list":{"0":"post-705874","1":"product","2":"type-product","3":"status-publish","5":"product_cat-cocuk-ve-genclik-kitaplari","6":"product_cat-egitici-kitaplar","7":"pa_cilt-ciltsiz","8":"pa_tur-kitap","9":"pa_yayinevi-kirmizi-kedi-yayinevi","10":"pa_yazar-koray-avci-cakman","12":"first","13":"instock","14":"sale","15":"shipping-taxable","16":"purchasable","17":"product-type-simple"},"_links":{"self":[{"href":"https:\/\/roveyayinevi.com.tr\/index.php\/wp-json\/wp\/v2\/product\/705874","targetHints":{"allow":["GET"]}}],"collection":[{"href":"https:\/\/roveyayinevi.com.tr\/index.php\/wp-json\/wp\/v2\/product"}],"about":[{"href":"https:\/\/roveyayinevi.com.tr\/index.php\/wp-json\/wp\/v2\/types\/product"}],"wp:attachment":[{"href":"https:\/\/roveyayinevi.com.tr\/index.php\/wp-json\/wp\/v2\/media?parent=705874"}],"wp:term":[{"taxonomy":"product_brand","embeddable":true,"href":"https:\/\/roveyayinevi.com.tr\/index.php\/wp-json\/wp\/v2\/product_brand?post=705874"},{"taxonomy":"product_cat","embeddable":true,"href":"https:\/\/roveyayinevi.com.tr\/index.php\/wp-json\/wp\/v2\/product_cat?post=705874"},{"taxonomy":"product_tag","embeddable":true,"href":"https:\/\/roveyayinevi.com.tr\/index.php\/wp-json\/wp\/v2\/product_tag?post=705874"}],"curies":[{"name":"wp","href":"https:\/\/api.w.org\/{rel}","templated":true}]}}