{"id":705873,"date":"2025-08-27T15:50:30","date_gmt":"2025-08-27T12:50:30","guid":{"rendered":"https:\/\/roveyayinevi.com.tr\/index.php\/urun\/ittihadcilarin-rejim-ve-iktidar-mucedelesi-1908-1913\/"},"modified":"2026-04-16T02:14:31","modified_gmt":"2026-04-15T23:14:31","slug":"ittihadcilarin-rejim-ve-iktidar-mucedelesi-1908-1913","status":"publish","type":"product","link":"https:\/\/roveyayinevi.com.tr\/index.php\/urun\/ittihadcilarin-rejim-ve-iktidar-mucedelesi-1908-1913\/","title":{"rendered":"\u0130ttihadc\u0131lar\u0131n Rejim ve \u0130ktidar M\u00fccedelesi 1908-1913"},"content":{"rendered":"<p>\u201c1908 Devrimi\u2019yle birlikte bu pa\u015falar\u0131n al\u0131\u015ft\u0131\u011f\u0131 eski d\u00fcnya ve mutlakiyet\u00e7i d\u00fczen \u00e7\u00f6km\u00fc\u015f, ancak onun yerini alacak yeni d\u00fczen hemen kurulamam\u0131\u015ft\u0131r. (&#8230;) 1908 sonunda meclisin a\u00e7\u0131lmas\u0131 ile 1913\u2019\u00fcn ba\u015f\u0131nda \u0130ttihadc\u0131lar\u0131n me\u015fru olmayan bir h\u00fck\u00fbmetten yasad\u0131\u015f\u0131 y\u00f6ntemlerle iktidar\u0131 geri almalar\u0131 aras\u0131nda ge\u00e7en s\u00fcrenin siyasi tarihi, yeni olu\u015fturulmu\u015f bir meclise dayanan ve i\u015fleri buradan y\u00fcr\u00fctmeye \u00e7al\u0131\u015fan yeni rejim yanl\u0131lar\u0131 ile her ne pahas\u0131na olursa olsun eski d\u00fczeni yeniden kurmay\u0131 ama\u00e7layan monar\u015fist g\u00fc\u00e7ler aras\u0131ndaki bitmek bilmeyen m\u00fccadelenin tarihidir.\u201d \ufffcTan\u0131t\u0131m Metni<\/p>\n","protected":false},"excerpt":{"rendered":"<p>\u201c1908 Devrimi\u2019yle birlikte bu pa\u015falar\u0131n al\u0131\u015ft\u0131\u011f\u0131 eski d\u00fcnya ve mutlakiyet\u00e7i d\u00fczen \u00e7\u00f6km\u00fc\u015f, ancak onun yerini alacak yeni d\u00fczen hemen kurulamam\u0131\u015ft\u0131r. (&#8230;) 1908 sonunda meclisin a\u00e7\u0131lmas\u0131 ile<span class=\"excerpt-hellip\"> [\u2026]<\/span><\/p>\n","protected":false},"featured_media":0,"template":"","meta":{"_monsterinsights_skip_tracking":false,"_monsterinsights_sitenote_active":false,"_monsterinsights_sitenote_note":"","_monsterinsights_sitenote_category":0},"product_brand":[],"product_cat":[12312,12304],"product_tag":[],"class_list":{"0":"post-705873","1":"product","2":"type-product","3":"status-publish","5":"product_cat-diger","6":"product_cat-tarih","7":"pa_cilt-ciltsiz","8":"pa_tur-kitap","9":"pa_yayinevi-iletisim-yayinlari","10":"pa_yazar-aykut-kansu","12":"first","13":"instock","14":"sale","15":"shipping-taxable","16":"purchasable","17":"product-type-simple"},"_links":{"self":[{"href":"https:\/\/roveyayinevi.com.tr\/index.php\/wp-json\/wp\/v2\/product\/705873","targetHints":{"allow":["GET"]}}],"collection":[{"href":"https:\/\/roveyayinevi.com.tr\/index.php\/wp-json\/wp\/v2\/product"}],"about":[{"href":"https:\/\/roveyayinevi.com.tr\/index.php\/wp-json\/wp\/v2\/types\/product"}],"wp:attachment":[{"href":"https:\/\/roveyayinevi.com.tr\/index.php\/wp-json\/wp\/v2\/media?parent=705873"}],"wp:term":[{"taxonomy":"product_brand","embeddable":true,"href":"https:\/\/roveyayinevi.com.tr\/index.php\/wp-json\/wp\/v2\/product_brand?post=705873"},{"taxonomy":"product_cat","embeddable":true,"href":"https:\/\/roveyayinevi.com.tr\/index.php\/wp-json\/wp\/v2\/product_cat?post=705873"},{"taxonomy":"product_tag","embeddable":true,"href":"https:\/\/roveyayinevi.com.tr\/index.php\/wp-json\/wp\/v2\/product_tag?post=705873"}],"curies":[{"name":"wp","href":"https:\/\/api.w.org\/{rel}","templated":true}]}}