{"id":705872,"date":"2025-08-27T15:50:30","date_gmt":"2025-08-27T12:50:30","guid":{"rendered":"https:\/\/roveyayinevi.com.tr\/index.php\/urun\/karganin-eskici-dukkani-degerler-egitimi-serisi-4\/"},"modified":"2026-04-16T02:14:31","modified_gmt":"2026-04-15T23:14:31","slug":"karganin-eskici-dukkani-degerler-egitimi-serisi-4","status":"publish","type":"product","link":"https:\/\/roveyayinevi.com.tr\/index.php\/urun\/karganin-eskici-dukkani-degerler-egitimi-serisi-4\/","title":{"rendered":"Kargan\u0131n Eskici D\u00fckkan\u0131 De\u011ferler E\u011fitimi Serisi 4"},"content":{"rendered":"<p>Pamuk k\u00f6pek bir \u00e7iftlikte ya\u015farm\u0131\u015f, di\u011fer hayvanlara g\u00f6z kulak olur, \u00e7iftlik sahibine yard\u0131m edermi\u015f. Kazlar, \u00f6rdekler, tavuklar ve hindiler onu \u00e7ok sever, hep s\u00f6z\u00fcn\u00fc dinlermi\u015f. Ama bir g\u00fcn Pamuk\u2019un bembeyaz olan t\u00fcyleri kirlenmi\u015f, \u00e7iftlikteki hayvanlar onu tan\u0131yamay\u0131nca i\u015fler kar\u0131\u015fm\u0131\u015f. K\u00fc\u00e7\u00fck okurlar\u0131m\u0131z\u0131n yak\u0131ndan tan\u0131d\u0131\u011f\u0131 Koray Avc\u0131 \u00c7akman, De\u011ferler E\u011fitimi Serisi\u2019nin sekizinci kitab\u0131nda temiz olmay\u0131 \u00e7ok e\u011flenceli bir \u00f6yk\u00fcyle anlat\u0131yor.Mehmet Akif Kaynar\u2019\u0131n ne\u015feli \u00e7izimleriyle&#8230;<\/p>\n","protected":false},"excerpt":{"rendered":"<p>Pamuk k\u00f6pek bir \u00e7iftlikte ya\u015farm\u0131\u015f, di\u011fer hayvanlara g\u00f6z kulak olur, \u00e7iftlik sahibine yard\u0131m edermi\u015f. Kazlar, \u00f6rdekler, tavuklar ve hindiler onu \u00e7ok sever, hep s\u00f6z\u00fcn\u00fc dinlermi\u015f. Ama<span class=\"excerpt-hellip\"> [\u2026]<\/span><\/p>\n","protected":false},"featured_media":0,"template":"","meta":{"_monsterinsights_skip_tracking":false,"_monsterinsights_sitenote_active":false,"_monsterinsights_sitenote_note":"","_monsterinsights_sitenote_category":0},"product_brand":[],"product_cat":[12274,12518],"product_tag":[],"class_list":{"0":"post-705872","1":"product","2":"type-product","3":"status-publish","5":"product_cat-cocuk-ve-genclik-kitaplari","6":"product_cat-okul-oncesi-kitaplar","7":"pa_cilt-ciltsiz","8":"pa_tur-kitap","9":"pa_yayinevi-kirmizi-kedi-yayinevi","10":"pa_yazar-koray-avci-cakman","12":"first","13":"instock","14":"sale","15":"shipping-taxable","16":"purchasable","17":"product-type-simple"},"_links":{"self":[{"href":"https:\/\/roveyayinevi.com.tr\/index.php\/wp-json\/wp\/v2\/product\/705872","targetHints":{"allow":["GET"]}}],"collection":[{"href":"https:\/\/roveyayinevi.com.tr\/index.php\/wp-json\/wp\/v2\/product"}],"about":[{"href":"https:\/\/roveyayinevi.com.tr\/index.php\/wp-json\/wp\/v2\/types\/product"}],"wp:attachment":[{"href":"https:\/\/roveyayinevi.com.tr\/index.php\/wp-json\/wp\/v2\/media?parent=705872"}],"wp:term":[{"taxonomy":"product_brand","embeddable":true,"href":"https:\/\/roveyayinevi.com.tr\/index.php\/wp-json\/wp\/v2\/product_brand?post=705872"},{"taxonomy":"product_cat","embeddable":true,"href":"https:\/\/roveyayinevi.com.tr\/index.php\/wp-json\/wp\/v2\/product_cat?post=705872"},{"taxonomy":"product_tag","embeddable":true,"href":"https:\/\/roveyayinevi.com.tr\/index.php\/wp-json\/wp\/v2\/product_tag?post=705872"}],"curies":[{"name":"wp","href":"https:\/\/api.w.org\/{rel}","templated":true}]}}